{"id":128,"date":"2016-07-28T15:25:35","date_gmt":"2016-07-28T18:25:35","guid":{"rendered":"https:\/\/wp.ufpel.edu.br\/fisicabacharelado\/?page_id=128"},"modified":"2020-09-28T20:26:59","modified_gmt":"2020-09-28T23:26:59","slug":"correcao-de-matricula","status":"publish","type":"page","link":"https:\/\/wp.ufpel.edu.br\/fisicabacharelado\/correcao-de-matricula\/","title":{"rendered":"Corre\u00e7\u00e3o de matr\u00edcula &#8211; novo Calend\u00e1rio Acad\u00eamico remoto"},"content":{"rendered":"<p><span style=\"color: #000000\">\n<!-- iframe plugin v.6.0 wordpress.org\/plugins\/iframe\/ -->\n<iframe src=\"https:\/\/docs.google.com\/forms\/d\/e\/1FAIpQLSdRS1_bCUJRz553XcQYOiXr4icnktilnDh19n1ZavXcT73LcA\/viewform?embedded=true\" width=\"750\" height=\"2000\" frameborder=\"0\" marginheight=\"0\" marginwidth=\"0\" scrolling=\"auto\" class=\"iframe-class\"><\/iframe>\n<\/span><\/p>\n","protected":false},"excerpt":{"rendered":"","protected":false},"author":366,"featured_media":0,"parent":0,"menu_order":0,"comment_status":"closed","ping_status":"closed","template":"","meta":{"jetpack_post_was_ever_published":false,"footnotes":""},"class_list":["post-128","page","type-page","status-publish","hentry"],"jetpack_sharing_enabled":true,"_links":{"self":[{"href":"https:\/\/wp.ufpel.edu.br\/fisicabacharelado\/wp-json\/wp\/v2\/pages\/128","targetHints":{"allow":["GET"]}}],"collection":[{"href":"https:\/\/wp.ufpel.edu.br\/fisicabacharelado\/wp-json\/wp\/v2\/pages"}],"about":[{"href":"https:\/\/wp.ufpel.edu.br\/fisicabacharelado\/wp-json\/wp\/v2\/types\/page"}],"author":[{"embeddable":true,"href":"https:\/\/wp.ufpel.edu.br\/fisicabacharelado\/wp-json\/wp\/v2\/users\/366"}],"replies":[{"embeddable":true,"href":"https:\/\/wp.ufpel.edu.br\/fisicabacharelado\/wp-json\/wp\/v2\/comments?post=128"}],"version-history":[{"count":14,"href":"https:\/\/wp.ufpel.edu.br\/fisicabacharelado\/wp-json\/wp\/v2\/pages\/128\/revisions"}],"predecessor-version":[{"id":804,"href":"https:\/\/wp.ufpel.edu.br\/fisicabacharelado\/wp-json\/wp\/v2\/pages\/128\/revisions\/804"}],"wp:attachment":[{"href":"https:\/\/wp.ufpel.edu.br\/fisicabacharelado\/wp-json\/wp\/v2\/media?parent=128"}],"curies":[{"name":"wp","href":"https:\/\/api.w.org\/{rel}","templated":true}]}}