{"id":1171,"date":"2026-04-08T13:03:02","date_gmt":"2026-04-08T16:03:02","guid":{"rendered":"https:\/\/wp.ufpel.edu.br\/fisicabacharelado\/?page_id=1171"},"modified":"2026-04-09T13:27:17","modified_gmt":"2026-04-09T16:27:17","slug":"documentos-editaveis","status":"publish","type":"page","link":"https:\/\/wp.ufpel.edu.br\/fisicabacharelado\/documentos-editaveis\/","title":{"rendered":"DOCUMENTOS EDIT\u00c1VEIS"},"content":{"rendered":"<p style=\"text-align: center;\"><span style=\"font-family: georgia, palatino, serif;\"><strong>Formul\u00e1rios para solicita\u00e7\u00e3o de aberva\u00e7\u00e3o de carga hor\u00e1ria<\/strong><\/span><\/p>\n<p>&nbsp;<\/p>\n<p style=\"text-align: left;\"><span style=\"font-family: georgia, palatino, serif;\"><strong>Observa\u00e7\u00e3o:<\/strong> Os arquivos em formato ODT (Livre Office) est\u00e3o comprimidos (*.rar).<\/span><\/p>\n<p>&nbsp;<\/p>\n<p><span style=\"font-family: georgia, palatino, serif;\"><strong>1. Atividades de Extens\u00e3o:<\/strong><\/span><\/p>\n<p><span style=\"font-family: georgia, palatino, serif;\"><a href=\"https:\/\/wp.ufpel.edu.br\/fisicabacharelado\/files\/2026\/04\/Requerimento_AE.docx\">Requerimento_AE.docx<\/a><\/span><\/p>\n<p><span style=\"font-family: georgia, palatino, serif;\"><a href=\"https:\/\/wp.ufpel.edu.br\/fisicabacharelado\/files\/2026\/04\/Requerimento_AE.rar\">Requerimento_AE.odt<\/a><\/span><\/p>\n<p>&nbsp;<\/p>\n<p><span style=\"font-family: georgia, palatino, serif;\"><strong>2. Atividades Complementares e de Forma\u00e7\u00e3o Livre<\/strong>:<\/span><\/p>\n<p><span style=\"font-family: georgia, palatino, serif;\"><a href=\"https:\/\/wp.ufpel.edu.br\/fisicabacharelado\/files\/2026\/04\/Requerimento_AC_FL.docx\">Requerimento_AC_FL.docx<\/a><\/span><\/p>\n<p><span style=\"font-family: georgia, palatino, serif;\"><a href=\"https:\/\/wp.ufpel.edu.br\/fisicabacharelado\/files\/2026\/04\/Requerimento_AC_FL.rar\">Requerimento_AC_FL.odt<\/a><\/span><\/p>\n<p>&nbsp;<\/p>\n<p><span style=\"font-family: georgia, palatino, serif;\"><strong>3. Disciplinas Optativas Extracurriculares:<\/strong><\/span><\/p>\n<p><span style=\"font-family: georgia, palatino, serif;\"><a href=\"https:\/\/wp.ufpel.edu.br\/fisicabacharelado\/files\/2026\/04\/Requerimento_OPT.docx\">Requerimento_OPT.docx<\/a><\/span><\/p>\n<p><span style=\"font-family: georgia, palatino, serif;\"><a href=\"https:\/\/wp.ufpel.edu.br\/fisicabacharelado\/files\/2026\/04\/Requerimento_OPT.rar\">Requerimento_OPT.odt<\/a><\/span><\/p>\n","protected":false},"excerpt":{"rendered":"<p>Formul\u00e1rios para solicita\u00e7\u00e3o de aberva\u00e7\u00e3o de carga hor\u00e1ria &nbsp; Observa\u00e7\u00e3o: Os arquivos em formato ODT (Livre Office) est\u00e3o comprimidos (*.rar). &nbsp; 1. Atividades de Extens\u00e3o: Requerimento_AE.docx Requerimento_AE.odt &nbsp; 2. Atividades Complementares e de Forma\u00e7\u00e3o Livre: Requerimento_AC_FL.docx Requerimento_AC_FL.odt &nbsp; 3. Disciplinas Optativas Extracurriculares: Requerimento_OPT.docx Requerimento_OPT.odt<\/p>\n","protected":false},"author":1146,"featured_media":0,"parent":0,"menu_order":0,"comment_status":"closed","ping_status":"closed","template":"","meta":{"jetpack_post_was_ever_published":false,"footnotes":""},"class_list":["post-1171","page","type-page","status-publish","hentry"],"jetpack_sharing_enabled":true,"_links":{"self":[{"href":"https:\/\/wp.ufpel.edu.br\/fisicabacharelado\/wp-json\/wp\/v2\/pages\/1171","targetHints":{"allow":["GET"]}}],"collection":[{"href":"https:\/\/wp.ufpel.edu.br\/fisicabacharelado\/wp-json\/wp\/v2\/pages"}],"about":[{"href":"https:\/\/wp.ufpel.edu.br\/fisicabacharelado\/wp-json\/wp\/v2\/types\/page"}],"author":[{"embeddable":true,"href":"https:\/\/wp.ufpel.edu.br\/fisicabacharelado\/wp-json\/wp\/v2\/users\/1146"}],"replies":[{"embeddable":true,"href":"https:\/\/wp.ufpel.edu.br\/fisicabacharelado\/wp-json\/wp\/v2\/comments?post=1171"}],"version-history":[{"count":4,"href":"https:\/\/wp.ufpel.edu.br\/fisicabacharelado\/wp-json\/wp\/v2\/pages\/1171\/revisions"}],"predecessor-version":[{"id":1198,"href":"https:\/\/wp.ufpel.edu.br\/fisicabacharelado\/wp-json\/wp\/v2\/pages\/1171\/revisions\/1198"}],"wp:attachment":[{"href":"https:\/\/wp.ufpel.edu.br\/fisicabacharelado\/wp-json\/wp\/v2\/media?parent=1171"}],"curies":[{"name":"wp","href":"https:\/\/api.w.org\/{rel}","templated":true}]}}