{"id":11,"date":"2016-02-22T10:06:47","date_gmt":"2016-02-22T13:06:47","guid":{"rendered":"https:\/\/wp.ufpel.edu.br\/fisicabacharelado\/?page_id=11"},"modified":"2024-10-11T17:25:23","modified_gmt":"2024-10-11T20:25:23","slug":"contato","status":"publish","type":"page","link":"https:\/\/wp.ufpel.edu.br\/fisicabacharelado\/contato\/","title":{"rendered":"CONTATO"},"content":{"rendered":"<address><span style=\"font-family: arial, helvetica, sans-serif; font-size: 12pt; color: #000000;\">Telefone: (53) 3275-7375<\/span><\/address>\n<address><span style=\"font-family: arial, helvetica, sans-serif; font-size: 12pt; color: #000000;\">\u00a0<\/span><\/address>\n<address><span style=\"font-family: arial, helvetica, sans-serif; font-size: 12pt; color: #000000;\">E-mail: <span style=\"color: #0000ff;\">fisica.bacharelado@ufpel.edu.br<\/span><\/span><\/address>\n<address><span style=\"font-family: arial, helvetica, sans-serif; font-size: 12pt; color: #000000;\">\u00a0<\/span><\/address>\n<address><span style=\"font-family: arial, helvetica, sans-serif; font-size: 12pt; color: #000000;\">Localiza\u00e7\u00e3o: sala 301, pr\u00e9dio 05 \u2013 Campus Cap\u00e3o do Le\u00e3o (<span style=\"color: #0000ff;\"><a style=\"color: #0000ff;\" href=\"https:\/\/maps.app.goo.gl\/ijkUhrJ6UmeQubCZA\">Mapa<\/a><\/span>)<br \/>\n<\/span><\/address>\n<address>\u00a0<\/address>\n","protected":false},"excerpt":{"rendered":"<p>Telefone: (53) 3275-7375 \u00a0 E-mail: fisica.bacharelado@ufpel.edu.br \u00a0 Localiza\u00e7\u00e3o: sala 301, pr\u00e9dio 05 \u2013 Campus Cap\u00e3o do Le\u00e3o (Mapa) \u00a0<\/p>\n","protected":false},"author":366,"featured_media":0,"parent":0,"menu_order":0,"comment_status":"closed","ping_status":"closed","template":"","meta":{"jetpack_post_was_ever_published":false,"footnotes":""},"class_list":["post-11","page","type-page","status-publish","hentry"],"jetpack_sharing_enabled":true,"_links":{"self":[{"href":"https:\/\/wp.ufpel.edu.br\/fisicabacharelado\/wp-json\/wp\/v2\/pages\/11","targetHints":{"allow":["GET"]}}],"collection":[{"href":"https:\/\/wp.ufpel.edu.br\/fisicabacharelado\/wp-json\/wp\/v2\/pages"}],"about":[{"href":"https:\/\/wp.ufpel.edu.br\/fisicabacharelado\/wp-json\/wp\/v2\/types\/page"}],"author":[{"embeddable":true,"href":"https:\/\/wp.ufpel.edu.br\/fisicabacharelado\/wp-json\/wp\/v2\/users\/366"}],"replies":[{"embeddable":true,"href":"https:\/\/wp.ufpel.edu.br\/fisicabacharelado\/wp-json\/wp\/v2\/comments?post=11"}],"version-history":[{"count":10,"href":"https:\/\/wp.ufpel.edu.br\/fisicabacharelado\/wp-json\/wp\/v2\/pages\/11\/revisions"}],"predecessor-version":[{"id":880,"href":"https:\/\/wp.ufpel.edu.br\/fisicabacharelado\/wp-json\/wp\/v2\/pages\/11\/revisions\/880"}],"wp:attachment":[{"href":"https:\/\/wp.ufpel.edu.br\/fisicabacharelado\/wp-json\/wp\/v2\/media?parent=11"}],"curies":[{"name":"wp","href":"https:\/\/api.w.org\/{rel}","templated":true}]}}