{"id":1070,"date":"2025-05-21T11:22:01","date_gmt":"2025-05-21T14:22:01","guid":{"rendered":"https:\/\/wp.ufpel.edu.br\/fisicabacharelado\/?page_id=1070"},"modified":"2025-05-21T11:22:01","modified_gmt":"2025-05-21T14:22:01","slug":"modelo-latex-para-tcc","status":"publish","type":"page","link":"https:\/\/wp.ufpel.edu.br\/fisicabacharelado\/modelo-latex-para-tcc\/","title":{"rendered":"Modelo LaTeX para TCC"},"content":{"rendered":"<p>Modelo de TCC e Proposta de TCC, em vers\u00e3o LaTeX, em conformidade com as normas institucionais (<a href=\"https:\/\/wp.ufpel.edu.br\/sisbi\/manual-de-normas-ufpel-para-trabalhos-academicos-atualizada-2023\/\">atualiza\u00e7\u00e3o 2023<\/a>):<\/p>\n<ul>\n<li>Arquivo para baixar: <a href=\"https:\/\/wp.ufpel.edu.br\/fisicabacharelado\/files\/2025\/05\/TCC_fisufpel.zip\"><strong>TCC_fisufpel.zip<\/strong><\/a><\/li>\n<\/ul>\n","protected":false},"excerpt":{"rendered":"<p>Modelo de TCC e Proposta de TCC, em vers\u00e3o LaTeX, em conformidade com as normas institucionais (atualiza\u00e7\u00e3o 2023): Arquivo para baixar: TCC_fisufpel.zip<\/p>\n","protected":false},"author":1146,"featured_media":0,"parent":0,"menu_order":0,"comment_status":"closed","ping_status":"closed","template":"","meta":{"jetpack_post_was_ever_published":false,"footnotes":""},"class_list":["post-1070","page","type-page","status-publish","hentry"],"jetpack_sharing_enabled":true,"_links":{"self":[{"href":"https:\/\/wp.ufpel.edu.br\/fisicabacharelado\/wp-json\/wp\/v2\/pages\/1070","targetHints":{"allow":["GET"]}}],"collection":[{"href":"https:\/\/wp.ufpel.edu.br\/fisicabacharelado\/wp-json\/wp\/v2\/pages"}],"about":[{"href":"https:\/\/wp.ufpel.edu.br\/fisicabacharelado\/wp-json\/wp\/v2\/types\/page"}],"author":[{"embeddable":true,"href":"https:\/\/wp.ufpel.edu.br\/fisicabacharelado\/wp-json\/wp\/v2\/users\/1146"}],"replies":[{"embeddable":true,"href":"https:\/\/wp.ufpel.edu.br\/fisicabacharelado\/wp-json\/wp\/v2\/comments?post=1070"}],"version-history":[{"count":12,"href":"https:\/\/wp.ufpel.edu.br\/fisicabacharelado\/wp-json\/wp\/v2\/pages\/1070\/revisions"}],"predecessor-version":[{"id":1083,"href":"https:\/\/wp.ufpel.edu.br\/fisicabacharelado\/wp-json\/wp\/v2\/pages\/1070\/revisions\/1083"}],"wp:attachment":[{"href":"https:\/\/wp.ufpel.edu.br\/fisicabacharelado\/wp-json\/wp\/v2\/media?parent=1070"}],"curies":[{"name":"wp","href":"https:\/\/api.w.org\/{rel}","templated":true}]}}