{"id":95,"date":"2015-02-05T10:33:07","date_gmt":"2015-02-05T12:33:07","guid":{"rendered":"https:\/\/wp.ufpel.edu.br\/fisica-licenciatura\/?page_id=95"},"modified":"2024-03-08T16:27:52","modified_gmt":"2024-03-08T19:27:52","slug":"fluxograma","status":"publish","type":"page","link":"https:\/\/wp.ufpel.edu.br\/fisica-licenciatura\/fluxograma\/","title":{"rendered":"FLUXOGRAMA"},"content":{"rendered":"<p><span style=\"font-family: 'comic sans ms', sans-serif; font-size: 10pt;\">Nesta p\u00e1gina voc\u00ea pode encontrar o <span style=\"color: #ff0000;\"><strong>fluxograma<\/strong><\/span> das tr\u00eas \u00faltimas vers\u00f5es curriculares do Curso de Licenciatura em F\u00edsica da UFPel.<\/span><\/p>\n<ul>\n<li style=\"text-align: justify;\"><span style=\"font-family: 'comic sans ms', sans-serif; font-size: 10pt;\"><strong><a href=\"https:\/\/wp.ufpel.edu.br\/fisica-licenciatura\/files\/2024\/03\/fluxograma_v9.pdf\">Curr\u00edculo 9<\/a> <span style=\"color: #ff0000;\">(atual)<\/span>:<\/strong> discentes com ingresso a partir de 2023\/1. Discentes com ingresso anterior poder\u00e3o optar pela transi\u00e7\u00e3o para este curr\u00edculo.<\/span><\/li>\n<li><span style=\"font-family: 'comic sans ms', sans-serif; font-size: 10pt;\"><strong><a href=\"https:\/\/wp.ufpel.edu.br\/fisica-licenciatura\/files\/2024\/03\/fluxograma_v8.pdf\">Curr\u00edculo 8<\/a>:<\/strong> discentes com ingresso anterior a 2023\/1.<\/span><\/li>\n<li><span style=\"font-family: 'comic sans ms', sans-serif; font-size: 10pt;\"><strong><a href=\"https:\/\/wp.ufpel.edu.br\/fisica-licenciatura\/files\/2018\/03\/FLUXOGRAMA-COMPLETO-2017-2.pdf\">Curr\u00edculo 7<\/a>:<\/strong> n\u00e3o temos discentes nesta vers\u00e3o curricular.<\/span><\/li>\n<\/ul>\n<p>&nbsp;<\/p>\n","protected":false},"excerpt":{"rendered":"<p>Nesta p\u00e1gina voc\u00ea pode encontrar o fluxograma das tr\u00eas \u00faltimas vers\u00f5es curriculares do Curso de Licenciatura em F\u00edsica da UFPel. Curr\u00edculo 9 (atual): discentes com ingresso a partir de 2023\/1. Discentes com ingresso anterior poder\u00e3o optar pela transi\u00e7\u00e3o para este curr\u00edculo. Curr\u00edculo 8: discentes com ingresso anterior a 2023\/1. Curr\u00edculo 7: n\u00e3o temos discentes nesta [&hellip;]<\/p>\n","protected":false},"author":366,"featured_media":0,"parent":0,"menu_order":0,"comment_status":"closed","ping_status":"closed","template":"","meta":{"jetpack_post_was_ever_published":false,"footnotes":""},"class_list":["post-95","page","type-page","status-publish","hentry"],"jetpack_sharing_enabled":true,"jetpack_shortlink":"https:\/\/wp.me\/P6RZnX-1x","_links":{"self":[{"href":"https:\/\/wp.ufpel.edu.br\/fisica-licenciatura\/wp-json\/wp\/v2\/pages\/95","targetHints":{"allow":["GET"]}}],"collection":[{"href":"https:\/\/wp.ufpel.edu.br\/fisica-licenciatura\/wp-json\/wp\/v2\/pages"}],"about":[{"href":"https:\/\/wp.ufpel.edu.br\/fisica-licenciatura\/wp-json\/wp\/v2\/types\/page"}],"author":[{"embeddable":true,"href":"https:\/\/wp.ufpel.edu.br\/fisica-licenciatura\/wp-json\/wp\/v2\/users\/366"}],"replies":[{"embeddable":true,"href":"https:\/\/wp.ufpel.edu.br\/fisica-licenciatura\/wp-json\/wp\/v2\/comments?post=95"}],"version-history":[{"count":26,"href":"https:\/\/wp.ufpel.edu.br\/fisica-licenciatura\/wp-json\/wp\/v2\/pages\/95\/revisions"}],"predecessor-version":[{"id":2871,"href":"https:\/\/wp.ufpel.edu.br\/fisica-licenciatura\/wp-json\/wp\/v2\/pages\/95\/revisions\/2871"}],"wp:attachment":[{"href":"https:\/\/wp.ufpel.edu.br\/fisica-licenciatura\/wp-json\/wp\/v2\/media?parent=95"}],"curies":[{"name":"wp","href":"https:\/\/api.w.org\/{rel}","templated":true}]}}