{"id":61,"date":"2015-02-04T12:54:39","date_gmt":"2015-02-04T14:54:39","guid":{"rendered":"https:\/\/wp.ufpel.edu.br\/fisica-licenciatura\/?page_id=61"},"modified":"2024-03-07T11:20:42","modified_gmt":"2024-03-07T14:20:42","slug":"objetivos","status":"publish","type":"page","link":"https:\/\/wp.ufpel.edu.br\/fisica-licenciatura\/objetivos\/","title":{"rendered":"OBJETIVOS_OLD"},"content":{"rendered":"<h2><span style=\"font-family: arial, helvetica, sans-serif; font-size: 10pt; color: #000000;\"><strong>Geral<\/strong><\/span><\/h2>\n<p><span style=\"font-family: arial, helvetica, sans-serif; font-size: 10pt; color: #000000;\"><strong>\u00a0<\/strong><\/span><\/p>\n<p style=\"text-align: justify;\"><span style=\"font-family: arial, helvetica, sans-serif; font-size: 10pt; color: #000000;\">O Curso de Licenciatura em F\u00edsica da UFPel tem por objetivo formar Professores de F\u00edsica com conhecimentos, habilidades e atitudes inerentes a um profissional capacitado para atua\u00e7\u00e3o no Ensino M\u00e9dio, com capacidade de transforma\u00e7\u00e3o, atrav\u00e9s da a\u00e7\u00e3o pedag\u00f3gica baseada no m\u00e9todo cient\u00edfico e na an\u00e1lise cr\u00edtica da realidade.<\/span><\/p>\n<p>&nbsp;<\/p>\n<p><span style=\"font-family: arial, helvetica, sans-serif;\"><strong><span style=\"font-size: 10pt; color: #000000;\">Espec\u00edficos<\/span><\/strong><\/span><\/p>\n<p><span style=\"font-family: arial, helvetica, sans-serif; font-size: 10pt; color: #000000;\"><strong>\u00a0<\/strong><\/span><\/p>\n<ul>\n<li style=\"text-align: justify;\"><span style=\"font-family: arial, helvetica, sans-serif; font-size: 10pt; color: #000000;\">Oferecer um s\u00f3lido embasamento te\u00f3rico da \u00c1rea da F\u00edsica, envolvendo sua evolu\u00e7\u00e3o hist\u00f3rica e suas aplica\u00e7\u00f5es;<\/span><\/li>\n<li style=\"text-align: justify;\"><span style=\"font-family: arial, helvetica, sans-serif; font-size: 10pt; color: #000000;\">Promover a capacita\u00e7\u00e3o pedag\u00f3gica que permitir\u00e1 aos licenciados assumir a condu\u00e7\u00e3o do processo de ensino de forma adequada;<\/span><\/li>\n<li style=\"text-align: justify;\"><span style=\"font-family: arial, helvetica, sans-serif; font-size: 10pt; color: #000000;\">Desenvolver habilidades e compet\u00eancias inerentes \u00e0 pr\u00e1tica do Ensino de F\u00edsica;<\/span><\/li>\n<li style=\"text-align: justify;\"><span style=\"font-family: arial, helvetica, sans-serif; font-size: 10pt; color: #000000;\">Desenvolver o comprometimento do Ensino de F\u00edsica com o aprimoramento cultural que deve embasar o Ensino Fundamental e M\u00e9dio;<\/span><\/li>\n<li style=\"text-align: justify;\"><span style=\"font-family: arial, helvetica, sans-serif; font-size: 10pt; color: #000000;\">Capacitar o licenciado de acordo com os conhecimentos produzidos na \u00e1rea de pesquisa em Ensino de F\u00edsica, ou seja, os conhecimentos sobre novas abordagens, novas metodologias e novos conte\u00fados para o Ensino da F\u00edsica;<\/span><\/li>\n<li style=\"text-align: justify;\"><span style=\"font-family: arial, helvetica, sans-serif; font-size: 10pt; color: #000000;\">Contextualizar o curso de forma a manter o licenciado em contato com a realidade escolar, preparando-o para atuar nessa realidade;<\/span><\/li>\n<li style=\"text-align: justify;\"><span style=\"font-family: arial, helvetica, sans-serif; font-size: 10pt; color: #000000;\">Fornecer aos alunos a base para a forma\u00e7\u00e3o de futuros pesquisadores e professores universit\u00e1rios.<\/span><\/li>\n<\/ul>\n","protected":false},"excerpt":{"rendered":"<p>Geral \u00a0 O Curso de Licenciatura em F\u00edsica da UFPel tem por objetivo formar Professores de F\u00edsica com conhecimentos, habilidades e atitudes inerentes a um profissional capacitado para atua\u00e7\u00e3o no Ensino M\u00e9dio, com capacidade de transforma\u00e7\u00e3o, atrav\u00e9s da a\u00e7\u00e3o pedag\u00f3gica baseada no m\u00e9todo cient\u00edfico e na an\u00e1lise cr\u00edtica da realidade. &nbsp; Espec\u00edficos \u00a0 Oferecer um [&hellip;]<\/p>\n","protected":false},"author":366,"featured_media":0,"parent":0,"menu_order":0,"comment_status":"closed","ping_status":"closed","template":"","meta":{"jetpack_post_was_ever_published":false,"footnotes":""},"class_list":["post-61","page","type-page","status-publish","hentry"],"jetpack_sharing_enabled":true,"jetpack_shortlink":"https:\/\/wp.me\/P6RZnX-Z","_links":{"self":[{"href":"https:\/\/wp.ufpel.edu.br\/fisica-licenciatura\/wp-json\/wp\/v2\/pages\/61","targetHints":{"allow":["GET"]}}],"collection":[{"href":"https:\/\/wp.ufpel.edu.br\/fisica-licenciatura\/wp-json\/wp\/v2\/pages"}],"about":[{"href":"https:\/\/wp.ufpel.edu.br\/fisica-licenciatura\/wp-json\/wp\/v2\/types\/page"}],"author":[{"embeddable":true,"href":"https:\/\/wp.ufpel.edu.br\/fisica-licenciatura\/wp-json\/wp\/v2\/users\/366"}],"replies":[{"embeddable":true,"href":"https:\/\/wp.ufpel.edu.br\/fisica-licenciatura\/wp-json\/wp\/v2\/comments?post=61"}],"version-history":[{"count":5,"href":"https:\/\/wp.ufpel.edu.br\/fisica-licenciatura\/wp-json\/wp\/v2\/pages\/61\/revisions"}],"predecessor-version":[{"id":2789,"href":"https:\/\/wp.ufpel.edu.br\/fisica-licenciatura\/wp-json\/wp\/v2\/pages\/61\/revisions\/2789"}],"wp:attachment":[{"href":"https:\/\/wp.ufpel.edu.br\/fisica-licenciatura\/wp-json\/wp\/v2\/media?parent=61"}],"curies":[{"name":"wp","href":"https:\/\/api.w.org\/{rel}","templated":true}]}}