{"id":3514,"date":"2025-08-29T10:18:19","date_gmt":"2025-08-29T13:18:19","guid":{"rendered":"https:\/\/wp.ufpel.edu.br\/fisica-licenciatura\/?page_id=3514"},"modified":"2025-09-15T14:19:42","modified_gmt":"2025-09-15T17:19:42","slug":"informacoes-sobre-locais-de-aula-e-professores-para-o-semestre-2025-2","status":"publish","type":"page","link":"https:\/\/wp.ufpel.edu.br\/fisica-licenciatura\/informacoes-sobre-locais-de-aula-e-professores-para-o-semestre-2025-2\/","title":{"rendered":"Locais de Aula e Professores 2025\/2"},"content":{"rendered":"<p>Informamos que j\u00e1 est\u00e3o dispon\u00edveis os locais de aula e os professores respons\u00e1veis por diversas disciplinas deste semestre (2025\/2), compilados nas planilhas abaixo.<\/p>\n<p>&nbsp;<\/p>\n<p style=\"text-align: center;\"><b>DISCIPLINAS OFERTADAS PELO DEPARTAMENTO DE F\u00cdSICA &#8211; 2025\/2<\/b><b><\/b><\/p>\n<p><a href=\"https:\/\/wp.ufpel.edu.br\/fisica-licenciatura\/files\/2025\/09\/Captura-de-Tela-2025-09-09-as-10.31.11.png\"><img class=\"alignnone size-full wp-image-3550\" src=\"https:\/\/wp.ufpel.edu.br\/fisica-licenciatura\/files\/2025\/09\/Captura-de-Tela-2025-09-09-as-10.31.11.png\" alt=\"\" width=\"1968\" height=\"1222\" srcset=\"https:\/\/wp.ufpel.edu.br\/fisica-licenciatura\/files\/2025\/09\/Captura-de-Tela-2025-09-09-as-10.31.11.png 1968w, https:\/\/wp.ufpel.edu.br\/fisica-licenciatura\/files\/2025\/09\/Captura-de-Tela-2025-09-09-as-10.31.11-400x248.png 400w, https:\/\/wp.ufpel.edu.br\/fisica-licenciatura\/files\/2025\/09\/Captura-de-Tela-2025-09-09-as-10.31.11-1024x636.png 1024w, https:\/\/wp.ufpel.edu.br\/fisica-licenciatura\/files\/2025\/09\/Captura-de-Tela-2025-09-09-as-10.31.11-768x477.png 768w, https:\/\/wp.ufpel.edu.br\/fisica-licenciatura\/files\/2025\/09\/Captura-de-Tela-2025-09-09-as-10.31.11-1536x954.png 1536w\" sizes=\"(max-width: 1968px) 100vw, 1968px\" \/><\/a><\/p>\n<p style=\"text-align: center;\">Mudan\u00e7as eventuais podem ocorrer, a planilha original do Departamento de F\u00edsica pode ser <a href=\"https:\/\/wp.ufpel.edu.br\/depfis\/2025\/07\/16\/encargo-do-departamento-de-fisica-2025-2\/\">acessada atrav\u00e9s deste link<\/a>.<\/p>\n<p>&nbsp;<\/p>\n<p style=\"text-align: center;\"><b>DISCIPLINAS OFERTADAS PELO DEPARTAMENTO DE MATEM\u00c1TICA E ESTAT\u00cdSTICA &#8211; 2025\/2<\/b><b><\/b><\/p>\n<p><a href=\"https:\/\/wp.ufpel.edu.br\/fisica-licenciatura\/files\/2025\/09\/Captura-de-Tela-2025-09-09-as-10.31.21.png\"><img class=\"alignnone size-full wp-image-3551\" src=\"https:\/\/wp.ufpel.edu.br\/fisica-licenciatura\/files\/2025\/09\/Captura-de-Tela-2025-09-09-as-10.31.21.png\" alt=\"\" width=\"1968\" height=\"384\" srcset=\"https:\/\/wp.ufpel.edu.br\/fisica-licenciatura\/files\/2025\/09\/Captura-de-Tela-2025-09-09-as-10.31.21.png 1968w, https:\/\/wp.ufpel.edu.br\/fisica-licenciatura\/files\/2025\/09\/Captura-de-Tela-2025-09-09-as-10.31.21-400x78.png 400w, https:\/\/wp.ufpel.edu.br\/fisica-licenciatura\/files\/2025\/09\/Captura-de-Tela-2025-09-09-as-10.31.21-1024x200.png 1024w, https:\/\/wp.ufpel.edu.br\/fisica-licenciatura\/files\/2025\/09\/Captura-de-Tela-2025-09-09-as-10.31.21-768x150.png 768w, https:\/\/wp.ufpel.edu.br\/fisica-licenciatura\/files\/2025\/09\/Captura-de-Tela-2025-09-09-as-10.31.21-1536x300.png 1536w\" sizes=\"(max-width: 1968px) 100vw, 1968px\" \/><\/a><\/p>\n<p>&nbsp;<\/p>\n<p><b>DISCIPLINAS OFERTADAS PELO DEPARTAMENTO DE FUNDAMENTOS DA EDUCA\u00c7\u00c3O E PELO DEPARTAMENTO DE ENSINO\u00a0&#8211; 2025\/2<\/b><b><\/b><\/p>\n<ul>\n<li><a href=\"https:\/\/wp.ufpel.edu.br\/fae\/universais\/\">Clique aqui para verificar as disciplinas e locais de aula<\/a>;<\/li>\n<\/ul>\n<p>&nbsp;<\/p>\n<p>\u26a0\ufe0f <b>Aten\u00e7\u00e3o:<\/b> As planilhas est\u00e3o em constante atualiza\u00e7\u00e3o e podem sofrer altera\u00e7\u00f5es. Em caso de d\u00favidas, entre em contato com a secretaria do colegiado atrav\u00e9s do e-mail \u00a0<b>cclf@ufpel.edu.br<\/b> para que possamos averiguar junto ao departamento respons\u00e1vel.<\/p>\n","protected":false},"excerpt":{"rendered":"<p>Informamos que j\u00e1 est\u00e3o dispon\u00edveis os locais de aula e os professores respons\u00e1veis por diversas disciplinas deste semestre (2025\/2), compilados nas planilhas abaixo. &nbsp; DISCIPLINAS OFERTADAS PELO DEPARTAMENTO DE F\u00cdSICA &#8211; 2025\/2 Mudan\u00e7as eventuais podem ocorrer, a planilha original do Departamento de F\u00edsica pode ser acessada atrav\u00e9s deste link. &nbsp; DISCIPLINAS OFERTADAS PELO DEPARTAMENTO DE [&hellip;]<\/p>\n","protected":false},"author":1147,"featured_media":0,"parent":0,"menu_order":0,"comment_status":"closed","ping_status":"closed","template":"","meta":{"jetpack_post_was_ever_published":true,"footnotes":""},"class_list":["post-3514","page","type-page","status-publish","hentry"],"jetpack_sharing_enabled":true,"jetpack_shortlink":"https:\/\/wp.me\/P6RZnX-UG","_links":{"self":[{"href":"https:\/\/wp.ufpel.edu.br\/fisica-licenciatura\/wp-json\/wp\/v2\/pages\/3514","targetHints":{"allow":["GET"]}}],"collection":[{"href":"https:\/\/wp.ufpel.edu.br\/fisica-licenciatura\/wp-json\/wp\/v2\/pages"}],"about":[{"href":"https:\/\/wp.ufpel.edu.br\/fisica-licenciatura\/wp-json\/wp\/v2\/types\/page"}],"author":[{"embeddable":true,"href":"https:\/\/wp.ufpel.edu.br\/fisica-licenciatura\/wp-json\/wp\/v2\/users\/1147"}],"replies":[{"embeddable":true,"href":"https:\/\/wp.ufpel.edu.br\/fisica-licenciatura\/wp-json\/wp\/v2\/comments?post=3514"}],"version-history":[{"count":3,"href":"https:\/\/wp.ufpel.edu.br\/fisica-licenciatura\/wp-json\/wp\/v2\/pages\/3514\/revisions"}],"predecessor-version":[{"id":3553,"href":"https:\/\/wp.ufpel.edu.br\/fisica-licenciatura\/wp-json\/wp\/v2\/pages\/3514\/revisions\/3553"}],"wp:attachment":[{"href":"https:\/\/wp.ufpel.edu.br\/fisica-licenciatura\/wp-json\/wp\/v2\/media?parent=3514"}],"curies":[{"name":"wp","href":"https:\/\/api.w.org\/{rel}","templated":true}]}}