{"id":3507,"date":"2025-08-29T10:18:16","date_gmt":"2025-08-29T13:18:16","guid":{"rendered":"https:\/\/wp.ufpel.edu.br\/fisica-licenciatura\/?page_id=3507"},"modified":"2025-09-09T10:24:00","modified_gmt":"2025-09-09T13:24:00","slug":"horarios-2025-2","status":"publish","type":"page","link":"https:\/\/wp.ufpel.edu.br\/fisica-licenciatura\/horarios-2025-2\/","title":{"rendered":"Hor\u00e1rios 2025\/2"},"content":{"rendered":"<p>Prezados(as) discentes, com o objetivo de auxiliar na organiza\u00e7\u00e3o de seus hor\u00e1rios acad\u00eamicos, estamos disponibilizando o arquivo com a grade de disciplinas que ser\u00e3o ofertadas no semestre 2025\/2.<\/p>\n<iframe src=\"\/\/docs.google.com\/viewer?url=https%3A%2F%2Fwp.ufpel.edu.br%2Ffisica-licenciatura%2Ffiles%2F2025%2F09%2FHorarios-2025-2-C-Locais-de-aula.pdf&hl=pt_BR&embedded=true\" class=\"gde-frame\" style=\"width:100%; height:500px; border: none;\" scrolling=\"no\"><\/iframe>\n<p class=\"gde-text\"><a href=\"https:\/\/wp.ufpel.edu.br\/fisica-licenciatura\/files\/2025\/09\/Horarios-2025-2-C-Locais-de-aula.pdf\" class=\"gde-link\">Download (PDF, 745KB)<\/a><\/p>\n<p>Desejamos a todos(as) um excelente semestre!<\/p>\n<div id=\"accel-snackbar\" style=\"left: 50%; transform: translate(-50%, 0px); top: 50px;\"><\/div>\n","protected":false},"excerpt":{"rendered":"<p>Prezados(as) discentes, com o objetivo de auxiliar na organiza\u00e7\u00e3o de seus hor\u00e1rios acad\u00eamicos, estamos disponibilizando o arquivo com a grade de disciplinas que ser\u00e3o ofertadas no semestre 2025\/2. Desejamos a todos(as) um excelente semestre!<\/p>\n","protected":false},"author":1147,"featured_media":0,"parent":0,"menu_order":0,"comment_status":"closed","ping_status":"closed","template":"","meta":{"jetpack_post_was_ever_published":false,"footnotes":""},"class_list":["post-3507","page","type-page","status-publish","hentry"],"jetpack_sharing_enabled":true,"jetpack_shortlink":"https:\/\/wp.me\/P6RZnX-Uz","_links":{"self":[{"href":"https:\/\/wp.ufpel.edu.br\/fisica-licenciatura\/wp-json\/wp\/v2\/pages\/3507","targetHints":{"allow":["GET"]}}],"collection":[{"href":"https:\/\/wp.ufpel.edu.br\/fisica-licenciatura\/wp-json\/wp\/v2\/pages"}],"about":[{"href":"https:\/\/wp.ufpel.edu.br\/fisica-licenciatura\/wp-json\/wp\/v2\/types\/page"}],"author":[{"embeddable":true,"href":"https:\/\/wp.ufpel.edu.br\/fisica-licenciatura\/wp-json\/wp\/v2\/users\/1147"}],"replies":[{"embeddable":true,"href":"https:\/\/wp.ufpel.edu.br\/fisica-licenciatura\/wp-json\/wp\/v2\/comments?post=3507"}],"version-history":[{"count":4,"href":"https:\/\/wp.ufpel.edu.br\/fisica-licenciatura\/wp-json\/wp\/v2\/pages\/3507\/revisions"}],"predecessor-version":[{"id":3549,"href":"https:\/\/wp.ufpel.edu.br\/fisica-licenciatura\/wp-json\/wp\/v2\/pages\/3507\/revisions\/3549"}],"wp:attachment":[{"href":"https:\/\/wp.ufpel.edu.br\/fisica-licenciatura\/wp-json\/wp\/v2\/media?parent=3507"}],"curies":[{"name":"wp","href":"https:\/\/api.w.org\/{rel}","templated":true}]}}