{"id":3504,"date":"2025-08-29T10:18:27","date_gmt":"2025-08-29T13:18:27","guid":{"rendered":"https:\/\/wp.ufpel.edu.br\/fisica-licenciatura\/?page_id=3504"},"modified":"2025-08-29T10:38:06","modified_gmt":"2025-08-29T13:38:06","slug":"oferta-2025-2","status":"publish","type":"page","link":"https:\/\/wp.ufpel.edu.br\/fisica-licenciatura\/oferta-2025-2\/","title":{"rendered":"Oferta 2025\/2"},"content":{"rendered":"<p>Para o semestre<strong> 2025\/2<\/strong>\u00a0o Curso de Licenciatura em F\u00edsica ir\u00e1 ofertar os componentes curriculares (disciplinas) abaixo relacionados.<\/p>\n<ul>\n<li>Os componentes indicados com <span style=\"color: #ff0000; font-size: 18pt;\"><strong>*<\/strong><\/span>\u00a0ser\u00e3o ofertadas pelo banco universal, com diversas op\u00e7\u00f5es de turmas e hor\u00e1rios.<\/li>\n<li>Os componentes indicados com <span style=\"color: #ff0000; font-size: 18pt;\"><strong>*<\/strong><\/span><span style=\"color: #ff0000; font-size: 18pt;\"><strong>*<\/strong><\/span> n\u00e3o possuem turma em banco universal, por\u00e9m ter\u00e3o turmas em determinados cursos, podendo ser solicitada a matr\u00edcula especial.<\/li>\n<\/ul>\n<div class=\"sharedaddy sd-sharing-enabled\">\n<table style=\"height: 864px; width: 472px;\" border=\"1\" width=\"472\" cellspacing=\"0\" cellpadding=\"1\">\n<colgroup>\n<col width=\"87\" \/>\n<col width=\"385\" \/><\/colgroup>\n<tbody>\n<tr style=\"height: 24px;\">\n<td class=\"xl63\" style=\"height: 24px; width: 244px; text-align: center;\" align=\"right\" width=\"87\" height=\"21\">11090002<\/td>\n<td class=\"xl63\" style=\"height: 24px; width: 685px;\" width=\"385\">F\u00edsica Experimental I<\/td>\n<\/tr>\n<tr style=\"height: 24px;\">\n<td class=\"xl63\" style=\"height: 24px; width: 244px; text-align: center;\" align=\"right\" height=\"21\">11090003<\/td>\n<td class=\"xl63\" style=\"height: 24px; width: 685px;\">F\u00edsica Experimental II<\/td>\n<\/tr>\n<tr style=\"height: 24px;\">\n<td class=\"xl63\" style=\"height: 24px; width: 244px; text-align: center;\" align=\"right\" height=\"21\">11090004<\/td>\n<td class=\"xl63\" style=\"height: 24px; width: 685px;\">F\u00edsica Experimental III<\/td>\n<\/tr>\n<tr style=\"height: 24px;\">\n<td class=\"xl63\" style=\"height: 24px; width: 244px; text-align: center;\" align=\"right\" height=\"21\">11090005<\/td>\n<td class=\"xl63\" style=\"height: 24px; width: 685px;\">F\u00edsica Experimental IV<\/td>\n<\/tr>\n<tr style=\"height: 24px;\">\n<td class=\"xl63\" style=\"height: 24px; width: 244px; text-align: center;\" align=\"right\" height=\"21\">11090009<\/td>\n<td class=\"xl63\" style=\"height: 24px; width: 685px;\">Mec\u00e2nica Geral I<\/td>\n<\/tr>\n<tr style=\"height: 24px;\">\n<td class=\"xl63\" style=\"height: 24px; width: 244px; text-align: center;\" align=\"right\" height=\"21\">11090025<\/td>\n<td class=\"xl63\" style=\"height: 24px; width: 685px;\">Teoria Eletromagn\u00e9tica<\/td>\n<\/tr>\n<tr style=\"height: 24px;\">\n<td class=\"xl63\" style=\"height: 24px; width: 244px; text-align: center;\" align=\"right\" height=\"21\">11090027<\/td>\n<td class=\"xl63\" style=\"height: 24px; width: 685px;\">Mec\u00e2nica Anal\u00edtica<\/td>\n<\/tr>\n<tr style=\"height: 24px;\">\n<td class=\"xl63\" style=\"height: 24px; width: 244px; text-align: center;\" align=\"right\" height=\"21\">11090030<\/td>\n<td class=\"xl63\" style=\"height: 24px; width: 685px;\">Termodin\u00e2mica<\/td>\n<\/tr>\n<tr style=\"height: 24px;\">\n<td class=\"xl63\" style=\"height: 24px; width: 244px; text-align: center;\" align=\"right\" height=\"21\">11090043<\/td>\n<td class=\"xl63\" style=\"height: 24px; width: 685px;\">Mec\u00e2nica Qu\u00e2ntica I<\/td>\n<\/tr>\n<tr style=\"height: 24px;\">\n<td class=\"xl63\" style=\"height: 24px; width: 244px; text-align: center;\" align=\"right\" height=\"21\">11090049<\/td>\n<td class=\"xl63\" style=\"height: 24px; width: 685px;\">Modelos Te\u00f3ricos da F\u00edsica I<\/td>\n<\/tr>\n<tr style=\"height: 24px;\">\n<td class=\"xl63\" style=\"height: 24px; width: 244px; text-align: center;\" align=\"right\" height=\"21\">11090051<\/td>\n<td class=\"xl63\" style=\"height: 24px; width: 685px;\">Programa\u00e7\u00e3o Computacional para a F\u00edsica<\/td>\n<\/tr>\n<tr style=\"height: 24px;\">\n<td class=\"xl63\" style=\"height: 24px; width: 244px; text-align: center;\" align=\"right\" height=\"21\">11090055<\/td>\n<td class=\"xl63\" style=\"height: 24px; width: 685px;\">F\u00edsica Geral A<\/td>\n<\/tr>\n<tr style=\"height: 24px;\">\n<td class=\"xl63\" style=\"height: 24px; width: 244px; text-align: center;\" align=\"right\" height=\"21\">11090056<\/td>\n<td class=\"xl63\" style=\"height: 24px; width: 685px;\">F\u00edsica Geral B<\/td>\n<\/tr>\n<tr style=\"height: 24px;\">\n<td class=\"xl63\" style=\"height: 24px; width: 244px; text-align: center;\" align=\"right\" height=\"21\">11090057<\/td>\n<td class=\"xl63\" style=\"height: 24px; width: 685px;\">F\u00edsica Geral C<\/td>\n<\/tr>\n<tr style=\"height: 24px;\">\n<td class=\"xl63\" style=\"height: 24px; width: 244px; text-align: center;\" align=\"right\" height=\"21\">11090058<\/td>\n<td class=\"xl63\" style=\"height: 24px; width: 685px;\">F\u00edsica Geral D<\/td>\n<\/tr>\n<tr style=\"height: 24px;\">\n<td class=\"xl63\" style=\"height: 24px; width: 244px; text-align: center;\" align=\"right\" height=\"21\">11090060<\/td>\n<td class=\"xl63\" style=\"height: 24px; width: 685px;\">Introdu\u00e7\u00e3o \u00e0 F\u00edsica Moderna<\/td>\n<\/tr>\n<tr style=\"height: 24px;\">\n<td class=\"xl63\" style=\"height: 24px; width: 244px; text-align: center;\" align=\"right\" height=\"21\">11090083<\/td>\n<td class=\"xl63\" style=\"height: 24px; width: 685px;\">Inicia\u00e7\u00e3o \u00e0 Pesquisa no Ensino de F\u00edsica<\/td>\n<\/tr>\n<tr style=\"height: 24px;\">\n<td class=\"xl63\" style=\"height: 24px; width: 244px; text-align: center;\" align=\"right\" height=\"21\">11090087<\/td>\n<td class=\"xl63\" style=\"height: 24px; width: 685px;\">Instrumenta\u00e7\u00e3o para o Ensino de F\u00edsica I<\/td>\n<\/tr>\n<tr style=\"height: 24px;\">\n<td class=\"xl63\" style=\"height: 24px; width: 244px; text-align: center;\" align=\"right\" height=\"21\">11090090<\/td>\n<td class=\"xl63\" style=\"height: 24px; width: 685px;\">Est\u00e1gio em Ensino de F\u00edsica III<\/td>\n<\/tr>\n<tr style=\"height: 24px;\">\n<td class=\"xl63\" style=\"height: 24px; width: 244px; text-align: center;\" align=\"right\" height=\"21\">11090091<\/td>\n<td class=\"xl63\" style=\"height: 24px; width: 685px;\">Hist\u00f3ria e Filosofia da F\u00edsica II<\/td>\n<\/tr>\n<tr style=\"height: 24px;\">\n<td class=\"xl63\" style=\"height: 24px; width: 244px; text-align: center;\" align=\"right\" height=\"21\">11090100<\/td>\n<td class=\"xl63\" style=\"height: 24px; width: 685px;\">Semin\u00e1rios sobre T\u00f3picos Especiais da F\u00edsica I<\/td>\n<\/tr>\n<tr style=\"height: 24px;\">\n<td class=\"xl63\" style=\"height: 24px; width: 244px; text-align: center;\" align=\"right\" height=\"21\">11090104<\/td>\n<td class=\"xl63\" style=\"height: 24px; width: 685px;\">Laborat\u00f3rio de Ensino de F\u00edsica Moderna<\/td>\n<\/tr>\n<tr style=\"height: 24px;\">\n<td class=\"xl64\" style=\"height: 24px; width: 244px; text-align: center;\" align=\"right\" height=\"21\">11100050<\/td>\n<td class=\"xl64\" style=\"height: 24px; width: 685px;\">Equa\u00e7\u00f5es Diferenciais<\/td>\n<\/tr>\n<tr style=\"height: 24px;\">\n<td class=\"xl64\" style=\"height: 24px; width: 244px; text-align: center;\" align=\"right\" height=\"21\">11100058<\/td>\n<td class=\"xl64\" style=\"height: 24px; width: 685px;\">C\u00e1lculo 1<\/td>\n<\/tr>\n<tr style=\"height: 24px;\">\n<td class=\"xl64\" style=\"height: 24px; width: 244px; text-align: center;\" align=\"right\" height=\"21\">11100059<\/td>\n<td class=\"xl64\" style=\"height: 24px; width: 685px;\">C\u00e1lculo 2<\/td>\n<\/tr>\n<tr style=\"height: 24px;\">\n<td class=\"xl64\" style=\"height: 24px; width: 244px; text-align: center;\" align=\"right\" height=\"21\">11100060<\/td>\n<td class=\"xl64\" style=\"height: 24px; width: 685px;\">C\u00e1lculo 3<\/td>\n<\/tr>\n<tr style=\"height: 24px;\">\n<td class=\"xl64\" style=\"height: 24px; width: 244px; text-align: center;\" align=\"right\" height=\"21\">11100099<\/td>\n<td class=\"xl64\" style=\"height: 24px; width: 685px;\">Geometria Anal\u00edtica<\/td>\n<\/tr>\n<tr style=\"height: 24px;\">\n<td class=\"xl64\" style=\"height: 24px; width: 244px; text-align: center;\" align=\"right\" height=\"21\">11100100<\/td>\n<td class=\"xl64\" style=\"height: 24px; width: 685px;\">\u00c1lgebra Linear I<\/td>\n<\/tr>\n<tr style=\"height: 48px;\">\n<td class=\"xl64\" style=\"height: 48px; width: 244px; text-align: center;\" align=\"right\" height=\"21\">17350230<\/td>\n<td class=\"xl64\" style=\"height: 48px; width: 685px;\">\u00a0<span style=\"color: #ff0000; font-size: 18pt;\"><strong>*<\/strong><\/span> Educa\u00e7\u00e3o Brasileira: Organiza\u00e7\u00e3o e Pol\u00edticas P\u00fablicas (EBOPP)<\/td>\n<\/tr>\n<tr style=\"height: 24px;\">\n<td class=\"xl64\" style=\"height: 24px; width: 244px; text-align: center;\" align=\"right\" height=\"21\">17350232<\/td>\n<td class=\"xl64\" style=\"height: 24px; width: 685px;\"><span style=\"color: #ff0000; font-size: 18pt;\"><strong>*<\/strong><\/span> Teoria e Pr\u00e1tica Pedag\u00f3gica<\/td>\n<\/tr>\n<tr style=\"height: 24px;\">\n<td class=\"xl64\" style=\"height: 24px; width: 244px; text-align: center;\" align=\"right\" height=\"21\">17360009<\/td>\n<td class=\"xl64\" style=\"height: 24px; width: 685px;\"><span style=\"color: #ff0000; font-size: 18pt;\"><strong>*<\/strong><\/span><span style=\"color: #ff0000; font-size: 18pt;\"><strong>*<\/strong><\/span> Educa\u00e7\u00e3o Inclusiva: Pedagogia da Diferen\u00e7a<\/td>\n<\/tr>\n<tr style=\"height: 24px;\">\n<td class=\"xl64\" style=\"height: 24px; width: 244px; text-align: center;\" align=\"right\" height=\"21\">17360021<\/td>\n<td class=\"xl64\" style=\"height: 24px; width: 685px;\">Fundamentos Psicol\u00f3gicos da Educa\u00e7\u00e3o<\/td>\n<\/tr>\n<tr style=\"height: 48px;\">\n<td class=\"xl64\" style=\"height: 48px; width: 244px; text-align: center;\" align=\"right\" height=\"21\">17360022<\/td>\n<td class=\"xl64\" style=\"height: 48px; width: 685px;\">Fundamentos S\u00f3cio-Hist\u00f3rico-Filos\u00f3ficos da Educa\u00e7\u00e3o<\/td>\n<\/tr>\n<tr style=\"height: 24px;\">\n<td class=\"xl63\" style=\"height: 24px; width: 244px; text-align: center;\" align=\"right\" height=\"21\">20000084<\/td>\n<td class=\"xl63\" style=\"height: 24px; width: 685px;\">L\u00edngua Brasileira de Sinais I (LIBRAS I)<\/td>\n<\/tr>\n<\/tbody>\n<\/table>\n<\/div>\n<div id=\"accel-snackbar\" style=\"left: 50%; transform: translate(-50%, 0px); top: 50px;\"><\/div>\n","protected":false},"excerpt":{"rendered":"<p>Para o semestre 2025\/2\u00a0o Curso de Licenciatura em F\u00edsica ir\u00e1 ofertar os componentes curriculares (disciplinas) abaixo relacionados. Os componentes indicados com *\u00a0ser\u00e3o ofertadas pelo banco universal, com diversas op\u00e7\u00f5es de turmas e hor\u00e1rios. Os componentes indicados com ** n\u00e3o possuem turma em banco universal, por\u00e9m ter\u00e3o turmas em determinados cursos, podendo ser solicitada a matr\u00edcula [&hellip;]<\/p>\n","protected":false},"author":1147,"featured_media":0,"parent":0,"menu_order":0,"comment_status":"closed","ping_status":"closed","template":"","meta":{"jetpack_post_was_ever_published":false,"footnotes":""},"class_list":["post-3504","page","type-page","status-publish","hentry"],"jetpack_sharing_enabled":true,"jetpack_shortlink":"https:\/\/wp.me\/P6RZnX-Uw","_links":{"self":[{"href":"https:\/\/wp.ufpel.edu.br\/fisica-licenciatura\/wp-json\/wp\/v2\/pages\/3504","targetHints":{"allow":["GET"]}}],"collection":[{"href":"https:\/\/wp.ufpel.edu.br\/fisica-licenciatura\/wp-json\/wp\/v2\/pages"}],"about":[{"href":"https:\/\/wp.ufpel.edu.br\/fisica-licenciatura\/wp-json\/wp\/v2\/types\/page"}],"author":[{"embeddable":true,"href":"https:\/\/wp.ufpel.edu.br\/fisica-licenciatura\/wp-json\/wp\/v2\/users\/1147"}],"replies":[{"embeddable":true,"href":"https:\/\/wp.ufpel.edu.br\/fisica-licenciatura\/wp-json\/wp\/v2\/comments?post=3504"}],"version-history":[{"count":4,"href":"https:\/\/wp.ufpel.edu.br\/fisica-licenciatura\/wp-json\/wp\/v2\/pages\/3504\/revisions"}],"predecessor-version":[{"id":3556,"href":"https:\/\/wp.ufpel.edu.br\/fisica-licenciatura\/wp-json\/wp\/v2\/pages\/3504\/revisions\/3556"}],"wp:attachment":[{"href":"https:\/\/wp.ufpel.edu.br\/fisica-licenciatura\/wp-json\/wp\/v2\/media?parent=3504"}],"curies":[{"name":"wp","href":"https:\/\/api.w.org\/{rel}","templated":true}]}}