{"id":3464,"date":"2025-07-02T17:14:51","date_gmt":"2025-07-02T20:14:51","guid":{"rendered":"https:\/\/wp.ufpel.edu.br\/fisica-licenciatura\/?page_id=3464"},"modified":"2025-07-02T19:49:21","modified_gmt":"2025-07-02T22:49:21","slug":"enade-2025","status":"publish","type":"page","link":"https:\/\/wp.ufpel.edu.br\/fisica-licenciatura\/enade-2025\/","title":{"rendered":"ENADE 2025"},"content":{"rendered":"<p style=\"text-align: justify;\">Este ano o Curso de Licenciatura em F\u00edsica foi enquadrado como participante do Exame Nacional de Desempenho dos Estudantes (<strong>Enade<\/strong>),\u00a0<strong>edi\u00e7\u00e3o 2025<\/strong>. Os documentos que gerem a edi\u00e7\u00e3o do Enade das Licenciaturas 2025 s\u00e3o os seguintes:<\/p>\n<ol>\n<li><span dir=\"ltr\" role=\"presentation\"><a href=\"https:\/\/wp.ufpel.edu.br\/fisica-licenciatura\/files\/2025\/07\/Edital_3095938_EDITAL_N__57__DE_29_DE_MAIO_DE_2025___Enade_2025.pdf\">Edital N\u00ba 57, de 29 de maio de 2025<\/a>;<\/span><\/li>\n<li><span dir=\"ltr\" role=\"presentation\"><a href=\"https:\/\/wp.ufpel.edu.br\/fisica-licenciatura\/files\/2025\/07\/Portaria_3095948_portaria_n359_29_maio_2025.pdf\">Portaria N\u00ba 359, de 29 de maio de 2025<\/a>.<\/span><\/li>\n<\/ol>\n<p style=\"text-align: justify;\"><span dir=\"ltr\" role=\"presentation\">Antes de efetuar qualquer a\u00e7\u00e3o, os estudantes habilitados para as diferentes etapas dever\u00e3o ler os documentos acima<\/span><span dir=\"ltr\" role=\"presentation\">, para tomarem ci\u00eancia de todas as condi\u00e7\u00f5es neles\u00a0<\/span><span dir=\"ltr\" role=\"presentation\">estabelecidas e certi<\/span><span class=\"markedContent\"><span dir=\"ltr\" role=\"presentation\">fi<\/span><\/span><span dir=\"ltr\" role=\"presentation\">carem-se de que preenchem todos os requisitos para o Enade das Licenciaturas 2025.<\/span><\/p>\n<p>O Enade das Licenciaturas 2025 ser\u00e1 composto pelos seguintes processos avaliativos:<\/p>\n<ol>\n<li>Avalia\u00e7\u00e3o Te\u00f3rica (AT);<\/li>\n<li>Avalia\u00e7\u00e3o da Pr\u00e1tica (AP).<\/li>\n<\/ol>\n<h4>Quem est\u00e1 habilitado para a AT?<\/h4>\n<p>No Curso de Licenciatura em F\u00edsica, s\u00e3o considerados habilitados para a realiza\u00e7\u00e3o da AT os discentes enquadrados nas seguintes condi\u00e7\u00f5es:<\/p>\n<ul>\n<li style=\"text-align: justify;\"><strong>ingressantes:<\/strong> aqueles que tenham iniciado o respectivo curso no ano de 2025, estejam devidamente matriculados e tenham de 0 a 25% da carga hor\u00e1ria m\u00ednima do curr\u00edculo do curso integralizada at\u00e9 o \u00faltimo dia do per\u00edodo de retifica\u00e7\u00e3o de inscri\u00e7\u00f5es dos ingressantes (30 de outubro de 2025). <span style=\"color: #ff0000;\"><strong>Os estudantes ingressantes habilitados, devidamente inscritos pelas IES, ficar\u00e3o dispensados da participa\u00e7\u00e3o no Enade das Licenciaturas 2025, tendo sua situa\u00e7\u00e3o de regularidade atribu\u00edda pelo INEP<\/strong><\/span>;<\/li>\n<li style=\"text-align: justify;\"><strong>concluintes:<\/strong> aqueles que tenham previs\u00e3o de integraliza\u00e7\u00e3o de 80% ou mais da carga hor\u00e1ria m\u00ednima do curr\u00edculo do curso definido pela IES e n\u00e3o tenham previs\u00e3o de cola\u00e7\u00e3o de grau at\u00e9 31 de agosto de 2025; ou aqueles com previs\u00e3o de integraliza\u00e7\u00e3o de 100% da carga hor\u00e1ria do curso at\u00e9 julho de 2026.<\/li>\n<\/ul>\n<p>Os estudantes concluintes habilitados para AT, devidamente inscritos pelas IES, ficam convocados para participa\u00e7\u00e3o nas etapas do Enade das Licenciaturas 2025, tendo sua regularidade atribu\u00edda, conforme cap\u00edtulo 6 do Edital N<span dir=\"ltr\" role=\"presentation\">\u00ba 57<\/span>.<\/p>\n<p>A\u00a0<strong>inscri\u00e7\u00e3o dos estudantes concluintes habilitados para a AT<\/strong> ser\u00e1 feita pelo Coordenador do Curso, no per\u00edodo de 02 a 20 de junho de 2025. A r<span dir=\"ltr\" role=\"presentation\">eti<\/span><span class=\"markedContent\"><span dir=\"ltr\" role=\"presentation\">fi<\/span><\/span><span dir=\"ltr\" role=\"presentation\">ca\u00e7\u00e3o de enquadramento e de inscri\u00e7\u00f5es ser\u00e1 feita pelo Procurador Educacional Institucional e pelo Coordenador do Curso, no per\u00edodo de 21 a 29 de junho de 2025.<\/span><\/p>\n<p>A\u00a0<strong>inscri\u00e7\u00e3o dos estudantes ingressantes habilitados <\/strong>ser\u00e1 feita pelo Coordenador do Curso, no per\u00edodo de 15 de setembro a 15 de outubro de 2025. A r<span dir=\"ltr\" role=\"presentation\">eti<\/span><span class=\"markedContent\"><span dir=\"ltr\" role=\"presentation\">fi<\/span><\/span><span dir=\"ltr\" role=\"presentation\">ca\u00e7\u00e3o de enquadramento e de inscri\u00e7\u00f5es ser\u00e1 feita pelo Procurador Educacional Institucional e pelo Coordenador do Curso, no per\u00edodo de 16 a 30 de outubro de 2025.<\/span><\/p>\n<h4>Quem est\u00e1 habilitado para a AP?<\/h4>\n<p>No Curso de Licenciatura em F\u00edsica, s\u00e3o considerados\u00a0<strong>habilitados para a realiza\u00e7\u00e3o da AP<\/strong>\u00a0os discentes que, no \u00e2mbito do\u00a0<strong>est\u00e1gio supervisionado obrigat\u00f3rio<\/strong>, estejam realizando ou que iniciem a\u00a0<strong>reg\u00eancia de classe<\/strong> na Educa\u00e7\u00e3o B\u00e1sica durante o per\u00edodo das inscri\u00e7\u00f5es para o 1<sup>o<\/sup> per\u00edodo da AP e at\u00e9 o final do m\u00eas de julho de 2026.<\/p>\n<p>A\u00a0<strong>inscri\u00e7\u00e3o dos estudantes habilitados para a AP<\/strong>\u00a0ser\u00e1 feita pelo Coordenador do Curso em dois momentos:<\/p>\n<ul>\n<li><strong>1<sup>o<\/sup> per\u00edodo de AP (2<sup>o<\/sup> semestre de 2025):<\/strong> 04 de agosto a 21 de novembro de 2024;<\/li>\n<li><strong>2<sup>o<\/sup> per\u00edodo de AP (1<sup>o<\/sup> semestre de 2026):<\/strong> o cronograma ser\u00e1 definido posteriormente.<\/li>\n<\/ul>\n<p>Os estudantes concluintes habilitados para AP, devidamente inscritos pelas IES, ficam convocados para participa\u00e7\u00e3o nas etapas do Enade das Licenciaturas 2025, tendo sua regularidade atribu\u00edda, conforme cap\u00edtulo 6 do Edital N<span dir=\"ltr\" role=\"presentation\">\u00ba 57<\/span>.<\/p>\n<h4>As etapas de AT e AP ser\u00e3o realizadas pelos mesmos estudantes?<\/h4>\n<p>\u00c9 importante ressaltar que as etapas AT e AP s\u00e3o processos distintos. Enquanto a etapa AT est\u00e1 vinculada \u00e0 condi\u00e7\u00e3o de concluinte pelo estudante, como definido acima, a etapa AP est\u00e1 condicionada \u00e0 execu\u00e7\u00e3o da etapa de reg\u00eancia do est\u00e1gio curricular obrigat\u00f3rio dentro de um dos dois per\u00edodos de AP definidos acima. Assim, a rela\u00e7\u00e3o dos estudantes habilitados para AT e AP poder\u00e1 ser diferente, dentro dos termos do Edital N<span dir=\"ltr\" role=\"presentation\">\u00ba 57.<\/span><\/p>\n<p><strong>ATEN\u00c7\u00c3O:<\/strong>\u00a0<strong>Os instrumentos previstos pelo Enade s\u00e3o de car\u00e1ter obrigat\u00f3rio, configurando a efetiva participa\u00e7\u00e3o dos estudantes no processo<\/strong>,\u00a0<strong>servindo como comprova\u00e7\u00e3o de regularidade perante o Enade das Licenciaturas 2025, que ser\u00e1 registrada em seu Hist\u00f3rico Escolar. A exist\u00eancia de irregularidade perante o Enade impossibilita a cola\u00e7\u00e3o de grau do estudante, em decorr\u00eancia da n\u00e3o conclus\u00e3o do curso, pois caracteriza aus\u00eancia de cumprimento de componente curricular obrigat\u00f3rio.<\/strong><\/p>\n","protected":false},"excerpt":{"rendered":"<p>Este ano o Curso de Licenciatura em F\u00edsica foi enquadrado como participante do Exame Nacional de Desempenho dos Estudantes (Enade),\u00a0edi\u00e7\u00e3o 2025. Os documentos que gerem a edi\u00e7\u00e3o do Enade das Licenciaturas 2025 s\u00e3o os seguintes: Edital N\u00ba 57, de 29 de maio de 2025; Portaria N\u00ba 359, de 29 de maio de 2025. Antes de [&hellip;]<\/p>\n","protected":false},"author":1147,"featured_media":0,"parent":0,"menu_order":0,"comment_status":"closed","ping_status":"closed","template":"","meta":{"jetpack_post_was_ever_published":false,"footnotes":""},"class_list":["post-3464","page","type-page","status-publish","hentry"],"jetpack_sharing_enabled":true,"jetpack_shortlink":"https:\/\/wp.me\/P6RZnX-TS","_links":{"self":[{"href":"https:\/\/wp.ufpel.edu.br\/fisica-licenciatura\/wp-json\/wp\/v2\/pages\/3464","targetHints":{"allow":["GET"]}}],"collection":[{"href":"https:\/\/wp.ufpel.edu.br\/fisica-licenciatura\/wp-json\/wp\/v2\/pages"}],"about":[{"href":"https:\/\/wp.ufpel.edu.br\/fisica-licenciatura\/wp-json\/wp\/v2\/types\/page"}],"author":[{"embeddable":true,"href":"https:\/\/wp.ufpel.edu.br\/fisica-licenciatura\/wp-json\/wp\/v2\/users\/1147"}],"replies":[{"embeddable":true,"href":"https:\/\/wp.ufpel.edu.br\/fisica-licenciatura\/wp-json\/wp\/v2\/comments?post=3464"}],"version-history":[{"count":6,"href":"https:\/\/wp.ufpel.edu.br\/fisica-licenciatura\/wp-json\/wp\/v2\/pages\/3464\/revisions"}],"predecessor-version":[{"id":3477,"href":"https:\/\/wp.ufpel.edu.br\/fisica-licenciatura\/wp-json\/wp\/v2\/pages\/3464\/revisions\/3477"}],"wp:attachment":[{"href":"https:\/\/wp.ufpel.edu.br\/fisica-licenciatura\/wp-json\/wp\/v2\/media?parent=3464"}],"curies":[{"name":"wp","href":"https:\/\/api.w.org\/{rel}","templated":true}]}}