{"id":3358,"date":"2025-03-19T13:57:09","date_gmt":"2025-03-19T16:57:09","guid":{"rendered":"https:\/\/wp.ufpel.edu.br\/fisica-licenciatura\/?page_id=3358"},"modified":"2025-05-30T13:33:15","modified_gmt":"2025-05-30T16:33:15","slug":"horarios-2025-1","status":"publish","type":"page","link":"https:\/\/wp.ufpel.edu.br\/fisica-licenciatura\/horarios-2025-1\/","title":{"rendered":"Hor\u00e1rios 2025\/1"},"content":{"rendered":"<p>Prezados(as) discentes,<\/p>\n<p>Com o objetivo de auxiliar na organiza\u00e7\u00e3o de seus hor\u00e1rios acad\u00eamicos, estamos disponibilizando o arquivo com a grade de disciplinas que ser\u00e3o ofertadas no semestre 2025\/1.<\/p>\n<p>&nbsp;<\/p>\n<iframe src=\"\/\/docs.google.com\/viewer?url=https%3A%2F%2Fwp.ufpel.edu.br%2Ffisica-licenciatura%2Ffiles%2F2025%2F05%2FHorarios-20251-Atualizado-C-Salas.pdf&hl=pt_BR&embedded=true\" class=\"gde-frame\" style=\"width:100%; height:500px; border: none;\" scrolling=\"no\"><\/iframe>\n<p class=\"gde-text\"><a href=\"https:\/\/wp.ufpel.edu.br\/fisica-licenciatura\/files\/2025\/05\/Horarios-20251-Atualizado-C-Salas.pdf\" class=\"gde-link\">Download (PDF, 462KB)<\/a><\/p>\n<p>&nbsp;<\/p>\n<p>Desejamos a todos(as) um semestre produtivo e de muito aprendizado!<\/p>\n<div id=\"accel-snackbar\" style=\"left: 50%; transform: translate(-50%, 0px); top: 50px;\"><\/div>\n","protected":false},"excerpt":{"rendered":"<p>Prezados(as) discentes, Com o objetivo de auxiliar na organiza\u00e7\u00e3o de seus hor\u00e1rios acad\u00eamicos, estamos disponibilizando o arquivo com a grade de disciplinas que ser\u00e3o ofertadas no semestre 2025\/1. &nbsp; &nbsp; Desejamos a todos(as) um semestre produtivo e de muito aprendizado!<\/p>\n","protected":false},"author":1147,"featured_media":0,"parent":0,"menu_order":0,"comment_status":"closed","ping_status":"closed","template":"","meta":{"jetpack_post_was_ever_published":false,"footnotes":""},"class_list":["post-3358","page","type-page","status-publish","hentry"],"jetpack_sharing_enabled":true,"jetpack_shortlink":"https:\/\/wp.me\/P6RZnX-Sa","_links":{"self":[{"href":"https:\/\/wp.ufpel.edu.br\/fisica-licenciatura\/wp-json\/wp\/v2\/pages\/3358","targetHints":{"allow":["GET"]}}],"collection":[{"href":"https:\/\/wp.ufpel.edu.br\/fisica-licenciatura\/wp-json\/wp\/v2\/pages"}],"about":[{"href":"https:\/\/wp.ufpel.edu.br\/fisica-licenciatura\/wp-json\/wp\/v2\/types\/page"}],"author":[{"embeddable":true,"href":"https:\/\/wp.ufpel.edu.br\/fisica-licenciatura\/wp-json\/wp\/v2\/users\/1147"}],"replies":[{"embeddable":true,"href":"https:\/\/wp.ufpel.edu.br\/fisica-licenciatura\/wp-json\/wp\/v2\/comments?post=3358"}],"version-history":[{"count":4,"href":"https:\/\/wp.ufpel.edu.br\/fisica-licenciatura\/wp-json\/wp\/v2\/pages\/3358\/revisions"}],"predecessor-version":[{"id":3445,"href":"https:\/\/wp.ufpel.edu.br\/fisica-licenciatura\/wp-json\/wp\/v2\/pages\/3358\/revisions\/3445"}],"wp:attachment":[{"href":"https:\/\/wp.ufpel.edu.br\/fisica-licenciatura\/wp-json\/wp\/v2\/media?parent=3358"}],"curies":[{"name":"wp","href":"https:\/\/api.w.org\/{rel}","templated":true}]}}