{"id":3345,"date":"2025-03-14T13:50:31","date_gmt":"2025-03-14T16:50:31","guid":{"rendered":"https:\/\/wp.ufpel.edu.br\/fisica-licenciatura\/?page_id=3345"},"modified":"2025-06-21T23:38:29","modified_gmt":"2025-06-22T02:38:29","slug":"relatorios","status":"publish","type":"page","link":"https:\/\/wp.ufpel.edu.br\/fisica-licenciatura\/relatorios\/","title":{"rendered":"RELAT\u00d3RIOS"},"content":{"rendered":"<p>Para a confec\u00e7\u00e3o dos <strong>projetos e relat\u00f3rios de est\u00e1gio<\/strong>, o Curso oferece um <em>template<\/em> para seus discentes. Este <em>template<\/em>, concebido para ser escrito em LaTeX, al\u00e9m de seguir as regras da ABNT, produzir\u00e1 como produto final um projeto ou relat\u00f3rio com um <em>design<\/em> pr\u00f3ximo aos trabalhos acad\u00eamicos da UFPel. Isto \u00e9 produzido pela classe <span style=\"color: #3366ff;\">fisufpel-abntex2.cls<\/span>, uma customiza\u00e7\u00e3o em LaTeX da suite abnTeX2.<\/p>\n<p>Para o uso da classe fisufpel-abntex2.cls, recomendamos a leitura do Manual abaixo:<\/p>\n<ul>\n<li><a href=\"https:\/\/wp.ufpel.edu.br\/fisica-licenciatura\/files\/2025\/06\/ManualClassefisufpelEstagio.pdf\">Manual da classe fisufpel-abntex2<\/a><\/li>\n<\/ul>\n<p>A classe foi produzida para uso em Linux. Entretanto, pode ser usada na plataforma Overleaf. Abaixo disponibilizamos os arquivos para uso da classe:<\/p>\n<ul>\n<li><a href=\"https:\/\/wp.ufpel.edu.br\/fisica-licenciatura\/files\/2025\/06\/classefisufpelEstagio.zip\">A classe fisufpel-abntex2<\/a><\/li>\n<\/ul>\n<p>&nbsp;<\/p>\n<p>&nbsp;<\/p>\n","protected":false},"excerpt":{"rendered":"<p>Para a confec\u00e7\u00e3o dos projetos e relat\u00f3rios de est\u00e1gio, o Curso oferece um template para seus discentes. Este template, concebido para ser escrito em LaTeX, al\u00e9m de seguir as regras da ABNT, produzir\u00e1 como produto final um projeto ou relat\u00f3rio com um design pr\u00f3ximo aos trabalhos acad\u00eamicos da UFPel. Isto \u00e9 produzido pela classe fisufpel-abntex2.cls, [&hellip;]<\/p>\n","protected":false},"author":1147,"featured_media":0,"parent":0,"menu_order":0,"comment_status":"closed","ping_status":"closed","template":"","meta":{"jetpack_post_was_ever_published":false,"footnotes":""},"class_list":["post-3345","page","type-page","status-publish","hentry"],"jetpack_sharing_enabled":true,"jetpack_shortlink":"https:\/\/wp.me\/P6RZnX-RX","_links":{"self":[{"href":"https:\/\/wp.ufpel.edu.br\/fisica-licenciatura\/wp-json\/wp\/v2\/pages\/3345","targetHints":{"allow":["GET"]}}],"collection":[{"href":"https:\/\/wp.ufpel.edu.br\/fisica-licenciatura\/wp-json\/wp\/v2\/pages"}],"about":[{"href":"https:\/\/wp.ufpel.edu.br\/fisica-licenciatura\/wp-json\/wp\/v2\/types\/page"}],"author":[{"embeddable":true,"href":"https:\/\/wp.ufpel.edu.br\/fisica-licenciatura\/wp-json\/wp\/v2\/users\/1147"}],"replies":[{"embeddable":true,"href":"https:\/\/wp.ufpel.edu.br\/fisica-licenciatura\/wp-json\/wp\/v2\/comments?post=3345"}],"version-history":[{"count":5,"href":"https:\/\/wp.ufpel.edu.br\/fisica-licenciatura\/wp-json\/wp\/v2\/pages\/3345\/revisions"}],"predecessor-version":[{"id":3457,"href":"https:\/\/wp.ufpel.edu.br\/fisica-licenciatura\/wp-json\/wp\/v2\/pages\/3345\/revisions\/3457"}],"wp:attachment":[{"href":"https:\/\/wp.ufpel.edu.br\/fisica-licenciatura\/wp-json\/wp\/v2\/media?parent=3345"}],"curies":[{"name":"wp","href":"https:\/\/api.w.org\/{rel}","templated":true}]}}