{"id":3342,"date":"2025-03-14T13:50:07","date_gmt":"2025-03-14T16:50:07","guid":{"rendered":"https:\/\/wp.ufpel.edu.br\/fisica-licenciatura\/?page_id=3342"},"modified":"2025-06-21T23:42:40","modified_gmt":"2025-06-22T02:42:40","slug":"documentos","status":"publish","type":"page","link":"https:\/\/wp.ufpel.edu.br\/fisica-licenciatura\/documentos\/","title":{"rendered":"Documentos"},"content":{"rendered":"<p>As etapas do Est\u00e1gio Curricular Supervisionado s\u00e3o realizadas mediante a formaliza\u00e7\u00e3o de alguns documentos exigidos pelas redes de ensino da cidade de Pelotas.<\/p>\n<h4><span style=\"color: #0000ff;\">Escolas Estaduais<\/span><\/h4>\n<p>Para as escolas estaduais, a 5<sup>a<\/sup> Coordenadoria Regional de Educa\u00e7\u00e3o (5<sup>a<\/sup> CRE) exige os seguintes modelos\u00a0 de documentos para a realiza\u00e7\u00e3o de <span style=\"color: #ff0000;\"><strong>est\u00e1gios de reg\u00eancia<\/strong><\/span> nas suas escolas:<\/p>\n<ul>\n<li>Carta de apresenta\u00e7\u00e3o<\/li>\n<li>Termo de Compromisso<\/li>\n<li>Plano de Atividades (atualizado em 2024)<\/li>\n<\/ul>\n<p>Esses documentos devem assinados pelas partes envolvidas, digitalizados e enviados para a escola onde o est\u00e1gio ser\u00e1 realizado. Cabe \u00e0 escola solicitar \u00e0 5<sup>a<\/sup> CRE a emiss\u00e3o do <span style=\"color: #ff0000;\">fono<\/span>, que garante ao estagi\u00e1rio o acesso \u00e0 escola. Uma vers\u00e3o digitalizada de toda a documenta\u00e7\u00e3o relacionada ao est\u00e1gio dever\u00e1 ser providenciada pelo discente e enviada \u00e0 secretaria do Curso. <span style=\"color: #ff0000;\">Para o est\u00e1gio de observa\u00e7\u00e3o apenas a Carta de Apresenta\u00e7\u00e3o \u00e9 exigida pelas escolas.<\/span><\/p>\n<h4><span style=\"color: #0000ff;\"><strong>Escola municipal (Col\u00e9gio Municipal Pelotense)<\/strong><\/span><\/h4>\n<p>Em atualiza\u00e7\u00e3o.<\/p>\n<h4><span style=\"color: #0000ff;\">Escola federal (Instituto Federal de Educa\u00e7\u00e3o, Ci\u00eancia e Tecnologia Sul-rio-grandense)<\/span><\/h4>\n<p>Os documentos para a realiza\u00e7\u00e3o do est\u00e1gio s\u00e3o basicamente os mesmos utilizados nas escolas estaduais, ou seja, carta de apresenta\u00e7\u00e3o, Termo de Compromisso e Plano de Atividades. Entretanto, esses documentos s\u00e3o produzidos no SEI e assinados eletronicamente pelo estagi\u00e1rio, orientador e Coordena\u00e7\u00e3o do Curso. Em seguida, s\u00e3o enviados para o IFSul pela secretaria do Curso, para as assinaturas sejam coletadas.<\/p>\n<p>&nbsp;<\/p>\n","protected":false},"excerpt":{"rendered":"<p>As etapas do Est\u00e1gio Curricular Supervisionado s\u00e3o realizadas mediante a formaliza\u00e7\u00e3o de alguns documentos exigidos pelas redes de ensino da cidade de Pelotas. Escolas Estaduais Para as escolas estaduais, a 5a Coordenadoria Regional de Educa\u00e7\u00e3o (5a CRE) exige os seguintes modelos\u00a0 de documentos para a realiza\u00e7\u00e3o de est\u00e1gios de reg\u00eancia nas suas escolas: Carta de [&hellip;]<\/p>\n","protected":false},"author":1147,"featured_media":0,"parent":0,"menu_order":0,"comment_status":"closed","ping_status":"closed","template":"","meta":{"jetpack_post_was_ever_published":false,"footnotes":""},"class_list":["post-3342","page","type-page","status-publish","hentry"],"jetpack_sharing_enabled":true,"jetpack_shortlink":"https:\/\/wp.me\/P6RZnX-RU","_links":{"self":[{"href":"https:\/\/wp.ufpel.edu.br\/fisica-licenciatura\/wp-json\/wp\/v2\/pages\/3342","targetHints":{"allow":["GET"]}}],"collection":[{"href":"https:\/\/wp.ufpel.edu.br\/fisica-licenciatura\/wp-json\/wp\/v2\/pages"}],"about":[{"href":"https:\/\/wp.ufpel.edu.br\/fisica-licenciatura\/wp-json\/wp\/v2\/types\/page"}],"author":[{"embeddable":true,"href":"https:\/\/wp.ufpel.edu.br\/fisica-licenciatura\/wp-json\/wp\/v2\/users\/1147"}],"replies":[{"embeddable":true,"href":"https:\/\/wp.ufpel.edu.br\/fisica-licenciatura\/wp-json\/wp\/v2\/comments?post=3342"}],"version-history":[{"count":5,"href":"https:\/\/wp.ufpel.edu.br\/fisica-licenciatura\/wp-json\/wp\/v2\/pages\/3342\/revisions"}],"predecessor-version":[{"id":3459,"href":"https:\/\/wp.ufpel.edu.br\/fisica-licenciatura\/wp-json\/wp\/v2\/pages\/3342\/revisions\/3459"}],"wp:attachment":[{"href":"https:\/\/wp.ufpel.edu.br\/fisica-licenciatura\/wp-json\/wp\/v2\/media?parent=3342"}],"curies":[{"name":"wp","href":"https:\/\/api.w.org\/{rel}","templated":true}]}}