{"id":3336,"date":"2025-03-14T11:55:58","date_gmt":"2025-03-14T14:55:58","guid":{"rendered":"https:\/\/wp.ufpel.edu.br\/fisica-licenciatura\/?page_id=3336"},"modified":"2025-04-30T21:31:58","modified_gmt":"2025-05-01T00:31:58","slug":"estagio-2","status":"publish","type":"page","link":"https:\/\/wp.ufpel.edu.br\/fisica-licenciatura\/estagio-2\/","title":{"rendered":"EST\u00c1GIO"},"content":{"rendered":"<p>Os est\u00e1gios curriculares nos cursos de licenciatura s\u00e3o estabelecidos pelas Resolu\u00e7\u00f5es CNE\/CP N\u00ba 02\/2015, CNE\/CP N\u00ba 01\/2002 e CNE\/CP N\u00ba 02\/2002, bem como o Parecer CNE\/CP N\u00ba 09\/2007. Em particular, os est\u00e1gios obrigat\u00f3rios devem ser supervisionados pela coordena\u00e7\u00e3o e Colegiado do Curso e estar de acordo com a Lei N\u00ba 11.788\/2008 e <a href=\"https:\/\/wp.ufpel.edu.br\/scs\/files\/2024\/11\/SEI_2848555_Resolucao_87.2024COCEPE.pdf\">Resolu\u00e7\u00e3o N\u00ba 87\/2024<\/a> do COCEPE, que regulamentam os est\u00e1gios na UFPel.<\/p>\n<p>No Curso de Licenciatura em F\u00edsica o <strong>Est\u00e1gio Curricular Supervisionado (obrigat\u00f3rio)<\/strong> \u00e9 concebido a partir de um conjunto de componentes curriculares, que totalizam 405 horas, listados abaixo:<\/p>\n<ol>\n<li>Est\u00e1gio em Ensino de F\u00edsica I (17350120)<\/li>\n<li>Est\u00e1gio em Ensino de F\u00edsica II (11090089)<\/li>\n<li>Est\u00e1gio em Ensino de F\u00edsica III (11090090)<\/li>\n<\/ol>\n<p>Estes componentes t\u00eam por objetivo possibilitar ao estudante a viv\u00eancia da realidade escolar de forma integral e ao ac\u00famulo de uma s\u00e9rie de experi\u00eancias desenvolvidas junto \u00e0s escolas de ensino b\u00e1sico, permitindo uma reflex\u00e3o sobre sua futura profiss\u00e3o e fornecendo base para uma discuss\u00e3o dos princ\u00edpios te\u00f3ricos que alicer\u00e7am o conhecimento pedag\u00f3gico.<\/p>\n<p>As orienta\u00e7\u00f5es dos Est\u00e1gios Supervisionados buscam valorizar e promover a supervis\u00e3o, acompanhamento e orienta\u00e7\u00e3o no est\u00e1gio por parte do professor da escola e do professor da Universidade, em que o estudante vivencie situa\u00e7\u00f5es de efetivo exerc\u00edcio profissional, na busca de significados sobre a gest\u00e3o e resolu\u00e7\u00e3o de situa\u00e7\u00f5es pr\u00f3prias do ambiente da educa\u00e7\u00e3o escolar.<\/p>\n<p>As atividades realizadas durante o desenvolvimento das atividades de est\u00e1gio curricular s\u00e3o registradas no local da pr\u00e1tica do est\u00e1gio e, quando necess\u00e1rio, s\u00e3o supervisionadas pelo professor orientador de est\u00e1gio e pelo professor titular da Educa\u00e7\u00e3o B\u00e1sica.<\/p>\n<p>Para que as atividades realizadas no local de est\u00e1gio sejam validadas, o aluno estagi\u00e1rio dever\u00e1:<\/p>\n<p>a) informar ao Colegiado do Curso, no semestre anterior \u00e0 etapa do est\u00e1gio, que tem a inten\u00e7\u00e3o de cursar o componente curricular associado, a fim de que seja planejada a oferta e providenciado o seguro obrigat\u00f3rio para que o discente possa realizar o est\u00e1gio;<\/p>\n<p>b) selecionar a institui\u00e7\u00e3o de ensino onde tem a inten\u00e7\u00e3o de desenvolver a etapa do est\u00e1gio;<\/p>\n<p>c) enviar para os \u00f3rg\u00e3os gestores das escolas, onde ir\u00e1 ocorrer a etapa do est\u00e1gio, o pedido de aceite (carta de apresenta\u00e7\u00e3o) da realiza\u00e7\u00e3o desse e a celebra\u00e7\u00e3o do Termo de Compromisso;<\/p>\n<p>d) informar ao professor orientador da UFPel a escola e hor\u00e1rio de realiza\u00e7\u00e3o do est\u00e1gio;<\/p>\n<p>e) participar de encontros coletivos e de encontros individuais de orienta\u00e7\u00e3o e acompanhamento do est\u00e1gio;<\/p>\n<p>f) realizar o registro das atividades de planejamento e desenvolvimento de a\u00e7\u00f5es durante o est\u00e1gio e apresentar relat\u00f3rios de est\u00e1gio ao final de cada componente curricular de est\u00e1gio quando for requerido.<\/p>\n","protected":false},"excerpt":{"rendered":"<p>Os est\u00e1gios curriculares nos cursos de licenciatura s\u00e3o estabelecidos pelas Resolu\u00e7\u00f5es CNE\/CP N\u00ba 02\/2015, CNE\/CP N\u00ba 01\/2002 e CNE\/CP N\u00ba 02\/2002, bem como o Parecer CNE\/CP N\u00ba 09\/2007. Em particular, os est\u00e1gios obrigat\u00f3rios devem ser supervisionados pela coordena\u00e7\u00e3o e Colegiado do Curso e estar de acordo com a Lei N\u00ba 11.788\/2008 e Resolu\u00e7\u00e3o N\u00ba 87\/2024 [&hellip;]<\/p>\n","protected":false},"author":1147,"featured_media":0,"parent":0,"menu_order":0,"comment_status":"closed","ping_status":"closed","template":"","meta":{"jetpack_post_was_ever_published":false,"footnotes":""},"class_list":["post-3336","page","type-page","status-publish","hentry"],"jetpack_sharing_enabled":true,"jetpack_shortlink":"https:\/\/wp.me\/P6RZnX-RO","_links":{"self":[{"href":"https:\/\/wp.ufpel.edu.br\/fisica-licenciatura\/wp-json\/wp\/v2\/pages\/3336","targetHints":{"allow":["GET"]}}],"collection":[{"href":"https:\/\/wp.ufpel.edu.br\/fisica-licenciatura\/wp-json\/wp\/v2\/pages"}],"about":[{"href":"https:\/\/wp.ufpel.edu.br\/fisica-licenciatura\/wp-json\/wp\/v2\/types\/page"}],"author":[{"embeddable":true,"href":"https:\/\/wp.ufpel.edu.br\/fisica-licenciatura\/wp-json\/wp\/v2\/users\/1147"}],"replies":[{"embeddable":true,"href":"https:\/\/wp.ufpel.edu.br\/fisica-licenciatura\/wp-json\/wp\/v2\/comments?post=3336"}],"version-history":[{"count":7,"href":"https:\/\/wp.ufpel.edu.br\/fisica-licenciatura\/wp-json\/wp\/v2\/pages\/3336\/revisions"}],"predecessor-version":[{"id":3418,"href":"https:\/\/wp.ufpel.edu.br\/fisica-licenciatura\/wp-json\/wp\/v2\/pages\/3336\/revisions\/3418"}],"wp:attachment":[{"href":"https:\/\/wp.ufpel.edu.br\/fisica-licenciatura\/wp-json\/wp\/v2\/media?parent=3336"}],"curies":[{"name":"wp","href":"https:\/\/api.w.org\/{rel}","templated":true}]}}