{"id":3330,"date":"2025-03-14T11:53:33","date_gmt":"2025-03-14T14:53:33","guid":{"rendered":"https:\/\/wp.ufpel.edu.br\/fisica-licenciatura\/?page_id=3330"},"modified":"2025-03-14T11:54:53","modified_gmt":"2025-03-14T14:54:53","slug":"projetos","status":"publish","type":"page","link":"https:\/\/wp.ufpel.edu.br\/fisica-licenciatura\/projetos\/","title":{"rendered":"PROJETOS"},"content":{"rendered":"<p>Os discentes do Curso de Licenciatura em F\u00edsica t\u00eam a sua disposi\u00e7\u00e3o uma gama de projetos de ensino, pesquisa e extens\u00e3o. Esses projetos s\u00e3o usados para a integraliza\u00e7\u00e3o da forma\u00e7\u00e3o complementar (Estudos Integradores), bem como de cr\u00e9ditos em extens\u00e3o (Ext) integraliz\u00e1vel em disciplinas obrigat\u00f3rias do Curso.<\/p>\n","protected":false},"excerpt":{"rendered":"<p>Os discentes do Curso de Licenciatura em F\u00edsica t\u00eam a sua disposi\u00e7\u00e3o uma gama de projetos de ensino, pesquisa e extens\u00e3o. Esses projetos s\u00e3o usados para a integraliza\u00e7\u00e3o da forma\u00e7\u00e3o complementar (Estudos Integradores), bem como de cr\u00e9ditos em extens\u00e3o (Ext) integraliz\u00e1vel em disciplinas obrigat\u00f3rias do Curso.<\/p>\n","protected":false},"author":1147,"featured_media":0,"parent":0,"menu_order":0,"comment_status":"closed","ping_status":"closed","template":"","meta":{"jetpack_post_was_ever_published":false,"footnotes":""},"class_list":["post-3330","page","type-page","status-publish","hentry"],"jetpack_sharing_enabled":true,"jetpack_shortlink":"https:\/\/wp.me\/P6RZnX-RI","_links":{"self":[{"href":"https:\/\/wp.ufpel.edu.br\/fisica-licenciatura\/wp-json\/wp\/v2\/pages\/3330","targetHints":{"allow":["GET"]}}],"collection":[{"href":"https:\/\/wp.ufpel.edu.br\/fisica-licenciatura\/wp-json\/wp\/v2\/pages"}],"about":[{"href":"https:\/\/wp.ufpel.edu.br\/fisica-licenciatura\/wp-json\/wp\/v2\/types\/page"}],"author":[{"embeddable":true,"href":"https:\/\/wp.ufpel.edu.br\/fisica-licenciatura\/wp-json\/wp\/v2\/users\/1147"}],"replies":[{"embeddable":true,"href":"https:\/\/wp.ufpel.edu.br\/fisica-licenciatura\/wp-json\/wp\/v2\/comments?post=3330"}],"version-history":[{"count":2,"href":"https:\/\/wp.ufpel.edu.br\/fisica-licenciatura\/wp-json\/wp\/v2\/pages\/3330\/revisions"}],"predecessor-version":[{"id":3334,"href":"https:\/\/wp.ufpel.edu.br\/fisica-licenciatura\/wp-json\/wp\/v2\/pages\/3330\/revisions\/3334"}],"wp:attachment":[{"href":"https:\/\/wp.ufpel.edu.br\/fisica-licenciatura\/wp-json\/wp\/v2\/media?parent=3330"}],"curies":[{"name":"wp","href":"https:\/\/api.w.org\/{rel}","templated":true}]}}