{"id":3308,"date":"2025-03-13T14:35:53","date_gmt":"2025-03-13T17:35:53","guid":{"rendered":"https:\/\/wp.ufpel.edu.br\/fisica-licenciatura\/?page_id=3308"},"modified":"2025-03-14T08:21:55","modified_gmt":"2025-03-14T11:21:55","slug":"oferta-2025-1","status":"publish","type":"page","link":"https:\/\/wp.ufpel.edu.br\/fisica-licenciatura\/oferta-2025-1\/","title":{"rendered":"Oferta 2025\/1"},"content":{"rendered":"<p>Para o semestre<strong> 2025\/1<\/strong>\u00a0o Curso de Licenciatura em F\u00edsica ir\u00e1 ofertar os componentes curriculares (disciplinas) abaixo relacionados.<\/p>\n<ul>\n<li>Os componentes indicados com <span style=\"color: #ff0000;\"><strong>*<\/strong><\/span>\u00a0ser\u00e3o ofertadas pelo banco universal, com diversas op\u00e7\u00f5es de turmas e hor\u00e1rios.<\/li>\n<\/ul>\n<div class=\"sharedaddy sd-sharing-enabled\">\n<table style=\"width: 616px;\" border=\"2\" width=\"616\" cellspacing=\"0\" cellpadding=\"0\">\n<colgroup>\n<col width=\"145\" \/>\n<col width=\"471\" \/><\/colgroup>\n<tbody>\n<tr style=\"height: 24px;\">\n<td class=\"xl63\" style=\"width: 189px; height: 24px; text-align: center;\" align=\"right\" width=\"145\" height=\"21\">11090002<\/td>\n<td class=\"xl63\" style=\"width: 423px; height: 24px;\" width=\"471\">F\u00edsica Experimental I<\/td>\n<\/tr>\n<tr style=\"height: 24px;\">\n<td class=\"xl63\" style=\"width: 189px; height: 24px; text-align: center;\" align=\"right\" height=\"21\">11090003<\/td>\n<td class=\"xl63\" style=\"width: 423px; height: 24px;\">F\u00edsica Experimental II<\/td>\n<\/tr>\n<tr style=\"height: 24px;\">\n<td class=\"xl63\" style=\"width: 189px; height: 24px; text-align: center;\" align=\"right\" height=\"21\">11090004<\/td>\n<td class=\"xl63\" style=\"width: 423px; height: 24px;\">F\u00edsica Experimental III<\/td>\n<\/tr>\n<tr style=\"height: 24px;\">\n<td class=\"xl63\" style=\"width: 189px; height: 24px; text-align: center;\" align=\"right\" height=\"21\">11090005<\/td>\n<td class=\"xl63\" style=\"width: 423px; height: 24px;\">F\u00edsica Experimental IV<\/td>\n<\/tr>\n<tr style=\"height: 24px;\">\n<td class=\"xl63\" style=\"width: 189px; height: 24px; text-align: center;\" align=\"right\" height=\"21\">11090009<\/td>\n<td class=\"xl63\" style=\"width: 423px; height: 24px;\">Mec\u00e2nica Geral I<\/td>\n<\/tr>\n<tr style=\"height: 24px;\">\n<td class=\"xl63\" style=\"width: 189px; height: 24px; text-align: center;\" align=\"right\" height=\"21\">11090030<\/td>\n<td class=\"xl63\" style=\"width: 423px; height: 24px;\">Termodin\u00e2mica<\/td>\n<\/tr>\n<tr style=\"height: 24px;\">\n<td class=\"xl63\" style=\"width: 189px; height: 24px; text-align: center;\" align=\"right\" height=\"21\">11090043<\/td>\n<td class=\"xl63\" style=\"width: 423px; height: 24px;\">Mec\u00e2nica Qu\u00e2ntica I<\/td>\n<\/tr>\n<tr style=\"height: 24px;\">\n<td class=\"xl63\" style=\"width: 189px; height: 24px; text-align: center;\" align=\"right\" height=\"21\">11090046<\/td>\n<td class=\"xl63\" style=\"width: 423px; height: 24px;\">Aplicativos Computacionais para a F\u00edsica<\/td>\n<\/tr>\n<tr style=\"height: 24px;\">\n<td class=\"xl63\" style=\"width: 189px; height: 24px; text-align: center;\" align=\"right\" height=\"21\">11090048<\/td>\n<td class=\"xl63\" style=\"width: 423px; height: 24px;\">Mec\u00e2nica Estat\u00edstica<\/td>\n<\/tr>\n<tr style=\"height: 24px;\">\n<td class=\"xl63\" style=\"width: 189px; height: 24px; text-align: center;\" align=\"right\" height=\"21\">11090049<\/td>\n<td class=\"xl63\" style=\"width: 423px; height: 24px;\">Modelos Te\u00f3ricos da F\u00edsica I<\/td>\n<\/tr>\n<tr style=\"height: 24px;\">\n<td class=\"xl63\" style=\"width: 189px; height: 24px; text-align: center;\" align=\"right\" height=\"21\">11090054<\/td>\n<td class=\"xl63\" style=\"width: 423px; height: 24px;\">Comunica\u00e7\u00e3o Cient\u00edfica em F\u00edsica<\/td>\n<\/tr>\n<tr style=\"height: 24px;\">\n<td class=\"xl63\" style=\"width: 189px; height: 24px; text-align: center;\" align=\"right\" height=\"21\">11090055<\/td>\n<td class=\"xl63\" style=\"width: 423px; height: 24px;\">F\u00edsica Geral A<\/td>\n<\/tr>\n<tr style=\"height: 24px;\">\n<td class=\"xl63\" style=\"width: 189px; height: 24px; text-align: center;\" align=\"right\" height=\"21\">11090056<\/td>\n<td class=\"xl63\" style=\"width: 423px; height: 24px;\">F\u00edsica Geral B<\/td>\n<\/tr>\n<tr style=\"height: 24px;\">\n<td class=\"xl63\" style=\"width: 189px; height: 24px; text-align: center;\" align=\"right\" height=\"21\">11090057<\/td>\n<td class=\"xl63\" style=\"width: 423px; height: 24px;\">F\u00edsica Geral C<\/td>\n<\/tr>\n<tr style=\"height: 24px;\">\n<td class=\"xl63\" style=\"width: 189px; height: 24px; text-align: center;\" align=\"right\" height=\"21\">11090058<\/td>\n<td class=\"xl63\" style=\"width: 423px; height: 24px;\">F\u00edsica Geral D<\/td>\n<\/tr>\n<tr style=\"height: 24px;\">\n<td class=\"xl63\" style=\"width: 189px; height: 24px; text-align: center;\" align=\"right\" height=\"21\">11090060<\/td>\n<td class=\"xl63\" style=\"width: 423px; height: 24px;\">Introdu\u00e7\u00e3o \u00e0 F\u00edsica Moderna<\/td>\n<\/tr>\n<tr style=\"height: 24px;\">\n<td class=\"xl63\" style=\"width: 189px; height: 24px; text-align: center;\" align=\"right\" height=\"21\">11090084<\/td>\n<td class=\"xl63\" style=\"width: 423px; height: 24px;\">Introdu\u00e7\u00e3o ao Pensamento F\u00edsico<\/td>\n<\/tr>\n<tr style=\"height: 24px;\">\n<td class=\"xl63\" style=\"width: 189px; height: 24px; text-align: center;\" align=\"right\" height=\"21\">11090086<\/td>\n<td class=\"xl63\" style=\"width: 423px; height: 24px;\">Metodologia Computacional no Ensino da F\u00edsica A<\/td>\n<\/tr>\n<tr style=\"height: 24px;\">\n<td class=\"xl63\" style=\"width: 189px; height: 24px; text-align: center;\" align=\"right\" height=\"21\">11090089<\/td>\n<td class=\"xl63\" style=\"width: 423px; height: 24px;\">Est\u00e1gio em Ensino de F\u00edsica II<\/td>\n<\/tr>\n<tr style=\"height: 24px;\">\n<td class=\"xl63\" style=\"width: 189px; height: 24px; text-align: center;\" align=\"right\" height=\"21\">11090103<\/td>\n<td class=\"xl63\" style=\"width: 423px; height: 24px;\">Semin\u00e1rios sobre T\u00f3picos Especiais da F\u00edsica II<\/td>\n<\/tr>\n<tr style=\"height: 24px;\">\n<td class=\"xl63\" style=\"width: 189px; height: 24px; text-align: center;\" align=\"right\" height=\"21\">11090107<\/td>\n<td class=\"xl63\" style=\"width: 423px; height: 24px;\">Laborat\u00f3rio de Ensino de F\u00edsica I<\/td>\n<\/tr>\n<tr style=\"height: 24px;\">\n<td class=\"xl63\" style=\"width: 189px; height: 24px; text-align: center;\" align=\"right\" height=\"21\">11100050<\/td>\n<td class=\"xl63\" style=\"width: 423px; height: 24px;\">Equa\u00e7\u00f5es Diferenciais<\/td>\n<\/tr>\n<tr style=\"height: 24px;\">\n<td class=\"xl63\" style=\"width: 189px; height: 24px; text-align: center;\" align=\"right\" height=\"21\">11100058<\/td>\n<td class=\"xl63\" style=\"width: 423px; height: 24px;\">C\u00e1lculo 1<\/td>\n<\/tr>\n<tr style=\"height: 24px;\">\n<td class=\"xl63\" style=\"width: 189px; height: 24px; text-align: center;\" align=\"right\" height=\"21\">11100059<\/td>\n<td class=\"xl63\" style=\"width: 423px; height: 24px;\">C\u00e1lculo 2<\/td>\n<\/tr>\n<tr style=\"height: 24px;\">\n<td class=\"xl63\" style=\"width: 189px; height: 24px; text-align: center;\" align=\"right\" height=\"21\">11100060<\/td>\n<td class=\"xl63\" style=\"width: 423px; height: 24px;\">C\u00e1lculo 3<\/td>\n<\/tr>\n<tr style=\"height: 24px;\">\n<td class=\"xl63\" style=\"width: 189px; height: 24px; text-align: center;\" align=\"right\" height=\"21\">11100099<\/td>\n<td class=\"xl63\" style=\"width: 423px; height: 24px;\">Geometria Anal\u00edtica<\/td>\n<\/tr>\n<tr style=\"height: 24px;\">\n<td class=\"xl63\" style=\"width: 189px; height: 24px; text-align: center;\" align=\"right\" height=\"21\">11100100<\/td>\n<td class=\"xl63\" style=\"width: 423px; height: 24px;\">\u00c1lgebra Linear I<\/td>\n<\/tr>\n<tr style=\"height: 24px;\">\n<td class=\"xl63\" style=\"width: 189px; height: 24px; text-align: center;\" align=\"right\" height=\"21\">17350119<\/td>\n<td class=\"xl63\" style=\"width: 423px; height: 24px;\">Gest\u00e3o Educacional<\/td>\n<\/tr>\n<tr style=\"height: 48px;\">\n<td class=\"xl63\" style=\"width: 189px; height: 48px; text-align: center;\" align=\"right\" height=\"21\">17350230<\/td>\n<td class=\"xl63\" style=\"width: 423px; height: 48px;\">Educa\u00e7\u00e3o Brasileira: Organiza\u00e7\u00e3o e Pol\u00edticas P\u00fablicas (EBOPP) <span style=\"font-size: 14pt; color: #ff0000;\"><strong>*<\/strong><\/span><\/td>\n<\/tr>\n<tr style=\"height: 24px;\">\n<td class=\"xl63\" style=\"width: 189px; height: 24px; text-align: center;\" align=\"right\" height=\"21\">17350232<\/td>\n<td class=\"xl63\" style=\"width: 423px; height: 24px;\">Teoria e Pr\u00e1tica Pedag\u00f3gica <span style=\"font-size: 14pt; color: #ff0000;\"><strong>*<\/strong><\/span><\/td>\n<\/tr>\n<tr style=\"height: 24px;\">\n<td class=\"xl63\" style=\"width: 189px; height: 24px; text-align: center;\" align=\"right\" height=\"21\">17360021<\/td>\n<td class=\"xl63\" style=\"width: 423px; height: 24px;\">Fundamentos Psicol\u00f3gicos da Educa\u00e7\u00e3o <span style=\"font-size: 14pt; color: #ff0000;\"><strong>*<\/strong><\/span><\/td>\n<\/tr>\n<tr style=\"height: 24px;\">\n<td class=\"xl63\" style=\"width: 189px; height: 24px; text-align: center;\" align=\"right\" height=\"21\">17360022<\/td>\n<td class=\"xl63\" style=\"width: 423px; height: 24px;\">Fundamentos S\u00f3cio-Hist\u00f3rico-Filos\u00f3ficos da Educa\u00e7\u00e3o <span style=\"font-size: 14pt; color: #ff0000;\"><strong>*<\/strong><\/span><\/td>\n<\/tr>\n<\/tbody>\n<\/table>\n<\/div>\n<div id=\"accel-snackbar\" style=\"left: 50%; transform: translate(-50%, 0px); top: 50px;\"><\/div>\n","protected":false},"excerpt":{"rendered":"<p>Para o semestre 2025\/1\u00a0o Curso de Licenciatura em F\u00edsica ir\u00e1 ofertar os componentes curriculares (disciplinas) abaixo relacionados. Os componentes indicados com *\u00a0ser\u00e3o ofertadas pelo banco universal, com diversas op\u00e7\u00f5es de turmas e hor\u00e1rios. 11090002 F\u00edsica Experimental I 11090003 F\u00edsica Experimental II 11090004 F\u00edsica Experimental III 11090005 F\u00edsica Experimental IV 11090009 Mec\u00e2nica Geral I 11090030 Termodin\u00e2mica [&hellip;]<\/p>\n","protected":false},"author":1147,"featured_media":0,"parent":0,"menu_order":0,"comment_status":"closed","ping_status":"closed","template":"","meta":{"jetpack_post_was_ever_published":false,"footnotes":""},"class_list":["post-3308","page","type-page","status-publish","hentry"],"jetpack_sharing_enabled":true,"jetpack_shortlink":"https:\/\/wp.me\/P6RZnX-Rm","_links":{"self":[{"href":"https:\/\/wp.ufpel.edu.br\/fisica-licenciatura\/wp-json\/wp\/v2\/pages\/3308","targetHints":{"allow":["GET"]}}],"collection":[{"href":"https:\/\/wp.ufpel.edu.br\/fisica-licenciatura\/wp-json\/wp\/v2\/pages"}],"about":[{"href":"https:\/\/wp.ufpel.edu.br\/fisica-licenciatura\/wp-json\/wp\/v2\/types\/page"}],"author":[{"embeddable":true,"href":"https:\/\/wp.ufpel.edu.br\/fisica-licenciatura\/wp-json\/wp\/v2\/users\/1147"}],"replies":[{"embeddable":true,"href":"https:\/\/wp.ufpel.edu.br\/fisica-licenciatura\/wp-json\/wp\/v2\/comments?post=3308"}],"version-history":[{"count":6,"href":"https:\/\/wp.ufpel.edu.br\/fisica-licenciatura\/wp-json\/wp\/v2\/pages\/3308\/revisions"}],"predecessor-version":[{"id":3323,"href":"https:\/\/wp.ufpel.edu.br\/fisica-licenciatura\/wp-json\/wp\/v2\/pages\/3308\/revisions\/3323"}],"wp:attachment":[{"href":"https:\/\/wp.ufpel.edu.br\/fisica-licenciatura\/wp-json\/wp\/v2\/media?parent=3308"}],"curies":[{"name":"wp","href":"https:\/\/api.w.org\/{rel}","templated":true}]}}