{"id":3159,"date":"2024-10-03T10:41:05","date_gmt":"2024-10-03T13:41:05","guid":{"rendered":"https:\/\/wp.ufpel.edu.br\/fisica-licenciatura\/?page_id=3159"},"modified":"2024-10-03T10:43:40","modified_gmt":"2024-10-03T13:43:40","slug":"oferta-2024-2","status":"publish","type":"page","link":"https:\/\/wp.ufpel.edu.br\/fisica-licenciatura\/oferta-2024-2\/","title":{"rendered":"Oferta 2024\/2"},"content":{"rendered":"<p>Para o semestre<strong> 2024\/2<\/strong>\u00a0o Curso de Licenciatura em F\u00edsica ir\u00e1 ofertar os componentes curriculares (disciplinas) abaixo relacionados.<\/p>\n<p>&nbsp;<\/p>\n<ul>\n<li>Os componentes indicados com <span style=\"color: #ff0000; font-size: 18pt;\">*<\/span>\u00a0ser\u00e3o ofertadas pelo banco universal, com diversas op\u00e7\u00f5es de turmas e hor\u00e1rios.<\/li>\n<\/ul>\n<p>&nbsp;<\/p>\n<table style=\"width: 99.914457%; border-collapse: collapse;\">\n<tbody>\n<tr>\n<td class=\"xl65\" style=\"width: 15.390452%;\" width=\"147\" height=\"27\"><strong>C\u00d3DIGO<\/strong><\/td>\n<td class=\"xl66\" style=\"width: 84.524005%;\" width=\"472\"><strong>DISCIPLINA<\/strong><\/td>\n<\/tr>\n<tr>\n<td class=\"xl67\" style=\"width: 15.390452%;\" height=\"24\">11090002<\/td>\n<td class=\"xl67\" style=\"width: 84.524005%;\">F\u00edsica Experimental I<\/td>\n<\/tr>\n<tr>\n<td class=\"xl67\" style=\"width: 15.390452%;\" height=\"24\">11090003<\/td>\n<td class=\"xl67\" style=\"width: 84.524005%;\">F\u00edsica Experimental II<\/td>\n<\/tr>\n<tr>\n<td class=\"xl67\" style=\"width: 15.390452%;\" height=\"24\">11090004<\/td>\n<td class=\"xl67\" style=\"width: 84.524005%;\">F\u00edsica Experimental III<\/td>\n<\/tr>\n<tr>\n<td class=\"xl67\" style=\"width: 15.390452%;\" height=\"24\">11090005<\/td>\n<td class=\"xl67\" style=\"width: 84.524005%;\">F\u00edsica Experimental IV<\/td>\n<\/tr>\n<tr>\n<td class=\"xl67\" style=\"width: 15.390452%;\" height=\"24\">11090009<\/td>\n<td class=\"xl67\" style=\"width: 84.524005%;\">Mec\u00e2nica Geral I<\/td>\n<\/tr>\n<tr>\n<td class=\"xl67\" style=\"width: 15.390452%;\" height=\"24\">11090025<\/td>\n<td class=\"xl67\" style=\"width: 84.524005%;\">Teoria Eletromagn\u00e9tica<\/td>\n<\/tr>\n<tr>\n<td class=\"xl67\" style=\"width: 15.390452%;\" height=\"24\">11090030<\/td>\n<td class=\"xl67\" style=\"width: 84.524005%;\">Termodin\u00e2mica<\/td>\n<\/tr>\n<tr>\n<td class=\"xl67\" style=\"width: 15.390452%;\" height=\"24\">11090049<\/td>\n<td class=\"xl67\" style=\"width: 84.524005%;\">Modelos Te\u00f3ricos da F\u00edsica I<\/td>\n<\/tr>\n<tr>\n<td class=\"xl67\" style=\"width: 15.390452%;\" height=\"24\">11090051<\/td>\n<td class=\"xl67\" style=\"width: 84.524005%;\">Programa\u00e7\u00e3o Computacional para a F\u00edsica<\/td>\n<\/tr>\n<tr>\n<td class=\"xl67\" style=\"width: 15.390452%;\" height=\"24\">11090055<\/td>\n<td class=\"xl67\" style=\"width: 84.524005%;\">F\u00edsica Geral A<\/td>\n<\/tr>\n<tr>\n<td class=\"xl67\" style=\"width: 15.390452%;\" height=\"24\">11090056<\/td>\n<td class=\"xl67\" style=\"width: 84.524005%;\">F\u00edsica Geral B<\/td>\n<\/tr>\n<tr>\n<td class=\"xl67\" style=\"width: 15.390452%;\" height=\"24\">11090057<\/td>\n<td class=\"xl67\" style=\"width: 84.524005%;\">F\u00edsica Geral C<\/td>\n<\/tr>\n<tr>\n<td class=\"xl67\" style=\"width: 15.390452%;\" height=\"24\">11090058<\/td>\n<td class=\"xl67\" style=\"width: 84.524005%;\">F\u00edsica Geral D<\/td>\n<\/tr>\n<tr>\n<td class=\"xl67\" style=\"width: 15.390452%;\" height=\"24\">11090060<\/td>\n<td class=\"xl67\" style=\"width: 84.524005%;\">Introdu\u00e7\u00e3o \u00e0 F\u00edsica Moderna<\/td>\n<\/tr>\n<tr>\n<td class=\"xl67\" style=\"width: 15.390452%;\" height=\"24\">11090070<\/td>\n<td class=\"xl67\" style=\"width: 84.524005%;\">F\u00edsica dos Materiais<\/td>\n<\/tr>\n<tr>\n<td class=\"xl67\" style=\"width: 15.390452%;\" height=\"24\">11090083<\/td>\n<td class=\"xl67\" style=\"width: 84.524005%;\">Inicia\u00e7\u00e3o \u00e0 Pesquisa no Ensino de F\u00edsica<\/td>\n<\/tr>\n<tr>\n<td class=\"xl67\" style=\"width: 15.390452%;\" height=\"24\">11090087<\/td>\n<td class=\"xl67\" style=\"width: 84.524005%;\">Instrumenta\u00e7\u00e3o para o Ensino de F\u00edsica I<\/td>\n<\/tr>\n<tr>\n<td class=\"xl67\" style=\"width: 15.390452%;\" height=\"24\">11090098<\/td>\n<td class=\"xl67\" style=\"width: 84.524005%;\">Hist\u00f3ria e Filosofia da F\u00edsica I<\/td>\n<\/tr>\n<tr>\n<td class=\"xl67\" style=\"width: 15.390452%;\" height=\"24\">11090100<\/td>\n<td class=\"xl67\" style=\"width: 84.524005%;\">Semin\u00e1rios sobre T\u00f3picos Especiais da F\u00edsica I<\/td>\n<\/tr>\n<tr>\n<td class=\"xl67\" style=\"width: 15.390452%;\" height=\"24\">11090102<\/td>\n<td class=\"xl67\" style=\"width: 84.524005%;\">Laborat\u00f3rio de Ensino de F\u00edsica III<\/td>\n<\/tr>\n<tr>\n<td class=\"xl67\" style=\"width: 15.390452%;\" height=\"24\">11090104<\/td>\n<td class=\"xl67\" style=\"width: 84.524005%;\">Laborat\u00f3rio de Ensino de F\u00edsica Moderna<\/td>\n<\/tr>\n<tr>\n<td class=\"xl67\" style=\"width: 15.390452%;\" height=\"24\">11100026<\/td>\n<td class=\"xl67\" style=\"width: 84.524005%;\">Estat\u00edstica B\u00e1sica<\/td>\n<\/tr>\n<tr>\n<td class=\"xl67\" style=\"width: 15.390452%;\" height=\"24\">11100050<\/td>\n<td class=\"xl67\" style=\"width: 84.524005%;\">Equa\u00e7\u00f5es Diferenciais<\/td>\n<\/tr>\n<tr>\n<td class=\"xl67\" style=\"width: 15.390452%;\" height=\"24\">11100058<\/td>\n<td class=\"xl67\" style=\"width: 84.524005%;\">C\u00e1lculo 1<\/td>\n<\/tr>\n<tr>\n<td class=\"xl67\" style=\"width: 15.390452%;\" height=\"24\">11100059<\/td>\n<td class=\"xl67\" style=\"width: 84.524005%;\">C\u00e1lculo 2<\/td>\n<\/tr>\n<tr>\n<td class=\"xl67\" style=\"width: 15.390452%;\" height=\"24\">11100060<\/td>\n<td class=\"xl67\" style=\"width: 84.524005%;\">C\u00e1lculo 3<\/td>\n<\/tr>\n<tr>\n<td class=\"xl67\" style=\"width: 15.390452%;\" height=\"24\">11100099<\/td>\n<td class=\"xl67\" style=\"width: 84.524005%;\">Geometria Anal\u00edtica<\/td>\n<\/tr>\n<tr>\n<td class=\"xl67\" style=\"width: 15.390452%;\" height=\"24\">11100100<\/td>\n<td class=\"xl67\" style=\"width: 84.524005%;\">\u00c1lgebra Linear I<\/td>\n<\/tr>\n<tr>\n<td class=\"xl67\" style=\"width: 15.390452%;\" height=\"24\">17350230<\/td>\n<td class=\"xl67\" style=\"width: 84.524005%;\">Educa\u00e7\u00e3o Brasileira: Organiza\u00e7\u00e3o e Pol\u00edticas P\u00fablicas (EBOPP) <span style=\"color: #ff0000; font-size: 14pt;\">*<\/span><\/td>\n<\/tr>\n<tr>\n<td class=\"xl67\" style=\"width: 15.390452%;\" height=\"24\">17350232<\/td>\n<td class=\"xl67\" style=\"width: 84.524005%;\">Teoria e Pr\u00e1tica Pedag\u00f3gica <span style=\"color: #ff0000; font-size: 14pt;\">*<\/span><\/td>\n<\/tr>\n<tr>\n<td class=\"xl67\" style=\"width: 15.390452%;\" height=\"24\">17360009<\/td>\n<td class=\"xl67\" style=\"width: 84.524005%;\">Educa\u00e7\u00e3o Inclusiva: Pedagogia da Diferen\u00e7a <span style=\"color: #ff0000; font-size: 14pt;\">*<\/span><\/td>\n<\/tr>\n<tr>\n<td class=\"xl67\" style=\"width: 15.390452%;\" height=\"24\">17360021<\/td>\n<td class=\"xl67\" style=\"width: 84.524005%;\">Fundamentos Psicol\u00f3gicos da Educa\u00e7\u00e3o <span style=\"color: #ff0000; font-size: 14pt;\">*<\/span><\/td>\n<\/tr>\n<tr>\n<td class=\"xl67\" style=\"width: 15.390452%;\" height=\"24\">17360022<\/td>\n<td class=\"xl67\" style=\"width: 84.524005%;\">Fundamentos S\u00f3cio-Hist\u00f3rico-Filos\u00f3ficos da Educa\u00e7\u00e3o <span style=\"color: #ff0000; font-size: 14pt;\">*<\/span><\/td>\n<\/tr>\n<tr>\n<td class=\"xl67\" style=\"width: 15.390452%;\" height=\"24\">20000084<\/td>\n<td class=\"xl67\" style=\"width: 84.524005%;\">L\u00edngua Brasileira de Sinais I (LIBRAS I)<\/td>\n<\/tr>\n<\/tbody>\n<\/table>\n<div id=\"accel-snackbar\" style=\"left: 50%; transform: translate(-50%, 0px); top: 50px;\"><\/div>\n","protected":false},"excerpt":{"rendered":"<p>Para o semestre 2024\/2\u00a0o Curso de Licenciatura em F\u00edsica ir\u00e1 ofertar os componentes curriculares (disciplinas) abaixo relacionados. &nbsp; Os componentes indicados com *\u00a0ser\u00e3o ofertadas pelo banco universal, com diversas op\u00e7\u00f5es de turmas e hor\u00e1rios. &nbsp; C\u00d3DIGO DISCIPLINA 11090002 F\u00edsica Experimental I 11090003 F\u00edsica Experimental II 11090004 F\u00edsica Experimental III 11090005 F\u00edsica Experimental IV 11090009 Mec\u00e2nica [&hellip;]<\/p>\n","protected":false},"author":1147,"featured_media":0,"parent":0,"menu_order":0,"comment_status":"closed","ping_status":"closed","template":"","meta":{"jetpack_post_was_ever_published":false,"footnotes":""},"class_list":["post-3159","page","type-page","status-publish","hentry"],"jetpack_sharing_enabled":true,"jetpack_shortlink":"https:\/\/wp.me\/P6RZnX-OX","_links":{"self":[{"href":"https:\/\/wp.ufpel.edu.br\/fisica-licenciatura\/wp-json\/wp\/v2\/pages\/3159","targetHints":{"allow":["GET"]}}],"collection":[{"href":"https:\/\/wp.ufpel.edu.br\/fisica-licenciatura\/wp-json\/wp\/v2\/pages"}],"about":[{"href":"https:\/\/wp.ufpel.edu.br\/fisica-licenciatura\/wp-json\/wp\/v2\/types\/page"}],"author":[{"embeddable":true,"href":"https:\/\/wp.ufpel.edu.br\/fisica-licenciatura\/wp-json\/wp\/v2\/users\/1147"}],"replies":[{"embeddable":true,"href":"https:\/\/wp.ufpel.edu.br\/fisica-licenciatura\/wp-json\/wp\/v2\/comments?post=3159"}],"version-history":[{"count":3,"href":"https:\/\/wp.ufpel.edu.br\/fisica-licenciatura\/wp-json\/wp\/v2\/pages\/3159\/revisions"}],"predecessor-version":[{"id":3166,"href":"https:\/\/wp.ufpel.edu.br\/fisica-licenciatura\/wp-json\/wp\/v2\/pages\/3159\/revisions\/3166"}],"wp:attachment":[{"href":"https:\/\/wp.ufpel.edu.br\/fisica-licenciatura\/wp-json\/wp\/v2\/media?parent=3159"}],"curies":[{"name":"wp","href":"https:\/\/api.w.org\/{rel}","templated":true}]}}