{"id":3131,"date":"2024-10-02T11:21:44","date_gmt":"2024-10-02T14:21:44","guid":{"rendered":"https:\/\/wp.ufpel.edu.br\/fisica-licenciatura\/?page_id=3131"},"modified":"2026-04-22T15:02:00","modified_gmt":"2026-04-22T18:02:00","slug":"material-de-apoio-ap","status":"publish","type":"page","link":"https:\/\/wp.ufpel.edu.br\/fisica-licenciatura\/material-de-apoio-ap\/","title":{"rendered":"Material de apoio (AP)"},"content":{"rendered":"<p style=\"text-align: justify;\">A <span style=\"color: #0000ff;\"><strong>Avalia\u00e7\u00e3o da Pr\u00e1tica (AP) <\/strong><\/span>do<span style=\"color: #ff0000;\"><strong> Enade das Licenciaturas <\/strong><\/span>tem por objetivo avaliar, com fins diagn\u00f3sticos, os conhecimentos, as compet\u00eancias e as habilidades pr\u00e1ticas desenvolvidas pelos estudantes de licenciatura, bem como levantar informa\u00e7\u00f5es a respeito das caracter\u00edsticas, condi\u00e7\u00f5es e atividades pr\u00e1ticas realizadas. As atividades pr\u00e1ticas ser\u00e3o avaliadas pelo Enade das Licenciaturas durante a realiza\u00e7\u00e3o dos est\u00e1gios curriculares supervisionados em escolas de Educa\u00e7\u00e3o B\u00e1sica, p\u00fablicas ou privadas, com foco no per\u00edodo em que o estudante assume a reg\u00eancia de classe. A AP constitui um instrumento importante para compor o perfil dos participantes do Enade e o contexto de seus processos formativos.<\/p>\n<p>Nesse processo estar\u00e3o envolvidos tr\u00eas atores: o(a)<strong> estudante<\/strong>, o(a) <strong>supervisor(a) de est\u00e1gio<\/strong> e o(a) <strong>orientador(a) de est\u00e1gio<\/strong>.\u00a0Para cada agente ser\u00e3o utilizados os seguintes Instrumentos de Avalia\u00e7\u00e3o da Pr\u00e1tica (AP):<\/p>\n<ul>\n<li><a href=\"https:\/\/wp.ufpel.edu.br\/fisica-licenciatura\/files\/2024\/10\/enade_estudante_2024.pdf\">Question\u00e1rio de Avalia\u00e7\u00e3o da Pr\u00e1tica (AP) do(a) Estudante<\/a><\/li>\n<li><a href=\"https:\/\/wp.ufpel.edu.br\/fisica-licenciatura\/files\/2024\/10\/enade_supervisor_2024.pdf\">Instrumento de Avalia\u00e7\u00e3o da Pr\u00e1tica (AP) pelo(a) Supervisor(a) de Est\u00e1gio<\/a><\/li>\n<li><a href=\"https:\/\/wp.ufpel.edu.br\/fisica-licenciatura\/files\/2024\/10\/enade_orientador_2024.pdf\">Question\u00e1rio de Avalia\u00e7\u00e3o da Pr\u00e1tica (AP) pelo(a) Orientador(a) de Est\u00e1gio<\/a><\/li>\n<\/ul>\n<p><span style=\"color: #ff0000;\">Supervisores(as) e orientadores(as)<\/span> passam por <span style=\"color: #ff0000;\">capacita\u00e7\u00e3o espec\u00edfica<\/span>, oferecida pelo Sistema Enade. Abaixo s\u00e3o disponibilizados dois materiais de apoio:<\/p>\n<ul>\n<li><a href=\"https:\/\/wp.ufpel.edu.br\/fisica-licenciatura\/files\/2025\/05\/guia_do_supervisor_da_avaliacao_pratica.pdf\">guia do supervisor da Avalia\u00e7\u00e3o Pr\u00e1tica (AP)<\/a>: folder explicativo sobre a AP;<\/li>\n<li style=\"text-align: justify;\"><a href=\"https:\/\/wp.ufpel.edu.br\/fisica-licenciatura\/files\/2025\/05\/Acesso_capacitacaoeAP.pdf\">orienta\u00e7\u00f5es aos supervisores e orientadores de est\u00e1gio<\/a>: <span style=\"color: #ff0000;\">acesso \u00e0 capacita\u00e7\u00e3o e aos instrumentos de AP<\/span> (elaborado por equipe da UNILA).<\/li>\n<\/ul>\n<p>A contribui\u00e7\u00e3o de cada agente envolvido \u00e9 extremamente relevante para a coleta de informa\u00e7\u00f5es acerca das condi\u00e7\u00f5es de realiza\u00e7\u00e3o do est\u00e1gio supervisionado. <strong>O nome e CPF s\u00e3o preservados em conson\u00e2ncia com a Lei Geral de Prote\u00e7\u00e3o de Dados (Lei LGPD n\u00ba 13.709\/2018) que impede o Inep de divulgar tais informa\u00e7\u00f5es<\/strong>.<\/p>\n<p><strong>NOTA:<\/strong> <strong>Este instrumento deve ser preenchido exclusivamente por cada um dos agentes, n\u00e3o sendo admitidas quaisquer manipula\u00e7\u00f5es, influ\u00eancias ou press\u00f5es de terceiros.<\/strong> Caso alguma dessas situa\u00e7\u00f5es seja percebida, configurando tentativa de manipula\u00e7\u00e3o do preenchimento do question\u00e1rio, orientamos que seja estabelecido contato com o Instituto Nacional de Estudos e Pesquisas Educacionais An\u00edsio Teixeira (Inep), por meio dos canais dispon\u00edveis para o \u201cAtendimento ao Cidad\u00e3o\u201d, acess\u00edveis no Portal do Inep.<\/p>\n","protected":false},"excerpt":{"rendered":"<p>A Avalia\u00e7\u00e3o da Pr\u00e1tica (AP) do Enade das Licenciaturas tem por objetivo avaliar, com fins diagn\u00f3sticos, os conhecimentos, as compet\u00eancias e as habilidades pr\u00e1ticas desenvolvidas pelos estudantes de licenciatura, bem como levantar informa\u00e7\u00f5es a respeito das caracter\u00edsticas, condi\u00e7\u00f5es e atividades pr\u00e1ticas realizadas. As atividades pr\u00e1ticas ser\u00e3o avaliadas pelo Enade das Licenciaturas durante a realiza\u00e7\u00e3o dos [&hellip;]<\/p>\n","protected":false},"author":1147,"featured_media":0,"parent":0,"menu_order":0,"comment_status":"closed","ping_status":"closed","template":"","meta":{"jetpack_post_was_ever_published":false,"footnotes":""},"class_list":["post-3131","page","type-page","status-publish","hentry"],"jetpack_sharing_enabled":true,"jetpack_shortlink":"https:\/\/wp.me\/P6RZnX-Ov","_links":{"self":[{"href":"https:\/\/wp.ufpel.edu.br\/fisica-licenciatura\/wp-json\/wp\/v2\/pages\/3131","targetHints":{"allow":["GET"]}}],"collection":[{"href":"https:\/\/wp.ufpel.edu.br\/fisica-licenciatura\/wp-json\/wp\/v2\/pages"}],"about":[{"href":"https:\/\/wp.ufpel.edu.br\/fisica-licenciatura\/wp-json\/wp\/v2\/types\/page"}],"author":[{"embeddable":true,"href":"https:\/\/wp.ufpel.edu.br\/fisica-licenciatura\/wp-json\/wp\/v2\/users\/1147"}],"replies":[{"embeddable":true,"href":"https:\/\/wp.ufpel.edu.br\/fisica-licenciatura\/wp-json\/wp\/v2\/comments?post=3131"}],"version-history":[{"count":4,"href":"https:\/\/wp.ufpel.edu.br\/fisica-licenciatura\/wp-json\/wp\/v2\/pages\/3131\/revisions"}],"predecessor-version":[{"id":3601,"href":"https:\/\/wp.ufpel.edu.br\/fisica-licenciatura\/wp-json\/wp\/v2\/pages\/3131\/revisions\/3601"}],"wp:attachment":[{"href":"https:\/\/wp.ufpel.edu.br\/fisica-licenciatura\/wp-json\/wp\/v2\/media?parent=3131"}],"curies":[{"name":"wp","href":"https:\/\/api.w.org\/{rel}","templated":true}]}}