{"id":3105,"date":"2024-09-06T16:23:48","date_gmt":"2024-09-06T19:23:48","guid":{"rendered":"https:\/\/wp.ufpel.edu.br\/fisica-licenciatura\/?page_id=3105"},"modified":"2024-09-06T16:34:23","modified_gmt":"2024-09-06T19:34:23","slug":"infraestrutura","status":"publish","type":"page","link":"https:\/\/wp.ufpel.edu.br\/fisica-licenciatura\/infraestrutura\/","title":{"rendered":"INFRAESTRUTURA"},"content":{"rendered":"<p><span style=\"font-family: 'comic sans ms', sans-serif; font-size: 10pt;\">O Curso de Licenciatura em F\u00edsica conta com a infraestrutura de salas de aula, laborat\u00f3rios, espa\u00e7os administrativos e gabinetes docentes do Instituto de F\u00edsica e Matem\u00e1tica (IFM). Todos esses espa\u00e7os est\u00e3o localizados no campus Cap\u00e3o do Le\u00e3o, distribu\u00eddos nos pr\u00e9dios 5, 13 e 16.<\/span><\/p>\n","protected":false},"excerpt":{"rendered":"<p>O Curso de Licenciatura em F\u00edsica conta com a infraestrutura de salas de aula, laborat\u00f3rios, espa\u00e7os administrativos e gabinetes docentes do Instituto de F\u00edsica e Matem\u00e1tica (IFM). Todos esses espa\u00e7os est\u00e3o localizados no campus Cap\u00e3o do Le\u00e3o, distribu\u00eddos nos pr\u00e9dios 5, 13 e 16.<\/p>\n","protected":false},"author":1147,"featured_media":0,"parent":0,"menu_order":0,"comment_status":"closed","ping_status":"closed","template":"","meta":{"jetpack_post_was_ever_published":false,"footnotes":""},"class_list":["post-3105","page","type-page","status-publish","hentry"],"jetpack_sharing_enabled":true,"jetpack_shortlink":"https:\/\/wp.me\/P6RZnX-O5","_links":{"self":[{"href":"https:\/\/wp.ufpel.edu.br\/fisica-licenciatura\/wp-json\/wp\/v2\/pages\/3105","targetHints":{"allow":["GET"]}}],"collection":[{"href":"https:\/\/wp.ufpel.edu.br\/fisica-licenciatura\/wp-json\/wp\/v2\/pages"}],"about":[{"href":"https:\/\/wp.ufpel.edu.br\/fisica-licenciatura\/wp-json\/wp\/v2\/types\/page"}],"author":[{"embeddable":true,"href":"https:\/\/wp.ufpel.edu.br\/fisica-licenciatura\/wp-json\/wp\/v2\/users\/1147"}],"replies":[{"embeddable":true,"href":"https:\/\/wp.ufpel.edu.br\/fisica-licenciatura\/wp-json\/wp\/v2\/comments?post=3105"}],"version-history":[{"count":5,"href":"https:\/\/wp.ufpel.edu.br\/fisica-licenciatura\/wp-json\/wp\/v2\/pages\/3105\/revisions"}],"predecessor-version":[{"id":3112,"href":"https:\/\/wp.ufpel.edu.br\/fisica-licenciatura\/wp-json\/wp\/v2\/pages\/3105\/revisions\/3112"}],"wp:attachment":[{"href":"https:\/\/wp.ufpel.edu.br\/fisica-licenciatura\/wp-json\/wp\/v2\/media?parent=3105"}],"curies":[{"name":"wp","href":"https:\/\/api.w.org\/{rel}","templated":true}]}}