{"id":3000,"date":"2024-07-26T14:18:06","date_gmt":"2024-07-26T17:18:06","guid":{"rendered":"https:\/\/wp.ufpel.edu.br\/fisica-licenciatura\/?page_id=3000"},"modified":"2025-07-02T19:52:13","modified_gmt":"2025-07-02T22:52:13","slug":"ingressantes-habilitados","status":"publish","type":"page","link":"https:\/\/wp.ufpel.edu.br\/fisica-licenciatura\/ingressantes-habilitados\/","title":{"rendered":"Ingressantes habilitados"},"content":{"rendered":"<p>Para esta edi\u00e7\u00e3o do Enade das Licenciaturas 2025, os seguintes estudantes ingressantes s\u00e3o considerados habilitados:<\/p>\n<ol>\n<li>ser\u00e3o definidos dentro do cronograma do Enade.<\/li>\n<\/ol>\n<p><strong>A inscri\u00e7\u00e3o dos ingressantes no Enade das Licenciaturas 2025 pelo curso \u00e9 t\u00e3o somente pela regularidade destes, j\u00e1 que n\u00e3o participam nas etapas de avalia\u00e7\u00e3o fixadas pelo Enade<\/strong>.<\/p>\n<p>&nbsp;<\/p>\n","protected":false},"excerpt":{"rendered":"<p>Para esta edi\u00e7\u00e3o do Enade das Licenciaturas 2025, os seguintes estudantes ingressantes s\u00e3o considerados habilitados: ser\u00e3o definidos dentro do cronograma do Enade. A inscri\u00e7\u00e3o dos ingressantes no Enade das Licenciaturas 2025 pelo curso \u00e9 t\u00e3o somente pela regularidade destes, j\u00e1 que n\u00e3o participam nas etapas de avalia\u00e7\u00e3o fixadas pelo Enade. &nbsp;<\/p>\n","protected":false},"author":1147,"featured_media":0,"parent":0,"menu_order":0,"comment_status":"closed","ping_status":"closed","template":"","meta":{"jetpack_post_was_ever_published":false,"footnotes":""},"class_list":["post-3000","page","type-page","status-publish","hentry"],"jetpack_sharing_enabled":true,"jetpack_shortlink":"https:\/\/wp.me\/P6RZnX-Mo","_links":{"self":[{"href":"https:\/\/wp.ufpel.edu.br\/fisica-licenciatura\/wp-json\/wp\/v2\/pages\/3000","targetHints":{"allow":["GET"]}}],"collection":[{"href":"https:\/\/wp.ufpel.edu.br\/fisica-licenciatura\/wp-json\/wp\/v2\/pages"}],"about":[{"href":"https:\/\/wp.ufpel.edu.br\/fisica-licenciatura\/wp-json\/wp\/v2\/types\/page"}],"author":[{"embeddable":true,"href":"https:\/\/wp.ufpel.edu.br\/fisica-licenciatura\/wp-json\/wp\/v2\/users\/1147"}],"replies":[{"embeddable":true,"href":"https:\/\/wp.ufpel.edu.br\/fisica-licenciatura\/wp-json\/wp\/v2\/comments?post=3000"}],"version-history":[{"count":3,"href":"https:\/\/wp.ufpel.edu.br\/fisica-licenciatura\/wp-json\/wp\/v2\/pages\/3000\/revisions"}],"predecessor-version":[{"id":3479,"href":"https:\/\/wp.ufpel.edu.br\/fisica-licenciatura\/wp-json\/wp\/v2\/pages\/3000\/revisions\/3479"}],"wp:attachment":[{"href":"https:\/\/wp.ufpel.edu.br\/fisica-licenciatura\/wp-json\/wp\/v2\/media?parent=3000"}],"curies":[{"name":"wp","href":"https:\/\/api.w.org\/{rel}","templated":true}]}}