{"id":30,"date":"2015-02-04T11:42:54","date_gmt":"2015-02-04T13:42:54","guid":{"rendered":"https:\/\/wp.ufpel.edu.br\/fisica-licenciatura\/?page_id=30"},"modified":"2015-08-10T16:40:19","modified_gmt":"2015-08-10T19:40:19","slug":"nucleo-docente-estruturante","status":"publish","type":"page","link":"https:\/\/wp.ufpel.edu.br\/fisica-licenciatura\/nucleo-docente-estruturante\/","title":{"rendered":"N\u00daCLEO DOCENTE ESTRUTURANTE"},"content":{"rendered":"<p style=\"text-align: justify\"><span style=\"font-family: georgia,palatino;font-size: 10pt;color: #000000\">\u00a0\u00a0\u00a0\u00a0 Conforme a Resolu\u00e7\u00e3o N\u00ba. 01, de 17 de junho de 2010, da Comiss\u00e3o Nacional de Avalia\u00e7\u00e3o da Educa\u00e7\u00e3o Superior (CONAES), o N\u00facleo Docente Estruturante (NDE) de um curso de gradua\u00e7\u00e3o constitui-se de um grupo de docentes, com atribui\u00e7\u00f5es acad\u00eamicas de acompanhamento, atuante no processo de concep\u00e7\u00e3o, consolida\u00e7\u00e3o e cont\u00ednua atualiza\u00e7\u00e3o do projeto pedag\u00f3gico do curso. O NDE deve ser constitu\u00eddo por membros do corpo docente do curso, que exer\u00e7am lideran\u00e7a acad\u00eamica no \u00e2mbito do mesmo, percebida na produ\u00e7\u00e3o de conhecimentos na \u00e1rea, no desenvolvimento do ensino, e em outras dimens\u00f5es entendidas como importantes pela institui\u00e7\u00e3o, e que atuem no desenvolvimento do curso.<\/span><\/p>\n<p style=\"text-align: justify\"><span style=\"font-family: georgia,palatino;font-size: 10pt;color: #000000\">\u00a0\u00a0\u00a0\u00a0 De acordo com a Portaria N\u00ba. 24, do Gabinete da Dire\u00e7\u00e3o do IFM, de 07 de agosto de 2015, o NDE do Curso de Licenciatura em F\u00edsica da UFPel tem a seguinte composi\u00e7\u00e3o:<\/span><\/p>\n<ul style=\"text-align: justify\">\n<li><span style=\"font-family: georgia,palatino;font-size: 10pt;color: #000000\">Prof. Fernando Jaques Ruiz Sim\u00f5es Junior (Presidente);<\/span><\/li>\n<li><span style=\"font-family: georgia,palatino;font-size: 10pt;color: #000000\">Prof. \u00c1lvaro Leonardi Ayala Filho;<br \/>\n<\/span><\/li>\n<li><span style=\"font-family: georgia,palatino;font-size: 10pt;color: #000000\">Prof. Eduardo Fontes Henriques;<\/span><\/li>\n<li><span style=\"font-family: georgia,palatino;font-size: 10pt;color: #000000\">Prof. Leslie Dari\u00e9n P\u00e9rez Fern\u00e1ndez;<\/span><\/li>\n<li><span style=\"font-family: georgia,palatino;font-size: 10pt;color: #000000\">Prof. Joel Pavan;<\/span><\/li>\n<li><span style=\"font-family: georgia,palatino;font-size: 10pt;color: #000000\">Prof. M\u00e1rio L\u00facio Moreira;<\/span><\/li>\n<li><span style=\"font-family: georgia,palatino;font-size: 10pt;color: #000000\">Prof. Werner Krambeck Sauter.<\/span><\/li>\n<\/ul>\n","protected":false},"excerpt":{"rendered":"<p>\u00a0\u00a0\u00a0\u00a0 Conforme a Resolu\u00e7\u00e3o N\u00ba. 01, de 17 de junho de 2010, da Comiss\u00e3o Nacional de Avalia\u00e7\u00e3o da Educa\u00e7\u00e3o Superior (CONAES), o N\u00facleo Docente Estruturante (NDE) de um curso de gradua\u00e7\u00e3o constitui-se de um grupo de docentes, com atribui\u00e7\u00f5es acad\u00eamicas de acompanhamento, atuante no processo de concep\u00e7\u00e3o, consolida\u00e7\u00e3o e cont\u00ednua atualiza\u00e7\u00e3o do projeto pedag\u00f3gico do [&hellip;]<\/p>\n","protected":false},"author":366,"featured_media":0,"parent":0,"menu_order":0,"comment_status":"closed","ping_status":"closed","template":"","meta":{"jetpack_post_was_ever_published":false,"footnotes":""},"class_list":["post-30","page","type-page","status-publish","hentry"],"jetpack_sharing_enabled":true,"jetpack_shortlink":"https:\/\/wp.me\/P6RZnX-u","_links":{"self":[{"href":"https:\/\/wp.ufpel.edu.br\/fisica-licenciatura\/wp-json\/wp\/v2\/pages\/30","targetHints":{"allow":["GET"]}}],"collection":[{"href":"https:\/\/wp.ufpel.edu.br\/fisica-licenciatura\/wp-json\/wp\/v2\/pages"}],"about":[{"href":"https:\/\/wp.ufpel.edu.br\/fisica-licenciatura\/wp-json\/wp\/v2\/types\/page"}],"author":[{"embeddable":true,"href":"https:\/\/wp.ufpel.edu.br\/fisica-licenciatura\/wp-json\/wp\/v2\/users\/366"}],"replies":[{"embeddable":true,"href":"https:\/\/wp.ufpel.edu.br\/fisica-licenciatura\/wp-json\/wp\/v2\/comments?post=30"}],"version-history":[{"count":5,"href":"https:\/\/wp.ufpel.edu.br\/fisica-licenciatura\/wp-json\/wp\/v2\/pages\/30\/revisions"}],"predecessor-version":[{"id":631,"href":"https:\/\/wp.ufpel.edu.br\/fisica-licenciatura\/wp-json\/wp\/v2\/pages\/30\/revisions\/631"}],"wp:attachment":[{"href":"https:\/\/wp.ufpel.edu.br\/fisica-licenciatura\/wp-json\/wp\/v2\/media?parent=30"}],"curies":[{"name":"wp","href":"https:\/\/api.w.org\/{rel}","templated":true}]}}