{"id":2987,"date":"2024-07-26T14:19:14","date_gmt":"2024-07-26T17:19:14","guid":{"rendered":"https:\/\/wp.ufpel.edu.br\/fisica-licenciatura\/?page_id=2987"},"modified":"2025-07-02T20:35:07","modified_gmt":"2025-07-02T23:35:07","slug":"concluintes-habilitados-para-at","status":"publish","type":"page","link":"https:\/\/wp.ufpel.edu.br\/fisica-licenciatura\/concluintes-habilitados-para-at\/","title":{"rendered":"Concluintes habilitados (AT)"},"content":{"rendered":"<p>Os <strong>estudantes<\/strong> abaixo relacionados s\u00e3o considerados <strong>concluintes<\/strong>\u00a0<strong>habilitados para a Avalia\u00e7\u00e3o Te\u00f3rica (AT)<\/strong>, na edi\u00e7\u00e3o do <strong>Enade 2025<\/strong>:<\/p>\n<ol>\n<li>Maruan Silva dos Santos<\/li>\n<li>Miguel Lima da Silva<\/li>\n<\/ol>\n<p>Nesta edi\u00e7\u00e3o do Enade 2025, o formato da AT \u00e9 regido pela <a href=\"https:\/\/wp.ufpel.edu.br\/fisica-licenciatura\/files\/2025\/07\/Enade_2025___Matriz_Fisica.pdf\">Portaria N<sup>o<\/sup> 322, de 26 de maio de 2025<\/a>, que disp\u00f5e sobre a Matriz de Refer\u00eancia do componente espec\u00edfico de Licenciatura em F\u00edsica. A leitura desta Portaria \u00e9 essencial para a realiza\u00e7\u00e3o da AT.<\/p>\n<h4>Etapas para a realiza\u00e7\u00e3o da AT<\/h4>\n<p>Os estudantes concluintes habilitados para a realiza\u00e7\u00e3o da AT dever\u00e3o realizar as seguintes etapas obrigat\u00f3rias:<\/p>\n<ol>\n<li><span style=\"color: #0000ff;\"><strong>cadastro do estudante<\/strong><\/span> <strong>(14 a 25 de julho de 2025)<\/strong>;<\/li>\n<li><span dir=\"ltr\" role=\"presentation\"><strong><span style=\"color: #0000ff;\">solicita\u00e7\u00e3o de atendimento especializado<\/span> (14 a 25 de julho de 2025)<\/strong>;<\/span><\/li>\n<li><strong><span style=\"color: #0000ff;\">solicita\u00e7\u00e3o de altera\u00e7\u00e3o do munic\u00edpio de realiza\u00e7\u00e3o da AT<\/span> (14 a 25 de julho de 2025);<\/strong><\/li>\n<li style=\"text-align: justify;\"><span style=\"color: #0000ff;\"><strong>question\u00e1rio do estudante<\/strong><\/span> <strong>(14 a 25 de julho de 2025)<\/strong>;<\/li>\n<li><span style=\"color: #0000ff;\"><strong>avalia\u00e7\u00e3o te\u00f3rica (AT)<\/strong><\/span> <strong>(26 de outubro de 2025)<\/strong>.<\/li>\n<\/ol>\n<p><span style=\"color: #ff0000;\"><strong>As etapas 1, 2, 3<\/strong> <strong>e 4 devem ser<\/strong><\/span> <span style=\"color: #ff0000;\"><strong>realizadas<\/strong> <strong>no<\/strong><\/span> <span style=\"color: #ff0000;\"><strong>sistema Prova Nacional Docente (PND)<\/strong><\/span>, dispon\u00edvel no endere\u00e7o <span style=\"color: #ff0000;\"><a style=\"color: #ff0000;\" href=\"https:\/\/pnd.inep.gov.br\/pnd\/\">https:\/\/pnd.inep.gov.br\/pnd\/<\/a><\/span>, dentro dos per\u00edodos indicados acima, sendo que a etapa 1 \u00e9 condi\u00e7\u00e3o para a realiza\u00e7\u00e3o das demais. O local de realiza\u00e7\u00e3o da AT ser\u00e1 informado no dia 07 de outubro de 2025, atrav\u00e9s do sistema PND.<\/p>\n<p>&nbsp;<\/p>\n","protected":false},"excerpt":{"rendered":"<p>Os estudantes abaixo relacionados s\u00e3o considerados concluintes\u00a0habilitados para a Avalia\u00e7\u00e3o Te\u00f3rica (AT), na edi\u00e7\u00e3o do Enade 2025: Maruan Silva dos Santos Miguel Lima da Silva Nesta edi\u00e7\u00e3o do Enade 2025, o formato da AT \u00e9 regido pela Portaria No 322, de 26 de maio de 2025, que disp\u00f5e sobre a Matriz de Refer\u00eancia do componente [&hellip;]<\/p>\n","protected":false},"author":1147,"featured_media":0,"parent":0,"menu_order":0,"comment_status":"closed","ping_status":"closed","template":"","meta":{"jetpack_post_was_ever_published":false,"footnotes":""},"class_list":["post-2987","page","type-page","status-publish","hentry"],"jetpack_sharing_enabled":true,"jetpack_shortlink":"https:\/\/wp.me\/P6RZnX-Mb","_links":{"self":[{"href":"https:\/\/wp.ufpel.edu.br\/fisica-licenciatura\/wp-json\/wp\/v2\/pages\/2987","targetHints":{"allow":["GET"]}}],"collection":[{"href":"https:\/\/wp.ufpel.edu.br\/fisica-licenciatura\/wp-json\/wp\/v2\/pages"}],"about":[{"href":"https:\/\/wp.ufpel.edu.br\/fisica-licenciatura\/wp-json\/wp\/v2\/types\/page"}],"author":[{"embeddable":true,"href":"https:\/\/wp.ufpel.edu.br\/fisica-licenciatura\/wp-json\/wp\/v2\/users\/1147"}],"replies":[{"embeddable":true,"href":"https:\/\/wp.ufpel.edu.br\/fisica-licenciatura\/wp-json\/wp\/v2\/comments?post=2987"}],"version-history":[{"count":24,"href":"https:\/\/wp.ufpel.edu.br\/fisica-licenciatura\/wp-json\/wp\/v2\/pages\/2987\/revisions"}],"predecessor-version":[{"id":3485,"href":"https:\/\/wp.ufpel.edu.br\/fisica-licenciatura\/wp-json\/wp\/v2\/pages\/2987\/revisions\/3485"}],"wp:attachment":[{"href":"https:\/\/wp.ufpel.edu.br\/fisica-licenciatura\/wp-json\/wp\/v2\/media?parent=2987"}],"curies":[{"name":"wp","href":"https:\/\/api.w.org\/{rel}","templated":true}]}}