{"id":2938,"date":"2024-07-25T13:54:52","date_gmt":"2024-07-25T16:54:52","guid":{"rendered":"https:\/\/wp.ufpel.edu.br\/fisica-licenciatura\/?page_id=2938"},"modified":"2024-07-25T16:58:54","modified_gmt":"2024-07-25T19:58:54","slug":"enade-2024","status":"publish","type":"page","link":"https:\/\/wp.ufpel.edu.br\/fisica-licenciatura\/enade-2024\/","title":{"rendered":"Enade 2024"},"content":{"rendered":"<p>Este ano o Curso de Licenciatura em F\u00edsica foi enquadrado como participante do Exame Nacional de Desempenho dos Estudantes (<strong>Enade<\/strong>), <strong>edi\u00e7\u00e3o 2024<\/strong>, que ser\u00e1 a primeira edi\u00e7\u00e3o do Enade para os cursos de licenciatura &#8211; <strong>Enade das Licenciaturas<\/strong>. Os documentos que gerem a edi\u00e7\u00e3o do Enade das Licenciaturas 2024 s\u00e3o os seguintes:<\/p>\n<ol>\n<li style=\"text-align: justify;\"><span dir=\"ltr\" role=\"presentation\"><a href=\"https:\/\/wp.ufpel.edu.br\/fisica-licenciatura\/files\/2024\/07\/Edital-Enade-2024-INEP.pdf\">Edital Inep N\u00ba 124, de 20 de Julho de 2024<\/a>;<\/span><\/li>\n<li><span dir=\"ltr\" role=\"presentation\"><a href=\"https:\/\/wp.ufpel.edu.br\/fisica-licenciatura\/files\/2024\/07\/PORTARIA_NA__610__DE_27_DE_JUNHO_DE_2024___PORTARIA_NA__610__DE_27_DE_JUNHO_DE_2024___DOU___Imprensa_Nacional.pdf\">Portaria MEC N\u00ba 610, de 27 de julho de 2024<\/a>;<\/span><\/li>\n<li><span dir=\"ltr\" role=\"presentation\"><a href=\"https:\/\/wp.ufpel.edu.br\/fisica-licenciatura\/files\/2024\/07\/PORTARIA_NA__611__DE_27_DE_JUNHO_DE_2024___PORTARIA_NA__611__DE_27_DE_JUNHO_DE_2024___DOU___Imprensa_Nacional.pdf\">Portaria MEC N\u00ba 611, de 27 de julho de 2024<\/a>.<\/span><\/li>\n<\/ol>\n<p><span dir=\"ltr\" role=\"presentation\">Antes de efetuar qualquer a\u00e7\u00e3o, os estudantes habilitados para as diferentes etapas dever\u00e3o ler os documentos acima<\/span><span dir=\"ltr\" role=\"presentation\">, para tomarem ci\u00eancia de todas as condi\u00e7\u00f5es neles\u00a0<\/span><span dir=\"ltr\" role=\"presentation\">estabelecidas e certi<\/span><span class=\"markedContent\"><span dir=\"ltr\" role=\"presentation\">fi<\/span><\/span><span dir=\"ltr\" role=\"presentation\">carem-se de que preenchem todos os requisitos para o Enade das Licenciaturas 2024.<\/span><\/p>\n<p>O Enade das Licenciaturas 2024 ser\u00e1 composto pelos seguintes processos avaliativos:<\/p>\n<ol>\n<li>Avalia\u00e7\u00e3o Te\u00f3rica (AT);<\/li>\n<li>Avalia\u00e7\u00e3o da Pr\u00e1tica (AP).<\/li>\n<\/ol>\n<h4>Quem est\u00e1 habilitado para a AT?<\/h4>\n<p>No Curso de Licenciatura em F\u00edsica, s\u00e3o considerados habilitados para a realiza\u00e7\u00e3o da AT os discentes enquadrados nas seguintes condi\u00e7\u00f5es:<\/p>\n<ul>\n<li style=\"text-align: justify;\"><strong>ingressantes:<\/strong> aqueles que tenham iniciado o respectivo curso no ano de 2024, estejam devidamente matriculados e tenham de 0 a 25% da carga hor\u00e1ria m\u00ednima do curr\u00edculo do curso integralizada at\u00e9 o \u00faltimo dia do per\u00edodo de retifica\u00e7\u00e3o de inscri\u00e7\u00f5es do Enade das Licenciaturas (31 de agosto de 2024). <strong>Os estudantes ingressantes habilitados<\/strong>, devidamente inscritos pelas IES, <strong>ficar\u00e3o dispensados da participa\u00e7\u00e3o no Enade das Licenciaturas 2024<\/strong>, tendo sua situa\u00e7\u00e3o de regularidade atribu\u00edda pelo INEP;<\/li>\n<li style=\"text-align: justify;\"><strong>concluintes:<\/strong> aqueles que tenham integralizado 80% ou mais da carga hor\u00e1ria m\u00ednima do curr\u00edculo do curso definido pelas IES e n\u00e3o tenham colado grau at\u00e9 o \u00faltimo dia do per\u00edodo de retifica\u00e7\u00e3o de inscri\u00e7\u00f5es do Enade das Licenciaturas (31 de agosto de 2024), ou aqueles com previs\u00e3o de integraliza\u00e7\u00e3o de 100% da carga hor\u00e1ria do curso at\u00e9 julho de 2025.<\/li>\n<\/ul>\n<p>Os estudantes concluintes habilitados para AT, devidamente inscritos pelas IES, ficam convocados para participa\u00e7\u00e3o nas etapas do Enade das Licenciaturas 2024, tendo sua regularidade atribu\u00edda, conforme item 6.2 do Edital Inep N<span dir=\"ltr\" role=\"presentation\">\u00ba 124<\/span>.<\/p>\n<p>A <strong>inscri\u00e7\u00e3o dos estudantes ingressantes e concluintes habilitados para a AT<\/strong> ser\u00e1 feita pelo Coordenador do Curso, no per\u00edodo de 23 de julho a 09 de agosto de 2024. A r<span dir=\"ltr\" role=\"presentation\">eti<\/span><span class=\"markedContent\"><span dir=\"ltr\" role=\"presentation\">fi<\/span><\/span><span dir=\"ltr\" role=\"presentation\">ca\u00e7\u00e3o de enquadramento e de inscri\u00e7\u00f5es ser\u00e1 feita pelo Procurador Educacional Institucional e pelo Coordenador do Curso, no per\u00edodo de 10 a 31 de agosto de 2024.<\/span><\/p>\n<h4>Quem est\u00e1 habilitado para a AP?<\/h4>\n<p>No Curso de Licenciatura em F\u00edsica, s\u00e3o considerados <strong>habilitados para a realiza\u00e7\u00e3o da AP<\/strong> os discentes que, no \u00e2mbito do <strong>est\u00e1gio supervisionado obrigat\u00f3rio<\/strong>, estejam realizando ou que iniciem a <strong>reg\u00eancia de classe<\/strong> na Educa\u00e7\u00e3o B\u00e1sica durante o per\u00edodo das inscri\u00e7\u00f5es na AP e at\u00e9 o final do m\u00eas de julho de 2025.<\/p>\n<p>A <strong>inscri\u00e7\u00e3o dos estudantes habilitados para a AP<\/strong> ser\u00e1 feita pelo Coordenador do Curso em dois momentos:<\/p>\n<ul>\n<li><strong>1<sup>o<\/sup> per\u00edodo de AP (segundo semestre de 2024):<\/strong> 16 de setembro a 15 de novembro de 2024<\/li>\n<li><strong>2<sup>o<\/sup> per\u00edodo de AP (primeiro semestre de 2025):<\/strong> 03 de fevereiro a 04 de abril de 2025<\/li>\n<\/ul>\n<p style=\"text-align: justify;\">Os estudantes concluintes habilitados para AP, devidamente inscritos pelas IES, ficam convocados para participa\u00e7\u00e3o nas etapas do Enade das Licenciaturas 2024, tendo sua regularidade atribu\u00edda, conforme item 6.2 do Edital Inep N<span dir=\"ltr\" role=\"presentation\">\u00ba 124<\/span>.<\/p>\n<h4>As etapas de AT e AP ser\u00e3o realizadas pelos mesmos estudantes?<\/h4>\n<p style=\"text-align: justify;\">\u00c9 importante ressaltar que as etapas AT e AP s\u00e3o processos distintos. Enquanto a etapa AT est\u00e1 vinculado \u00e0 condi\u00e7\u00e3o de concluinte pelo estudante, como definido acima, a etapa AP est\u00e1 condicionada \u00e0 execu\u00e7\u00e3o da etapa de reg\u00eancia do est\u00e1gio curricular obrigat\u00f3rio dentro de um dos dois per\u00edodos de AP definidos acima. Assim, a rela\u00e7\u00e3o dos estudantes habilitados para AT e AP poder\u00e1 ser diferente, dentro dos termos do Edital Inep N<span dir=\"ltr\" role=\"presentation\">\u00ba 124.<\/span><\/p>\n<h4>Quais s\u00e3o as etapas do Enade das Licenciaturas 2024?<\/h4>\n<p>Os estudantes habilitados, devidamente inscritos pelas IES, dever\u00e3o cumprir as seguintes etapas, definidas pelo Edital Inep N<span dir=\"ltr\" role=\"presentation\">\u00ba 124<\/span>:<\/p>\n<ol>\n<li style=\"text-align: justify;\"><strong>preenchimento do cadastro do estudante (item 10):<\/strong> instrumento de car\u00e1ter obrigat\u00f3rio, tanto para os estudantes habilitados para a AT quanto para a AP, deve ser realizado pelo estudante no sistema Enade, dispon\u00edvel no endere\u00e7o <a href=\"http:\/\/enade.inep.gov.br\/\">enade.inep.gov.br<\/a>, no per\u00edodo de <strong>02 de setembro a 23 de novembro<\/strong><b> de 2024<\/b>\u00a0(at\u00e9 as 23h59, hor\u00e1rio de Bras\u00edlia). O preenchimento do cadastro do estudante \u00e9 condi\u00e7\u00e3o para a realiza\u00e7\u00e3o das demais etapas do Enade;<\/li>\n<li style=\"text-align: justify;\"><strong>question\u00e1rio do estudante (item 12):<\/strong> instrumento de car\u00e1ter obrigat\u00f3rio, tanto para os estudantes habilitados para a AT quanto para a AP, dever\u00e1 ser preenchido completamente pelos estudantes, exclusivamente no sistema Enade, dispon\u00edvel no endere\u00e7o <a href=\"http:\/\/enade.inep.gov.br\/\">enade.inep.gov.br<\/a>, de <strong style=\"color: var(--cor-texto); font-family: var(--fonte-corpo);\">02 de setembro a 23 de novembro<\/strong><b style=\"color: var(--cor-texto); font-family: var(--fonte-corpo);\"> de 2024 <\/b>(at\u00e9 as 23h59, hor\u00e1rio de Bras\u00edlia), para os <strong>estudantes habilitados somente para a AT<\/strong>. Para os estudantes habilitados para a AP, o preenchimento dever\u00e1 ser realizado de <strong style=\"color: var(--cor-texto); font-family: var(--fonte-corpo);\">16 de setembro a 23 de novembro<\/strong><b style=\"color: var(--cor-texto); font-family: var(--fonte-corpo);\">\u00a0de 2024 <\/b><span style=\"color: var(--cor-texto); font-family: var(--fonte-corpo);\">(at\u00e9 as 23h59, hor\u00e1rio de Bras\u00edlia), para o 1<sup>o<\/sup> per\u00edodo de AP, e de <strong>03 de fevereiro a 31 de maio de 2025<\/strong>, para o 2<sup>o<\/sup> per\u00edodo de AP. <\/span>Esse question\u00e1rio \u00e9 destinado a coletar informa\u00e7\u00f5es que permitam caracterizar o perfil dos estudantes e o contexto de seus processos formativos, as quais s\u00e3o relevantes para a compreens\u00e3o dos resultados te\u00f3ricos e pr\u00e1ticos dos estudantes no Enade e para subsidiar os processos de avalia\u00e7\u00e3o do Curso;<\/li>\n<li style=\"text-align: justify;\"><strong>question\u00e1rio de AP do estudante:<\/strong> instrumento de car\u00e1ter obrigat\u00f3rio para os estudantes habilitados para a AP, dever\u00e1 ser preenchido completamente pelos estudantes, exclusivamente no sistema Enade, dispon\u00edvel no endere\u00e7o <a style=\"font-family: var(--fonte-corpo);\" href=\"http:\/\/enade.inep.gov.br\/\">enade.inep.gov.br<\/a><span style=\"color: var(--cor-texto); font-family: var(--fonte-corpo);\">, de <\/span><strong style=\"color: var(--cor-texto); font-family: var(--fonte-corpo);\">16 de setembro a 03 de dezembro<\/strong><b style=\"color: var(--cor-texto); font-family: var(--fonte-corpo);\">\u00a0de 2024 <\/b><span style=\"color: var(--cor-texto); font-family: var(--fonte-corpo);\">(at\u00e9 as 23h59, hor\u00e1rio de Bras\u00edlia), para o 1<sup>o<\/sup> per\u00edodo de AP, e de <strong>03 de fevereiro a 31 de julho de 2025<\/strong>, para o 2<sup>o<\/sup> per\u00edodo de AP. <\/span>Esse question\u00e1rio \u00e9 destinado \u00e0 avalia\u00e7\u00e3o de conhecimentos, compet\u00eancias e habilidades pr\u00e1ticas, e aplicado durante os est\u00e1gios supervisionados obrigat\u00f3rios previstos nas diretrizes curriculares nacionais;<\/li>\n<li style=\"text-align: justify;\"><strong>realiza\u00e7\u00e3o da Avalia\u00e7\u00e3o Te\u00f3rica (AT) (itens 13 e 14):<\/strong> instrumento de car\u00e1ter obrigat\u00f3rio para os estudantes concluintes, o estudante realizar\u00e1 a <strong>prova de Avalia\u00e7\u00e3o Te\u00f3rica (AT) de forma presencial<\/strong>\u00a0no munic\u00edpio de funcionamento do curso, no caso\u00a0<strong>Cap\u00e3o do Le\u00e3o, RS<\/strong>, no\u00a0<strong>dia 24 de novembro de 2024<\/strong>. A aplica\u00e7\u00e3o da prova ter\u00e1<strong> in\u00edcio as 13h30 e t\u00e9rmino as 18h <\/strong>(hor\u00e1rio de Bras\u00edlia). Os port\u00f5es do local de prova se abrem as 12h, com fechamento as 13h (hor\u00e1rio de Bras\u00edlia).<\/li>\n<\/ol>\n<p><strong>ATEN\u00c7\u00c3O:<\/strong> <strong>Os instrumentos previstos nos itens 2, 3 e 4, por serem de car\u00e1ter obrigat\u00f3rio, configurar\u00e3o a efetiva participa\u00e7\u00e3o dos estudantes no processo<\/strong>, <strong>servindo como comprova\u00e7\u00e3o de regularidade perante o Enade das Licenciaturas 2024, que ser\u00e1 registrada em seu Hist\u00f3rico Escolar. A exist\u00eancia de irregularidade perante o Enade impossibilita a cola\u00e7\u00e3o de grau do estudante, em decorr\u00eancia da n\u00e3o conclus\u00e3o do curso, pois caracteriza aus\u00eancia de cumprimento de componente curricular obrigat\u00f3rio.<\/strong><\/p>\n","protected":false},"excerpt":{"rendered":"<p>Este ano o Curso de Licenciatura em F\u00edsica foi enquadrado como participante do Exame Nacional de Desempenho dos Estudantes (Enade), edi\u00e7\u00e3o 2024, que ser\u00e1 a primeira edi\u00e7\u00e3o do Enade para os cursos de licenciatura &#8211; Enade das Licenciaturas. Os documentos que gerem a edi\u00e7\u00e3o do Enade das Licenciaturas 2024 s\u00e3o os seguintes: Edital Inep N\u00ba [&hellip;]<\/p>\n","protected":false},"author":1147,"featured_media":0,"parent":0,"menu_order":0,"comment_status":"closed","ping_status":"closed","template":"","meta":{"jetpack_post_was_ever_published":false,"footnotes":""},"class_list":["post-2938","page","type-page","status-publish","hentry"],"jetpack_sharing_enabled":true,"jetpack_shortlink":"https:\/\/wp.me\/P6RZnX-Lo","_links":{"self":[{"href":"https:\/\/wp.ufpel.edu.br\/fisica-licenciatura\/wp-json\/wp\/v2\/pages\/2938","targetHints":{"allow":["GET"]}}],"collection":[{"href":"https:\/\/wp.ufpel.edu.br\/fisica-licenciatura\/wp-json\/wp\/v2\/pages"}],"about":[{"href":"https:\/\/wp.ufpel.edu.br\/fisica-licenciatura\/wp-json\/wp\/v2\/types\/page"}],"author":[{"embeddable":true,"href":"https:\/\/wp.ufpel.edu.br\/fisica-licenciatura\/wp-json\/wp\/v2\/users\/1147"}],"replies":[{"embeddable":true,"href":"https:\/\/wp.ufpel.edu.br\/fisica-licenciatura\/wp-json\/wp\/v2\/comments?post=2938"}],"version-history":[{"count":29,"href":"https:\/\/wp.ufpel.edu.br\/fisica-licenciatura\/wp-json\/wp\/v2\/pages\/2938\/revisions"}],"predecessor-version":[{"id":2979,"href":"https:\/\/wp.ufpel.edu.br\/fisica-licenciatura\/wp-json\/wp\/v2\/pages\/2938\/revisions\/2979"}],"wp:attachment":[{"href":"https:\/\/wp.ufpel.edu.br\/fisica-licenciatura\/wp-json\/wp\/v2\/media?parent=2938"}],"curies":[{"name":"wp","href":"https:\/\/api.w.org\/{rel}","templated":true}]}}