{"id":2925,"date":"2024-07-25T13:32:58","date_gmt":"2024-07-25T16:32:58","guid":{"rendered":"https:\/\/wp.ufpel.edu.br\/fisica-licenciatura\/?page_id=2925"},"modified":"2024-07-25T13:32:58","modified_gmt":"2024-07-25T16:32:58","slug":"enade","status":"publish","type":"page","link":"https:\/\/wp.ufpel.edu.br\/fisica-licenciatura\/enade\/","title":{"rendered":"ENADE"},"content":{"rendered":"<p>O <strong>Exame Nacional de Desempenho dos Estudantes<\/strong> (<strong>Enade<\/strong>) avalia o rendimento dos concluintes dos cursos de gradua\u00e7\u00e3o em rela\u00e7\u00e3o aos conte\u00fados program\u00e1ticos previstos nas diretrizes curriculares dos cursos, o desenvolvimento de compet\u00eancias e habilidades necess\u00e1rias ao aprofundamento da forma\u00e7\u00e3o geral e profissional, e o n\u00edvel de atualiza\u00e7\u00e3o dos estudantes com rela\u00e7\u00e3o \u00e0 realidade brasileira e mundial.<\/p>\n<p>Aplicado pelo Instituto Nacional de Estudos e Pesquisas Educacionais An\u00edsio Teixeira (Inep) desde 2004, o Enade integra o Sistema Nacional de Avalia\u00e7\u00e3o da Educa\u00e7\u00e3o Superior (Sinaes), composto tamb\u00e9m pela Avalia\u00e7\u00e3o de cursos de gradua\u00e7\u00e3o e pela Avalia\u00e7\u00e3o institucional. Juntos eles formam o trip\u00e9 avaliativo que permite conhecer a qualidade dos cursos e institui\u00e7\u00f5es de educa\u00e7\u00e3o superior brasileiras. Os resultados do Enade, aliados \u00e0s respostas do Question\u00e1rio do Estudante, s\u00e3o insumos para o c\u00e1lculo dos Indicadores de Qualidade da Educa\u00e7\u00e3o Superior.<\/p>\n<p>O Ciclo Avaliativo do Enade determina as \u00e1reas de avalia\u00e7\u00e3o e os cursos a elas vinculados. As \u00e1reas de conhecimento para os cursos de bacharelado e licenciatura derivam da tabela de \u00e1reas do conhecimento divulgada pelo Conselho Nacional de Desenvolvimento Cient\u00edfico e Tecnol\u00f3gico (CNPq). J\u00e1 os eixos tecnol\u00f3gicos s\u00e3o baseados no Cat\u00e1logo Nacional de Cursos Superiores de Tecnologia (CNCST), do Minist\u00e9rio da Educa\u00e7\u00e3o.<\/p>\n<p>A inscri\u00e7\u00e3o \u00e9 obrigat\u00f3ria para estudantes ingressantes e concluintes habilitados de cursos de bacharelado e superiores de tecnologia vinculados \u00e0s \u00e1reas de avalia\u00e7\u00e3o da edi\u00e7\u00e3o. A situa\u00e7\u00e3o de regularidade do estudante \u00e9 registrada no hist\u00f3rico escolar.<\/p>\n<p>O\u00a0<strong>Enade \u00e9 componente curricular obrigat\u00f3rio<\/strong>, conforme determina o \u00a7 5\u00ba do art. 5\u00ba da Lei n\u00ba 10.861, de 2004, e o \u00a7 1\u00ba do art. 39 da Portaria Normativa MEC n\u00ba 840, de 2018,\u00a0<strong>sendo condi\u00e7\u00e3o necess\u00e1ria para a conclus\u00e3o do curso de gradua\u00e7\u00e3o<\/strong>.<\/p>\n","protected":false},"excerpt":{"rendered":"<p>O Exame Nacional de Desempenho dos Estudantes (Enade) avalia o rendimento dos concluintes dos cursos de gradua\u00e7\u00e3o em rela\u00e7\u00e3o aos conte\u00fados program\u00e1ticos previstos nas diretrizes curriculares dos cursos, o desenvolvimento de compet\u00eancias e habilidades necess\u00e1rias ao aprofundamento da forma\u00e7\u00e3o geral e profissional, e o n\u00edvel de atualiza\u00e7\u00e3o dos estudantes com rela\u00e7\u00e3o \u00e0 realidade brasileira e [&hellip;]<\/p>\n","protected":false},"author":1147,"featured_media":0,"parent":0,"menu_order":0,"comment_status":"closed","ping_status":"closed","template":"","meta":{"jetpack_post_was_ever_published":false,"footnotes":""},"class_list":["post-2925","page","type-page","status-publish","hentry"],"jetpack_sharing_enabled":true,"jetpack_shortlink":"https:\/\/wp.me\/P6RZnX-Lb","_links":{"self":[{"href":"https:\/\/wp.ufpel.edu.br\/fisica-licenciatura\/wp-json\/wp\/v2\/pages\/2925","targetHints":{"allow":["GET"]}}],"collection":[{"href":"https:\/\/wp.ufpel.edu.br\/fisica-licenciatura\/wp-json\/wp\/v2\/pages"}],"about":[{"href":"https:\/\/wp.ufpel.edu.br\/fisica-licenciatura\/wp-json\/wp\/v2\/types\/page"}],"author":[{"embeddable":true,"href":"https:\/\/wp.ufpel.edu.br\/fisica-licenciatura\/wp-json\/wp\/v2\/users\/1147"}],"replies":[{"embeddable":true,"href":"https:\/\/wp.ufpel.edu.br\/fisica-licenciatura\/wp-json\/wp\/v2\/comments?post=2925"}],"version-history":[{"count":4,"href":"https:\/\/wp.ufpel.edu.br\/fisica-licenciatura\/wp-json\/wp\/v2\/pages\/2925\/revisions"}],"predecessor-version":[{"id":2930,"href":"https:\/\/wp.ufpel.edu.br\/fisica-licenciatura\/wp-json\/wp\/v2\/pages\/2925\/revisions\/2930"}],"wp:attachment":[{"href":"https:\/\/wp.ufpel.edu.br\/fisica-licenciatura\/wp-json\/wp\/v2\/media?parent=2925"}],"curies":[{"name":"wp","href":"https:\/\/api.w.org\/{rel}","templated":true}]}}