{"id":2839,"date":"2024-03-07T15:20:59","date_gmt":"2024-03-07T18:20:59","guid":{"rendered":"https:\/\/wp.ufpel.edu.br\/fisica-licenciatura\/?page_id=2839"},"modified":"2024-09-06T16:11:30","modified_gmt":"2024-09-06T19:11:30","slug":"nde","status":"publish","type":"page","link":"https:\/\/wp.ufpel.edu.br\/fisica-licenciatura\/nde\/","title":{"rendered":"NDE"},"content":{"rendered":"<p class=\"western\" lang=\"pt-BR\"><span style=\"font-family: 'comic sans ms', sans-serif; font-size: 10pt;\">Al\u00e9m dos instrumentos de avalia\u00e7\u00e3o anteriores, o Curso de Licenciatura em F\u00edsica da UFPel conta com o N\u00facleo Docente Estruturante (NDE). Esse desempenha um papel cr\u00edtico no que se refere \u00e0 execu\u00e7\u00e3o do PPC com vistas \u00e0 realiza\u00e7\u00e3o de ajustes e corre\u00e7\u00f5es imediatas, al\u00e9m de promover avalia\u00e7\u00f5es peri\u00f3dicas sobre o PPC sempre que essas se mostrarem oportunas.<\/span><\/p>\n<p class=\"western\" lang=\"pt-BR\"><span style=\"font-family: 'comic sans ms', sans-serif; font-size: 10pt;\">O NDE deve ser respons\u00e1vel pela concep\u00e7\u00e3o do PPC desde a sua formula\u00e7\u00e3o, estendendo-se a sua implementa\u00e7\u00e3o, execu\u00e7\u00e3o e \u00e0 an\u00e1lise dos resultados e impactos por ele produzidos. A realiza\u00e7\u00e3o desse tipo de atividade, cont\u00ednua e sistem\u00e1tica, contribuir\u00e1 para o fortalecimento do PPC. A proposi\u00e7\u00e3o da avalia\u00e7\u00e3o a ser desenvolvida por esse n\u00facleo vai al\u00e9m do mero procedimento burocr\u00e1tico de listagem de erros e acertos, ou seja, buscar\u00e1 um melhoramento cont\u00ednuo por parte dos resultados do processo de forma\u00e7\u00e3o do F\u00edsico \u2013 educador, comprometido no aprendizado social das organiza\u00e7\u00f5es envolvidas neste campo profissional e promovendo a sistematiza\u00e7\u00e3o de informa\u00e7\u00f5es que contribuir\u00e3o para o aprimoramento do PPC.<\/span><\/p>\n<p class=\"western\" lang=\"pt-BR\"><span style=\"font-family: 'comic sans ms', sans-serif; font-size: 10pt;\">As atribui\u00e7\u00f5es e o funcionamento do NDE do Curso de Licenciatura em F\u00edsica est\u00e3o descritos em Regimento pr\u00f3prio, inclu\u00eddo no ap\u00eandice B deste PPC. A composi\u00e7\u00e3o atual do NDE \u00e9 definida pela <span style=\"color: #000000;\">Portaria IFM\/UFPel N\u00ba 22<\/span><span style=\"color: #000000;\">, de 16 de agosto de 2024<\/span><span style=\"color: #000000;\">,<\/span><b> <\/b>estando assim constitu\u00edda:<\/span><\/p>\n<ul>\n<li class=\"lista-western\" lang=\"pt-BR\"><span style=\"font-family: 'comic sans ms', sans-serif; font-size: 10pt;\">Prof. Alexandre Diehl <span style=\"color: #000000;\">(p<\/span>residente)<\/span><\/li>\n<li class=\"lista-western\" lang=\"pt-BR\"><span style=\"font-family: 'comic sans ms', sans-serif; font-size: 10pt;\">Prof. \u00c1lvaro Leonardi Ayala Filho \u2013 <span style=\"color: #000000;\">Departamento de F\u00edsica<\/span><\/span><\/li>\n<li class=\"lista-western\" lang=\"pt-BR\"><span style=\"font-family: 'comic sans ms', sans-serif; font-size: 10pt;\">Prof. Arlan da Silva Ferreira<span style=\"color: #000000;\"> \u2013 <\/span><span style=\"color: #000000;\">Departamento de F\u00edsica<\/span><\/span><\/li>\n<li class=\"lista-western\" lang=\"pt-BR\"><span style=\"font-family: 'comic sans ms', sans-serif; font-size: 10pt;\"><span style=\"color: #000000;\">Prof. Maur\u00edcio Zahn<\/span><span style=\"color: #000000;\"><span lang=\"pt-BR\">\u00a0\u2013 Departamento de Matem\u00e1tica e Estat\u00edstica<\/span><\/span><\/span><\/li>\n<li class=\"lista-western\" lang=\"pt-BR\"><span style=\"font-family: 'comic sans ms', sans-serif; font-size: 10pt;\"><span style=\"color: #000000;\">Prof. <\/span><span style=\"color: #000000;\"><span lang=\"pt-BR\">Jos\u00e9 Rafael Bordin<\/span><\/span><span style=\"color: #000000;\"> \u2013 <\/span><span style=\"color: #000000;\">Departamento de F\u00edsica<\/span><\/span><\/li>\n<li class=\"lista-western\" lang=\"pt-BR\"><span style=\"font-family: 'comic sans ms', sans-serif; font-size: 10pt;\">Prof. Pedro Lovato Gomes Jardim \u2013 <span style=\"color: #000000;\">Departamento de F\u00edsica<\/span><\/span><\/li>\n<li class=\"lista-western\" lang=\"pt-BR\"><span style=\"font-family: 'comic sans ms', sans-serif; font-size: 10pt;\">Prof. Rafael Cavagnoli \u2013 <span style=\"color: #000000;\">Departamento de F\u00edsica<\/span><\/span><\/li>\n<\/ul>\n","protected":false},"excerpt":{"rendered":"<p>Al\u00e9m dos instrumentos de avalia\u00e7\u00e3o anteriores, o Curso de Licenciatura em F\u00edsica da UFPel conta com o N\u00facleo Docente Estruturante (NDE). Esse desempenha um papel cr\u00edtico no que se refere \u00e0 execu\u00e7\u00e3o do PPC com vistas \u00e0 realiza\u00e7\u00e3o de ajustes e corre\u00e7\u00f5es imediatas, al\u00e9m de promover avalia\u00e7\u00f5es peri\u00f3dicas sobre o PPC sempre que essas se [&hellip;]<\/p>\n","protected":false},"author":1147,"featured_media":0,"parent":0,"menu_order":0,"comment_status":"closed","ping_status":"closed","template":"","meta":{"jetpack_post_was_ever_published":false,"footnotes":""},"class_list":["post-2839","page","type-page","status-publish","hentry"],"jetpack_sharing_enabled":true,"jetpack_shortlink":"https:\/\/wp.me\/P6RZnX-JN","_links":{"self":[{"href":"https:\/\/wp.ufpel.edu.br\/fisica-licenciatura\/wp-json\/wp\/v2\/pages\/2839","targetHints":{"allow":["GET"]}}],"collection":[{"href":"https:\/\/wp.ufpel.edu.br\/fisica-licenciatura\/wp-json\/wp\/v2\/pages"}],"about":[{"href":"https:\/\/wp.ufpel.edu.br\/fisica-licenciatura\/wp-json\/wp\/v2\/types\/page"}],"author":[{"embeddable":true,"href":"https:\/\/wp.ufpel.edu.br\/fisica-licenciatura\/wp-json\/wp\/v2\/users\/1147"}],"replies":[{"embeddable":true,"href":"https:\/\/wp.ufpel.edu.br\/fisica-licenciatura\/wp-json\/wp\/v2\/comments?post=2839"}],"version-history":[{"count":3,"href":"https:\/\/wp.ufpel.edu.br\/fisica-licenciatura\/wp-json\/wp\/v2\/pages\/2839\/revisions"}],"predecessor-version":[{"id":3098,"href":"https:\/\/wp.ufpel.edu.br\/fisica-licenciatura\/wp-json\/wp\/v2\/pages\/2839\/revisions\/3098"}],"wp:attachment":[{"href":"https:\/\/wp.ufpel.edu.br\/fisica-licenciatura\/wp-json\/wp\/v2\/media?parent=2839"}],"curies":[{"name":"wp","href":"https:\/\/api.w.org\/{rel}","templated":true}]}}