{"id":2836,"date":"2024-03-07T15:19:44","date_gmt":"2024-03-07T18:19:44","guid":{"rendered":"https:\/\/wp.ufpel.edu.br\/fisica-licenciatura\/?page_id=2836"},"modified":"2024-03-07T15:26:29","modified_gmt":"2024-03-07T18:26:29","slug":"colegiado-2","status":"publish","type":"page","link":"https:\/\/wp.ufpel.edu.br\/fisica-licenciatura\/colegiado-2\/","title":{"rendered":"COLEGIADO"},"content":{"rendered":"<p class=\"western\" lang=\"pt-BR\"><span style=\"font-family: 'comic sans ms', sans-serif; font-size: 10pt;\">Em observ\u00e2ncia ao Art. 107 do Regimento Geral da Universidade, a coordena\u00e7\u00e3o did\u00e1tica do Curso de Licenciatura em F\u00edsica \u00e9 exercida pelo Colegiado. Conforme o Art. 126 do Regimento Geral da Universidade, o Colegiado do Curso possui as seguintes atribui\u00e7\u00f5es:<\/span><\/p>\n<ul>\n<li><span style=\"font-family: 'comic sans ms', sans-serif; font-size: 10pt;\">coordenar e supervisionar o curso;<\/span><\/li>\n<li><span style=\"font-family: 'comic sans ms', sans-serif; font-size: 10pt;\">receber reclama\u00e7\u00f5es e recursos na \u00e1rea do ensino;<\/span><\/li>\n<li><span style=\"font-family: 'comic sans ms', sans-serif; font-size: 10pt;\">apreciar os pedidos de transfer\u00eancia e estudar os casos de equival\u00eancia de disciplinas de outras Universidades ou Unidades de Ensino para efeitos de transfer\u00eancia;<\/span><\/li>\n<li><span style=\"font-family: 'comic sans ms', sans-serif; font-size: 10pt;\">elaborar ou rever o curr\u00edculo, submetendo-o ao COCEPE;<\/span><\/li>\n<li><span style=\"font-family: 'comic sans ms', sans-serif; font-size: 10pt;\">propor ao Conselho COCEPE a organiza\u00e7\u00e3o curricular do Curso;<\/span><\/li>\n<li><span style=\"font-family: 'comic sans ms', sans-serif; font-size: 10pt;\">emitir parecer sobre os processos relativos a aproveitamento de estudos e adapta\u00e7\u00e3o, mediante requerimento dos interessados;<\/span><\/li>\n<li><span style=\"font-family: 'comic sans ms', sans-serif; font-size: 10pt;\">assegurar a articula\u00e7\u00e3o entre o ciclo b\u00e1sico e o ciclo profissional do Curso;<\/span><\/li>\n<li><span style=\"font-family: 'comic sans ms', sans-serif; font-size: 10pt;\">estabelecer normas para o desempenho dos professores orientadores;<\/span><\/li>\n<li><span style=\"font-family: 'comic sans ms', sans-serif; font-size: 10pt;\">emitir parecer sobre recursos ou representa\u00e7\u00f5es de alunos sobre mat\u00e9ria did\u00e1tica;<\/span><\/li>\n<li><span style=\"font-family: 'comic sans ms', sans-serif; font-size: 10pt;\">aprovar o Plano de Ensino das disciplinas do Curso;<\/span><\/li>\n<li><span style=\"font-family: 'comic sans ms', sans-serif; font-size: 10pt;\">aprovar a lista de ofertas das disciplinas do Curso;<\/span><\/li>\n<li><span style=\"font-family: 'comic sans ms', sans-serif; font-size: 10pt;\">propor aos Departamentos ou C\u00e2maras correspondentes os hor\u00e1rios mais convenientes para as disciplinas de seu interesse;<\/span><\/li>\n<li><span style=\"font-family: 'comic sans ms', sans-serif; font-size: 10pt;\">elaborar seu Regimento, para aprova\u00e7\u00e3o pelo COCEPE.<\/span><\/li>\n<\/ul>\n<p><span style=\"font-family: 'comic sans ms', sans-serif; font-size: 10pt;\">O Colegiado \u00e9 dirigido pelo Coordenador do Curso, auxiliado pelo Coordenador Eventual, e \u00e9 composto por docentes da \u00e1rea profissionalizante e b\u00e1sica do Curso, assegurada a representa\u00e7\u00e3o estudantil. A composi\u00e7\u00e3o atual do Colegiado \u00e9 definida pela Portaria IFM\/UFPel N<sup>o<\/sup> 57, de 11 de dezembro de 2023, estando assim constitu\u00edda:<\/span><\/p>\n<ul>\n<li><span style=\"font-family: 'comic sans ms', sans-serif; font-size: 10pt;\">Prof. Alexandre Diehl (Coordenador)<\/span><\/li>\n<\/ul>\n<p class=\"western\" lang=\"pt-BR\"><span style=\"color: #0000ff;\"><strong><span style=\"font-family: 'comic sans ms', sans-serif; font-size: 10pt;\"><u>\u00c1rea profissionalizante<\/u>: docentes do Departamento de F\u00edsica<\/span><\/strong><\/span><\/p>\n<ul>\n<li class=\"western\" lang=\"pt-BR\"><span style=\"font-family: 'comic sans ms', sans-serif; font-size: 10pt;\">Prof. Carlos Alberto Vaz de Morais Junior<\/span><\/li>\n<li class=\"western\" lang=\"pt-BR\"><span style=\"font-family: 'comic sans ms', sans-serif; font-size: 10pt;\">Prof. F\u00e1bio Teixeira Dias<\/span><\/li>\n<li class=\"western\" lang=\"pt-BR\"><span style=\"font-family: 'comic sans ms', sans-serif; font-size: 10pt;\"> Prof. Valdemar das Neves Vieira<\/span><\/li>\n<li class=\"western\" lang=\"pt-BR\"><span style=\"font-family: 'comic sans ms', sans-serif; font-size: 10pt;\">Prof. Wagner Tenfen<\/span><\/li>\n<li class=\"western\" lang=\"pt-BR\"><span style=\"font-family: 'comic sans ms', sans-serif; font-size: 10pt;\">Prof. Eduardo Fontes Henriques (suplente)<\/span><\/li>\n<li class=\"western\" lang=\"pt-BR\"><span style=\"font-family: 'comic sans ms', sans-serif; font-size: 10pt;\"><span style=\"color: #000000;\">Prof.<\/span><i> <\/i><span style=\"color: #000000;\">Fernando Jaques Ruiz Sim\u00f5es Junior <\/span><span style=\"color: #000000;\">(suplente)<\/span><\/span><\/li>\n<\/ul>\n<p class=\"western\" lang=\"pt-BR\"><span style=\"color: #0000ff;\"><strong><span style=\"font-family: 'comic sans ms', sans-serif; font-size: 10pt;\"><u>\u00c1rea B\u00e1sica<\/u>:<\/span><\/strong><\/span><\/p>\n<p><span style=\"font-family: 'comic sans ms', sans-serif; font-size: 10pt;\">a) docentes do Departamento de Matem\u00e1tica e Estat\u00edstica<\/span><\/p>\n<ul>\n<li class=\"western\" lang=\"pt-BR\"><span style=\"font-family: 'comic sans ms', sans-serif; font-size: 10pt;\">Prof. <span style=\"color: #000000;\">Fernanda Kr\u00fcger Tomaschewski<\/span><\/span><\/li>\n<li class=\"western\" lang=\"pt-BR\"><span style=\"font-family: 'comic sans ms', sans-serif; font-size: 10pt;\">Prof. Janice Nery (suplente)<\/span><\/li>\n<\/ul>\n<p><span style=\"font-family: 'comic sans ms', sans-serif; font-size: 10pt;\">b) docentes do <span style=\"color: #000000;\"><span lang=\"pt-BR\">Departamento de Fundamentos da Educa\u00e7\u00e3o<\/span><\/span><\/span><\/p>\n<ul>\n<li class=\"western\" lang=\"pt-BR\"><span style=\"font-family: 'comic sans ms', sans-serif; font-size: 10pt;\"><span style=\"color: #000000;\">Prof. <\/span><span style=\"color: #000000;\"><span lang=\"pt-BR\">Jovino Pizzi <\/span><\/span><\/span><\/li>\n<li class=\"western\" lang=\"pt-BR\"><span style=\"font-family: 'comic sans ms', sans-serif; font-size: 10pt;\"><span style=\"color: #000000;\"> Prof. <\/span><span style=\"color: #000000;\"><span lang=\"pt-BR\">Paulo Lisandro Amaral Marques<\/span><\/span> <span style=\"color: #000000;\">(suplente) <\/span><\/span><\/li>\n<\/ul>\n<p class=\"western\" lang=\"pt-BR\"><span style=\"color: #0000ff;\"><strong><span style=\"font-family: 'comic sans ms', sans-serif; font-size: 10pt;\"><u>Representa\u00e7\u00e3o Discente<\/u>:<\/span><\/strong><\/span><\/p>\n<ul>\n<li class=\"western\" lang=\"pt-BR\"><span style=\"font-family: 'comic sans ms', sans-serif; font-size: 10pt;\">Acad\u00eamica Alice Horbe Santana<\/span><\/li>\n<li class=\"western\" lang=\"pt-BR\"><span style=\"font-family: 'comic sans ms', sans-serif; font-size: 10pt;\">Acad\u00eamico Maruan Silva dos Santos<\/span><\/li>\n<li class=\"western\" lang=\"pt-BR\"><span style=\"font-family: 'comic sans ms', sans-serif; font-size: 10pt;\">Acad\u00eamico Joaquim Modesto dos Passos (suplente)<\/span><\/li>\n<li class=\"western\" lang=\"pt-BR\"><span style=\"font-family: 'comic sans ms', sans-serif; font-size: 10pt;\">Acad\u00eamico Rafael da Silva Braz (suplente)<\/span><\/li>\n<\/ul>\n","protected":false},"excerpt":{"rendered":"<p>Em observ\u00e2ncia ao Art. 107 do Regimento Geral da Universidade, a coordena\u00e7\u00e3o did\u00e1tica do Curso de Licenciatura em F\u00edsica \u00e9 exercida pelo Colegiado. Conforme o Art. 126 do Regimento Geral da Universidade, o Colegiado do Curso possui as seguintes atribui\u00e7\u00f5es: coordenar e supervisionar o curso; receber reclama\u00e7\u00f5es e recursos na \u00e1rea do ensino; apreciar os [&hellip;]<\/p>\n","protected":false},"author":1147,"featured_media":0,"parent":0,"menu_order":0,"comment_status":"closed","ping_status":"closed","template":"","meta":{"jetpack_post_was_ever_published":false,"footnotes":""},"class_list":["post-2836","page","type-page","status-publish","hentry"],"jetpack_sharing_enabled":true,"jetpack_shortlink":"https:\/\/wp.me\/P6RZnX-JK","_links":{"self":[{"href":"https:\/\/wp.ufpel.edu.br\/fisica-licenciatura\/wp-json\/wp\/v2\/pages\/2836","targetHints":{"allow":["GET"]}}],"collection":[{"href":"https:\/\/wp.ufpel.edu.br\/fisica-licenciatura\/wp-json\/wp\/v2\/pages"}],"about":[{"href":"https:\/\/wp.ufpel.edu.br\/fisica-licenciatura\/wp-json\/wp\/v2\/types\/page"}],"author":[{"embeddable":true,"href":"https:\/\/wp.ufpel.edu.br\/fisica-licenciatura\/wp-json\/wp\/v2\/users\/1147"}],"replies":[{"embeddable":true,"href":"https:\/\/wp.ufpel.edu.br\/fisica-licenciatura\/wp-json\/wp\/v2\/comments?post=2836"}],"version-history":[{"count":2,"href":"https:\/\/wp.ufpel.edu.br\/fisica-licenciatura\/wp-json\/wp\/v2\/pages\/2836\/revisions"}],"predecessor-version":[{"id":2846,"href":"https:\/\/wp.ufpel.edu.br\/fisica-licenciatura\/wp-json\/wp\/v2\/pages\/2836\/revisions\/2846"}],"wp:attachment":[{"href":"https:\/\/wp.ufpel.edu.br\/fisica-licenciatura\/wp-json\/wp\/v2\/media?parent=2836"}],"curies":[{"name":"wp","href":"https:\/\/api.w.org\/{rel}","templated":true}]}}