{"id":2833,"date":"2024-03-07T15:11:29","date_gmt":"2024-03-07T18:11:29","guid":{"rendered":"https:\/\/wp.ufpel.edu.br\/fisica-licenciatura\/?page_id=2833"},"modified":"2025-06-14T10:19:46","modified_gmt":"2025-06-14T13:19:46","slug":"coordenacao","status":"publish","type":"page","link":"https:\/\/wp.ufpel.edu.br\/fisica-licenciatura\/coordenacao\/","title":{"rendered":"COORDENA\u00c7\u00c3O"},"content":{"rendered":"<p><span style=\"font-family: 'comic sans ms', sans-serif; font-size: 10pt;\">O Coordena\u00e7\u00e3o do Curso de Licenciatura em F\u00edsica da UFPel \u00e9 atualmente exercida pelo coordenador, <strong>Professor Alexandre Diehl (gest\u00e3o 2024-2026)<\/strong>, auxiliado pelo docente substituto eventual Prof. Valdemar das Neves Vieira.<\/span><\/p>\n<h3><span style=\"font-size: 12pt;\"><strong><span style=\"font-family: 'comic sans ms', sans-serif;\">Planos de a\u00e7\u00e3o e relat\u00f3rios da Coordena\u00e7\u00e3o<\/span><\/strong><\/span><\/h3>\n<p><span style=\"font-family: 'comic sans ms', sans-serif; font-size: 10pt;\"><span style=\"color: #0000ff;\"><strong>Gest\u00e3o 2024-2026:<\/strong><\/span> <a href=\"https:\/\/wp.ufpel.edu.br\/fisica-licenciatura\/files\/2024\/12\/SEI_23110.034181_2024_10_PlanoAcao_2024_2026_FINAL.pdf\">plano de a\u00e7\u00e3o<\/a><\/span><\/p>\n<p><span style=\"font-family: 'comic sans ms', sans-serif; font-size: 10pt;\"><span style=\"color: #0000ff;\"><strong>Gest\u00e3o 2020-2024:<\/strong><\/span> <a href=\"https:\/\/wp.ufpel.edu.br\/fisica-licenciatura\/files\/2024\/09\/SEI_23110.017814_2024_17.pdf\">plano de a\u00e7\u00e3o e relat\u00f3rio<\/a><\/span><\/p>\n","protected":false},"excerpt":{"rendered":"<p>O Coordena\u00e7\u00e3o do Curso de Licenciatura em F\u00edsica da UFPel \u00e9 atualmente exercida pelo coordenador, Professor Alexandre Diehl (gest\u00e3o 2024-2026), auxiliado pelo docente substituto eventual Prof. Valdemar das Neves Vieira. Planos de a\u00e7\u00e3o e relat\u00f3rios da Coordena\u00e7\u00e3o Gest\u00e3o 2024-2026: plano de a\u00e7\u00e3o Gest\u00e3o 2020-2024: plano de a\u00e7\u00e3o e relat\u00f3rio<\/p>\n","protected":false},"author":1147,"featured_media":0,"parent":0,"menu_order":0,"comment_status":"closed","ping_status":"closed","template":"","meta":{"jetpack_post_was_ever_published":false,"footnotes":""},"class_list":["post-2833","page","type-page","status-publish","hentry"],"jetpack_sharing_enabled":true,"jetpack_shortlink":"https:\/\/wp.me\/P6RZnX-JH","_links":{"self":[{"href":"https:\/\/wp.ufpel.edu.br\/fisica-licenciatura\/wp-json\/wp\/v2\/pages\/2833","targetHints":{"allow":["GET"]}}],"collection":[{"href":"https:\/\/wp.ufpel.edu.br\/fisica-licenciatura\/wp-json\/wp\/v2\/pages"}],"about":[{"href":"https:\/\/wp.ufpel.edu.br\/fisica-licenciatura\/wp-json\/wp\/v2\/types\/page"}],"author":[{"embeddable":true,"href":"https:\/\/wp.ufpel.edu.br\/fisica-licenciatura\/wp-json\/wp\/v2\/users\/1147"}],"replies":[{"embeddable":true,"href":"https:\/\/wp.ufpel.edu.br\/fisica-licenciatura\/wp-json\/wp\/v2\/comments?post=2833"}],"version-history":[{"count":17,"href":"https:\/\/wp.ufpel.edu.br\/fisica-licenciatura\/wp-json\/wp\/v2\/pages\/2833\/revisions"}],"predecessor-version":[{"id":3451,"href":"https:\/\/wp.ufpel.edu.br\/fisica-licenciatura\/wp-json\/wp\/v2\/pages\/2833\/revisions\/3451"}],"wp:attachment":[{"href":"https:\/\/wp.ufpel.edu.br\/fisica-licenciatura\/wp-json\/wp\/v2\/media?parent=2833"}],"curies":[{"name":"wp","href":"https:\/\/api.w.org\/{rel}","templated":true}]}}