{"id":2805,"date":"2024-03-07T13:36:26","date_gmt":"2024-03-07T16:36:26","guid":{"rendered":"https:\/\/wp.ufpel.edu.br\/fisica-licenciatura\/?page_id=2805"},"modified":"2025-06-09T16:43:43","modified_gmt":"2025-06-09T19:43:43","slug":"projeto-pedagogico-do-curso-2","status":"publish","type":"page","link":"https:\/\/wp.ufpel.edu.br\/fisica-licenciatura\/projeto-pedagogico-do-curso-2\/","title":{"rendered":"PROJETO PEDAG\u00d3GICO DO CURSO"},"content":{"rendered":"<p style=\"text-align: justify;\"><span style=\"font-family: 'comic sans ms', sans-serif; font-size: 10pt;\">O <strong>Curso de Licenciatura em F\u00edsica da UFPel<\/strong> est\u00e1 na <strong>vers\u00e3o curricular 9<\/strong>. Nesta p\u00e1gina listamos as tr\u00eas \u00faltimas vers\u00f5es curriculares, com a vers\u00e3o integral do Projeto Pedag\u00f3gico do Curso (PPC).<\/span><\/p>\n<p><span style=\"color: #ff0000; font-family: 'comic sans ms', sans-serif; font-size: 10pt;\"><strong>Atual<\/strong><\/span><\/p>\n<p><span style=\"font-family: 'comic sans ms', sans-serif; font-size: 10pt;\"><a href=\"https:\/\/wp.ufpel.edu.br\/fisica-licenciatura\/files\/2025\/06\/PPC_CLF2022_integralizaExtensao_V5.pdf\"><span style=\"color: #0000ff;\"><strong>Vers\u00e3o 9<\/strong><\/span><\/a> (aprovada pelo COCEPE em 03\/01\/2024. Adequa\u00e7\u00e3o aprovada pelo COCEPE em 09\/06\/2025): in\u00edcio no calend\u00e1rio 2024\/1<\/span><\/p>\n<p><span style=\"font-family: 'comic sans ms', sans-serif; font-size: 10pt;\">Todos os discentes com ingresso a partir de 2023\/1 foram transitados para esta vers\u00e3o curricular, como determinado pelas regras de transi\u00e7\u00e3o-equival\u00eancia entre os componentes curriculares do PPC.\u00a0<\/span><\/p>\n<p><span style=\"color: #ff0000; font-family: 'comic sans ms', sans-serif; font-size: 10pt;\"><strong>Vers\u00f5es anteriores<\/strong><\/span><\/p>\n<p><span style=\"font-family: 'comic sans ms', sans-serif; font-size: 10pt;\"><a href=\"https:\/\/wp.ufpel.edu.br\/fisica-licenciatura\/files\/2024\/03\/PPC_CLF2023_curriculo8_Final.pdf\"><strong><span style=\"color: #0000ff;\">Vers\u00e3o 8<\/span><\/strong><\/a> (aprovada pelo COCEPE em dezembro de 2019): inicio no calend\u00e1rio 2020\/1<\/span><\/p>\n<p class=\"western\" lang=\"pt-BR\"><span style=\"font-family: 'comic sans ms', sans-serif; font-size: 10pt;\">Para os discentes regulares nesta vers\u00e3o curricular (ingresso anterior ao calend\u00e1rio 2023\/1), poder\u00e1 ser recomendada a migra\u00e7\u00e3o para a vers\u00e3o curricular 9, ap\u00f3s an\u00e1lise individual do Colegiado do Curso sobre a sua viabilidade e pertin\u00eancia. Esta migra\u00e7\u00e3o ser\u00e1 facilitada, de modo a n\u00e3o prejudicar o andamento do Curso pelos discentes.<\/span><\/p>\n<p><span style=\"font-family: 'comic sans ms', sans-serif; font-size: 10pt;\"><a href=\"https:\/\/wp.ufpel.edu.br\/fisica-licenciatura\/files\/2021\/07\/PPC_Licenciatura_FisicaCURRICULO7.pdf\"><strong><span style=\"color: #0000ff;\">Vers\u00e3o 7<\/span><\/strong><\/a>: <\/span><span style=\"font-family: 'comic sans ms', sans-serif; font-size: 10pt;\">Esta vers\u00e3o n\u00e3o possui discentes vinculados.<\/span><\/p>\n","protected":false},"excerpt":{"rendered":"<p>O Curso de Licenciatura em F\u00edsica da UFPel est\u00e1 na vers\u00e3o curricular 9. Nesta p\u00e1gina listamos as tr\u00eas \u00faltimas vers\u00f5es curriculares, com a vers\u00e3o integral do Projeto Pedag\u00f3gico do Curso (PPC). Atual Vers\u00e3o 9 (aprovada pelo COCEPE em 03\/01\/2024. Adequa\u00e7\u00e3o aprovada pelo COCEPE em 09\/06\/2025): in\u00edcio no calend\u00e1rio 2024\/1 Todos os discentes com ingresso a [&hellip;]<\/p>\n","protected":false},"author":1147,"featured_media":0,"parent":0,"menu_order":0,"comment_status":"closed","ping_status":"closed","template":"","meta":{"jetpack_post_was_ever_published":false,"footnotes":""},"class_list":["post-2805","page","type-page","status-publish","hentry"],"jetpack_sharing_enabled":true,"jetpack_shortlink":"https:\/\/wp.me\/P6RZnX-Jf","_links":{"self":[{"href":"https:\/\/wp.ufpel.edu.br\/fisica-licenciatura\/wp-json\/wp\/v2\/pages\/2805","targetHints":{"allow":["GET"]}}],"collection":[{"href":"https:\/\/wp.ufpel.edu.br\/fisica-licenciatura\/wp-json\/wp\/v2\/pages"}],"about":[{"href":"https:\/\/wp.ufpel.edu.br\/fisica-licenciatura\/wp-json\/wp\/v2\/types\/page"}],"author":[{"embeddable":true,"href":"https:\/\/wp.ufpel.edu.br\/fisica-licenciatura\/wp-json\/wp\/v2\/users\/1147"}],"replies":[{"embeddable":true,"href":"https:\/\/wp.ufpel.edu.br\/fisica-licenciatura\/wp-json\/wp\/v2\/comments?post=2805"}],"version-history":[{"count":12,"href":"https:\/\/wp.ufpel.edu.br\/fisica-licenciatura\/wp-json\/wp\/v2\/pages\/2805\/revisions"}],"predecessor-version":[{"id":3450,"href":"https:\/\/wp.ufpel.edu.br\/fisica-licenciatura\/wp-json\/wp\/v2\/pages\/2805\/revisions\/3450"}],"wp:attachment":[{"href":"https:\/\/wp.ufpel.edu.br\/fisica-licenciatura\/wp-json\/wp\/v2\/media?parent=2805"}],"curies":[{"name":"wp","href":"https:\/\/api.w.org\/{rel}","templated":true}]}}