{"id":2795,"date":"2024-03-07T11:26:09","date_gmt":"2024-03-07T14:26:09","guid":{"rendered":"https:\/\/wp.ufpel.edu.br\/fisica-licenciatura\/?page_id=2795"},"modified":"2024-03-07T11:26:09","modified_gmt":"2024-03-07T14:26:09","slug":"perfil-do-egresso-2","status":"publish","type":"page","link":"https:\/\/wp.ufpel.edu.br\/fisica-licenciatura\/perfil-do-egresso-2\/","title":{"rendered":"PERFIL DO EGRESSO"},"content":{"rendered":"<p class=\"western\" lang=\"pt-BR\"><span style=\"font-family: 'comic sans ms', sans-serif; font-size: 10pt;\">Ao final do Curso, objetiva-se que o egresso do Curso de Licenciatura em F\u00edsica da UFPel seja um profissional integrado no meio cient\u00edfico e social e que possua as seguintes caracter\u00edsticas:<\/span><\/p>\n<ul>\n<li class=\"lista-western\" lang=\"pt-BR\"><span style=\"font-family: 'comic sans ms', sans-serif; font-size: 10pt;\">dom\u00ednio do conhecimento espec\u00edfico de F\u00edsica com \u00eanfase nos conceitos e leis b\u00e1sicas que constituem a ci\u00eancia;<\/span><\/li>\n<li class=\"lista-western\" lang=\"pt-BR\"><span style=\"font-family: 'comic sans ms', sans-serif; font-size: 10pt;\">capacidade de emprego de m\u00e9todos matem\u00e1ticos para a solu\u00e7\u00e3o de problemas f\u00edsicos;<\/span><\/li>\n<li class=\"lista-western\" lang=\"pt-BR\"><span style=\"font-family: 'comic sans ms', sans-serif; font-size: 10pt;\">consci\u00eancia da import\u00e2ncia das ci\u00eancias para a forma\u00e7\u00e3o da cidadania, principalmente nas quest\u00f5es da integra\u00e7\u00e3o do homem com o meio e a import\u00e2ncia da preserva\u00e7\u00e3o dos bens naturais;<\/span><\/li>\n<li class=\"lista-western\" lang=\"pt-BR\"><span style=\"font-family: 'comic sans ms', sans-serif; font-size: 10pt;\">capacidade de trabalhar em equipe e de forma integrada com os colegas da sua e de outras \u00e1reas, no sentido de contribuir com a proposta pedag\u00f3gica e gest\u00e3o da escola na qual est\u00e1 inserido, favorecendo com isso uma aprendizagem multidisciplinar e significativa dos alunos;<\/span><\/li>\n<li class=\"lista-western\" lang=\"pt-BR\"><span style=\"font-family: 'comic sans ms', sans-serif; font-size: 10pt;\">esp\u00edrito cr\u00edtico e abertura para investiga\u00e7\u00e3o cient\u00edfica, com vistas ao aprimoramento dos conhecimentos espec\u00edficos e did\u00e1tico-pedag\u00f3gicos;<\/span><\/li>\n<li class=\"lista-western\" lang=\"pt-BR\"><span style=\"font-family: 'comic sans ms', sans-serif; font-size: 10pt;\">familiaridade e reflex\u00e3o sobre a gest\u00e3o de metodologias e materiais de apoio ao ensino diversificado, de modo a poder decidir, diante de cada conte\u00fado espec\u00edfico e cada classe particular de alunos, qual o melhor procedimento pedag\u00f3gico para favorecer a aprendizagem, estando preparado para avaliar os resultados das a\u00e7\u00f5es empregadas;<\/span><\/li>\n<li class=\"lista-western\" lang=\"pt-BR\"><span style=\"font-family: 'comic sans ms', sans-serif; font-size: 10pt;\">capacidade de observar cada aluno na busca por alternativas de a\u00e7\u00e3o de forma a levar os mesmos a desenvolverem-se plenamente, com base nos resultados das avalia\u00e7\u00f5es, atuando como motivador no desenvolvimento integral do estudante;<\/span><\/li>\n<li class=\"lista-western\" lang=\"pt-BR\"><span style=\"font-family: 'comic sans ms', sans-serif; font-size: 10pt;\">busca pelo aprimoramento profissional, atrav\u00e9s da atualiza\u00e7\u00e3o de conhecimentos e incorpora\u00e7\u00e3o do uso de novas tecnologias, procurando sempre adaptar o seu trabalho \u00e0s novas demandas socioculturais;<\/span><\/li>\n<li class=\"lista-western\" lang=\"pt-BR\"><span style=\"font-family: 'comic sans ms', sans-serif; font-size: 10pt;\">capacidade de aprimoramento e motiva\u00e7\u00e3o para estudo individual e em grupo, visando \u00e0 forma\u00e7\u00e3o em n\u00edveis de p\u00f3s-gradua\u00e7\u00e3o.<\/span><\/li>\n<\/ul>\n","protected":false},"excerpt":{"rendered":"<p>Ao final do Curso, objetiva-se que o egresso do Curso de Licenciatura em F\u00edsica da UFPel seja um profissional integrado no meio cient\u00edfico e social e que possua as seguintes caracter\u00edsticas: dom\u00ednio do conhecimento espec\u00edfico de F\u00edsica com \u00eanfase nos conceitos e leis b\u00e1sicas que constituem a ci\u00eancia; capacidade de emprego de m\u00e9todos matem\u00e1ticos para [&hellip;]<\/p>\n","protected":false},"author":1147,"featured_media":0,"parent":0,"menu_order":0,"comment_status":"closed","ping_status":"closed","template":"","meta":{"jetpack_post_was_ever_published":false,"footnotes":""},"class_list":["post-2795","page","type-page","status-publish","hentry"],"jetpack_sharing_enabled":true,"jetpack_shortlink":"https:\/\/wp.me\/P6RZnX-J5","_links":{"self":[{"href":"https:\/\/wp.ufpel.edu.br\/fisica-licenciatura\/wp-json\/wp\/v2\/pages\/2795","targetHints":{"allow":["GET"]}}],"collection":[{"href":"https:\/\/wp.ufpel.edu.br\/fisica-licenciatura\/wp-json\/wp\/v2\/pages"}],"about":[{"href":"https:\/\/wp.ufpel.edu.br\/fisica-licenciatura\/wp-json\/wp\/v2\/types\/page"}],"author":[{"embeddable":true,"href":"https:\/\/wp.ufpel.edu.br\/fisica-licenciatura\/wp-json\/wp\/v2\/users\/1147"}],"replies":[{"embeddable":true,"href":"https:\/\/wp.ufpel.edu.br\/fisica-licenciatura\/wp-json\/wp\/v2\/comments?post=2795"}],"version-history":[{"count":1,"href":"https:\/\/wp.ufpel.edu.br\/fisica-licenciatura\/wp-json\/wp\/v2\/pages\/2795\/revisions"}],"predecessor-version":[{"id":2797,"href":"https:\/\/wp.ufpel.edu.br\/fisica-licenciatura\/wp-json\/wp\/v2\/pages\/2795\/revisions\/2797"}],"wp:attachment":[{"href":"https:\/\/wp.ufpel.edu.br\/fisica-licenciatura\/wp-json\/wp\/v2\/media?parent=2795"}],"curies":[{"name":"wp","href":"https:\/\/api.w.org\/{rel}","templated":true}]}}