{"id":252,"date":"2015-02-09T11:27:58","date_gmt":"2015-02-09T13:27:58","guid":{"rendered":"https:\/\/wp.ufpel.edu.br\/fisica-licenciatura\/?page_id=252"},"modified":"2021-07-18T01:28:25","modified_gmt":"2021-07-18T04:28:25","slug":"formularios-e-documentos","status":"publish","type":"page","link":"https:\/\/wp.ufpel.edu.br\/fisica-licenciatura\/formularios-e-documentos\/","title":{"rendered":"FORMUL\u00c1RIOS E DOCUMENTOS"},"content":{"rendered":"<p><span style=\"font-family: georgia,palatino;font-size: 10pt;color: #000000\"><a style=\"color: #000000\" href=\"https:\/\/wp.ufpel.edu.br\/fisica-licenciatura\/files\/2015\/02\/ATIVIDADES-DOMICILIARES.pdf\" target=\"_blank\" rel=\"noopener\">Atividades domiciliares<\/a><\/span><\/p>\n<p><span style=\"font-family: georgia,palatino;font-size: 10pt;color: #000000\"><a style=\"color: #000000\" href=\"https:\/\/wp.ufpel.edu.br\/fisica-licenciatura\/files\/2015\/02\/Avaliacao-docente.pdf\" target=\"_blank\" rel=\"noopener\">Avalia\u00e7\u00e3o docente<\/a><\/span><\/p>\n<p><span style=\"font-family: georgia,palatino;font-size: 10pt;color: #000000\"><a style=\"color: #000000\" href=\"https:\/\/wp.ufpel.edu.br\/fisica-licenciatura\/files\/2015\/02\/MATR\u00cdCULA-GRADE-CORRE\u00c7\u00c3O-DE-MATR\u00cdCULA.doc\" target=\"_blank\" rel=\"noopener\">Corre\u00e7\u00e3o de matr\u00edcula<\/a><\/span><\/p>\n<p><span style=\"font-family: georgia,palatino;font-size: 10pt;color: #000000\"><a style=\"color: #000000\" href=\"https:\/\/wp.ufpel.edu.br\/fisica-licenciatura\/files\/2015\/02\/JUSTIFICATIVA-DE-FALTAS.docx\" target=\"_blank\" rel=\"noopener\">Justificativa de faltas<\/a><\/span><\/p>\n<p><span style=\"font-family: georgia,palatino;font-size: 10pt;color: #000000\"><a style=\"color: #000000\" href=\"https:\/\/wp.ufpel.edu.br\/fisica-licenciatura\/files\/2015\/02\/REVIS\u00c3O-DE-PROVA.docx\" target=\"_blank\" rel=\"noopener\">Revis\u00e3o de prova<\/a><\/span><\/p>\n<p><span style=\"font-family: georgia,palatino;font-size: 10pt;color: #000000\"><a style=\"color: #000000\" href=\"https:\/\/wp.ufpel.edu.br\/fisica-licenciatura\/files\/2015\/02\/Requerimento-2\u00aa.-CHAMADA-de-Avalia\u00e7\u00e3o.doc\" target=\"_blank\" rel=\"noopener\">Segunda chamada de avalia\u00e7\u00e3o<\/a><\/span><\/p>\n<p><span style=\"font-family: georgia,palatino;font-size: 10pt;color: #000000\"><a style=\"color: #000000\" href=\"https:\/\/wp.ufpel.edu.br\/fisica-licenciatura\/files\/2015\/02\/Trancamento-de-disciplina.docx\" target=\"_blank\" rel=\"noopener\">Trancamento de disciplina<\/a><\/span><\/p>\n<p><span style=\"font-family: georgia,palatino;font-size: 10pt;color: #000000\"><a style=\"color: #000000\" href=\"https:\/\/wp.ufpel.edu.br\/fisica-licenciatura\/files\/2015\/02\/Trancamento-Geral-de-Matr\u00edcula.doc\" target=\"_blank\" rel=\"noopener\">Trancamento Geral de Matr\u00edcula<\/a><\/span><\/p>\n<p>&nbsp;<\/p>\n","protected":false},"excerpt":{"rendered":"<p>Atividades domiciliares Avalia\u00e7\u00e3o docente Corre\u00e7\u00e3o de matr\u00edcula Justificativa de faltas Revis\u00e3o de prova Segunda chamada de avalia\u00e7\u00e3o Trancamento de disciplina Trancamento Geral de Matr\u00edcula &nbsp;<\/p>\n","protected":false},"author":366,"featured_media":0,"parent":0,"menu_order":0,"comment_status":"closed","ping_status":"closed","template":"","meta":{"jetpack_post_was_ever_published":false,"footnotes":""},"class_list":["post-252","page","type-page","status-publish","hentry"],"jetpack_sharing_enabled":true,"jetpack_shortlink":"https:\/\/wp.me\/P6RZnX-44","_links":{"self":[{"href":"https:\/\/wp.ufpel.edu.br\/fisica-licenciatura\/wp-json\/wp\/v2\/pages\/252","targetHints":{"allow":["GET"]}}],"collection":[{"href":"https:\/\/wp.ufpel.edu.br\/fisica-licenciatura\/wp-json\/wp\/v2\/pages"}],"about":[{"href":"https:\/\/wp.ufpel.edu.br\/fisica-licenciatura\/wp-json\/wp\/v2\/types\/page"}],"author":[{"embeddable":true,"href":"https:\/\/wp.ufpel.edu.br\/fisica-licenciatura\/wp-json\/wp\/v2\/users\/366"}],"replies":[{"embeddable":true,"href":"https:\/\/wp.ufpel.edu.br\/fisica-licenciatura\/wp-json\/wp\/v2\/comments?post=252"}],"version-history":[{"count":13,"href":"https:\/\/wp.ufpel.edu.br\/fisica-licenciatura\/wp-json\/wp\/v2\/pages\/252\/revisions"}],"predecessor-version":[{"id":1935,"href":"https:\/\/wp.ufpel.edu.br\/fisica-licenciatura\/wp-json\/wp\/v2\/pages\/252\/revisions\/1935"}],"wp:attachment":[{"href":"https:\/\/wp.ufpel.edu.br\/fisica-licenciatura\/wp-json\/wp\/v2\/media?parent=252"}],"curies":[{"name":"wp","href":"https:\/\/api.w.org\/{rel}","templated":true}]}}