{"id":246,"date":"2015-02-09T10:51:59","date_gmt":"2015-02-09T12:51:59","guid":{"rendered":"https:\/\/wp.ufpel.edu.br\/fisica-licenciatura\/?page_id=246"},"modified":"2015-02-09T10:51:59","modified_gmt":"2015-02-09T12:51:59","slug":"outorga-de-grau","status":"publish","type":"page","link":"https:\/\/wp.ufpel.edu.br\/fisica-licenciatura\/outorga-de-grau\/","title":{"rendered":"OUTORGA DE GRAU"},"content":{"rendered":"<p style=\"text-align: justify\"><span style=\"font-family: georgia,palatino;font-size: 12pt;color: #000000\">Art. 87. As cola\u00e7\u00f5es de grau ocorrer\u00e3o em datas estabelecidas pelas unidades acad\u00eamicas, nos per\u00edodos definidos no calend\u00e1rio acad\u00eamico.<\/span><\/p>\n<p style=\"text-align: justify\"><span style=\"font-family: georgia,palatino;font-size: 12pt;color: #000000\">\u00a7 1\u00ba. As datas de cola\u00e7\u00e3o de grau, bem como a rela\u00e7\u00e3o de prov\u00e1veis formandos, dever\u00e3o ser previamente informadas, no in\u00edcio de cada per\u00edodo letivo, \u00e0 Diretoria de<\/span><br \/>\n<span style=\"font-family: georgia,palatino;font-size: 12pt;color: #000000\"> Registros Acad\u00eamicos.<\/span><\/p>\n<p style=\"text-align: justify\"><span style=\"font-family: georgia,palatino;font-size: 12pt;color: #000000\">\u00a7 2\u00ba. Caber\u00e1 \u00e0 Diretoria de Registros Acad\u00eamicos, ap\u00f3s a confer\u00eancia do processo de integraliza\u00e7\u00e3o curricular encaminhado pelo Colegiado de Curso, expedir a lista oficial dos concluintes aptos a colar grau.<\/span><\/p>\n<p style=\"text-align: justify\"><span style=\"font-family: georgia,palatino;font-size: 12pt;color: #000000\">\u00a7 3\u00ba. Os procedimentos de cola\u00e7\u00e3o de grau ser\u00e3o realizados pela Unidade Acad\u00eamica, a partir do recebimento da lista oficial a que se refere o par\u00e1grafo anterior.<\/span><\/p>\n<p style=\"text-align: justify\"><span style=\"font-family: georgia,palatino;font-size: 12pt;color: #000000\">\u00a7 4\u00ba. A outorga do grau ocorrer\u00e1 em solenidade p\u00fablica oficial presidida pelo Reitor, pelo respons\u00e1vel da Unidade, Coordenador do Curso ou, em caso de impedimento, por seus representantes legais.<\/span><\/p>\n<p style=\"text-align: justify\"><span style=\"font-family: georgia,palatino;font-size: 12pt;color: #000000\">\u00a7 5\u00ba. A solenidade de cola\u00e7\u00e3o de grau tamb\u00e9m poder\u00e1 ocorrer em separado, na Unidade Acad\u00eamica, com a presen\u00e7a do seu respons\u00e1vel ou de seu representante e de, no m\u00ednimo, dois professores.<\/span><\/p>\n<p style=\"text-align: justify\"><span style=\"font-family: georgia,palatino;font-size: 12pt;color: #000000\">\u00a7 6\u00ba. Na impossibilidade de participa\u00e7\u00e3o na cerim\u00f4nia oficial, o concluinte dever\u00e1 solicitar ao Colegiado de Curso que encaminhe \u00e0 Unidade o pedido de cola\u00e7\u00e3o de grau em data diferente da estabelecida inicialmente.<\/span><\/p>\n<p><span style=\"font-size: 12pt;color: #000000\">\u00a0<\/span><\/p>\n<p style=\"text-align: right\"><span style=\"font-family: georgia,palatino;font-size: 12pt;color: #000000\">Fonte: REGULAMENTO DO ENSINO DE GRADUA\u00c7\u00c3O NA UFPEL<\/span><\/p>\n","protected":false},"excerpt":{"rendered":"<p>Art. 87. As cola\u00e7\u00f5es de grau ocorrer\u00e3o em datas estabelecidas pelas unidades acad\u00eamicas, nos per\u00edodos definidos no calend\u00e1rio acad\u00eamico. \u00a7 1\u00ba. As datas de cola\u00e7\u00e3o de grau, bem como a rela\u00e7\u00e3o de prov\u00e1veis formandos, dever\u00e3o ser previamente informadas, no in\u00edcio de cada per\u00edodo letivo, \u00e0 Diretoria de Registros Acad\u00eamicos. \u00a7 2\u00ba. Caber\u00e1 \u00e0 Diretoria de [&hellip;]<\/p>\n","protected":false},"author":366,"featured_media":0,"parent":0,"menu_order":0,"comment_status":"closed","ping_status":"closed","template":"","meta":{"jetpack_post_was_ever_published":false,"footnotes":""},"class_list":["post-246","page","type-page","status-publish","hentry"],"jetpack_sharing_enabled":true,"jetpack_shortlink":"https:\/\/wp.me\/P6RZnX-3Y","_links":{"self":[{"href":"https:\/\/wp.ufpel.edu.br\/fisica-licenciatura\/wp-json\/wp\/v2\/pages\/246","targetHints":{"allow":["GET"]}}],"collection":[{"href":"https:\/\/wp.ufpel.edu.br\/fisica-licenciatura\/wp-json\/wp\/v2\/pages"}],"about":[{"href":"https:\/\/wp.ufpel.edu.br\/fisica-licenciatura\/wp-json\/wp\/v2\/types\/page"}],"author":[{"embeddable":true,"href":"https:\/\/wp.ufpel.edu.br\/fisica-licenciatura\/wp-json\/wp\/v2\/users\/366"}],"replies":[{"embeddable":true,"href":"https:\/\/wp.ufpel.edu.br\/fisica-licenciatura\/wp-json\/wp\/v2\/comments?post=246"}],"version-history":[{"count":1,"href":"https:\/\/wp.ufpel.edu.br\/fisica-licenciatura\/wp-json\/wp\/v2\/pages\/246\/revisions"}],"predecessor-version":[{"id":247,"href":"https:\/\/wp.ufpel.edu.br\/fisica-licenciatura\/wp-json\/wp\/v2\/pages\/246\/revisions\/247"}],"wp:attachment":[{"href":"https:\/\/wp.ufpel.edu.br\/fisica-licenciatura\/wp-json\/wp\/v2\/media?parent=246"}],"curies":[{"name":"wp","href":"https:\/\/api.w.org\/{rel}","templated":true}]}}