{"id":240,"date":"2015-02-09T10:20:16","date_gmt":"2015-02-09T12:20:16","guid":{"rendered":"https:\/\/wp.ufpel.edu.br\/fisica-licenciatura\/?page_id=240"},"modified":"2015-02-09T10:20:16","modified_gmt":"2015-02-09T12:20:16","slug":"reingresso","status":"publish","type":"page","link":"https:\/\/wp.ufpel.edu.br\/fisica-licenciatura\/reingresso\/","title":{"rendered":"REINGRESSO"},"content":{"rendered":"<p style=\"text-align: justify\"><span style=\"font-family: georgia,palatino;font-size: 12pt;color: #000000\">Art. 81. O reingresso ser\u00e1 concedido mediante processo seletivo regulamentado por meio de Resolu\u00e7\u00e3o do COCEPE, contando que o candidato:<\/span><\/p>\n<p style=\"text-align: justify\"><span style=\"font-family: georgia,palatino;font-size: 12pt;color: #000000\">I- esteja em situa\u00e7\u00e3o acad\u00eamica de desist\u00eancia;<\/span><\/p>\n<p style=\"text-align: justify\"><span style=\"font-family: georgia,palatino;font-size: 12pt;color: #000000\">II- tenha cancelado sua matr\u00edcula.<\/span><\/p>\n<p style=\"text-align: justify\"><span style=\"font-family: georgia,palatino;font-size: 12pt;color: #000000\">Par\u00e1grafo \u00fanico \u2013 N\u00e3o ser\u00e1 permitido o reingresso nos casos em que o discente j\u00e1 se encontrar em situa\u00e7\u00e3o pass\u00edvel de jubilamento.<\/span><\/p>\n<p><span style=\"font-size: 12pt;color: #000000\">\u00a0<\/span><\/p>\n<p style=\"text-align: right\"><span style=\"font-family: georgia,palatino;font-size: 12pt;color: #000000\">Fonte: REGULAMENTO DO ENSINO DE GRADUA\u00c7\u00c3O NA UFPEL<\/span><\/p>\n","protected":false},"excerpt":{"rendered":"<p>Art. 81. O reingresso ser\u00e1 concedido mediante processo seletivo regulamentado por meio de Resolu\u00e7\u00e3o do COCEPE, contando que o candidato: I- esteja em situa\u00e7\u00e3o acad\u00eamica de desist\u00eancia; II- tenha cancelado sua matr\u00edcula. Par\u00e1grafo \u00fanico \u2013 N\u00e3o ser\u00e1 permitido o reingresso nos casos em que o discente j\u00e1 se encontrar em situa\u00e7\u00e3o pass\u00edvel de jubilamento. \u00a0 [&hellip;]<\/p>\n","protected":false},"author":366,"featured_media":0,"parent":0,"menu_order":0,"comment_status":"closed","ping_status":"closed","template":"","meta":{"jetpack_post_was_ever_published":false,"footnotes":""},"class_list":["post-240","page","type-page","status-publish","hentry"],"jetpack_sharing_enabled":true,"jetpack_shortlink":"https:\/\/wp.me\/P6RZnX-3S","_links":{"self":[{"href":"https:\/\/wp.ufpel.edu.br\/fisica-licenciatura\/wp-json\/wp\/v2\/pages\/240","targetHints":{"allow":["GET"]}}],"collection":[{"href":"https:\/\/wp.ufpel.edu.br\/fisica-licenciatura\/wp-json\/wp\/v2\/pages"}],"about":[{"href":"https:\/\/wp.ufpel.edu.br\/fisica-licenciatura\/wp-json\/wp\/v2\/types\/page"}],"author":[{"embeddable":true,"href":"https:\/\/wp.ufpel.edu.br\/fisica-licenciatura\/wp-json\/wp\/v2\/users\/366"}],"replies":[{"embeddable":true,"href":"https:\/\/wp.ufpel.edu.br\/fisica-licenciatura\/wp-json\/wp\/v2\/comments?post=240"}],"version-history":[{"count":1,"href":"https:\/\/wp.ufpel.edu.br\/fisica-licenciatura\/wp-json\/wp\/v2\/pages\/240\/revisions"}],"predecessor-version":[{"id":241,"href":"https:\/\/wp.ufpel.edu.br\/fisica-licenciatura\/wp-json\/wp\/v2\/pages\/240\/revisions\/241"}],"wp:attachment":[{"href":"https:\/\/wp.ufpel.edu.br\/fisica-licenciatura\/wp-json\/wp\/v2\/media?parent=240"}],"curies":[{"name":"wp","href":"https:\/\/api.w.org\/{rel}","templated":true}]}}