{"id":235,"date":"2015-02-09T10:18:27","date_gmt":"2015-02-09T12:18:27","guid":{"rendered":"https:\/\/wp.ufpel.edu.br\/fisica-licenciatura\/?page_id=235"},"modified":"2015-02-09T10:18:27","modified_gmt":"2015-02-09T12:18:27","slug":"reopcao","status":"publish","type":"page","link":"https:\/\/wp.ufpel.edu.br\/fisica-licenciatura\/reopcao\/","title":{"rendered":"REOP\u00c7\u00c3O"},"content":{"rendered":"<p style=\"text-align: justify\"><span style=\"font-family: georgia,palatino;font-size: 12pt;color: #000000\">Art. 78. Toda mudan\u00e7a de curso \u00e9 considerada reop\u00e7\u00e3o do discente e implicar\u00e1 na obten\u00e7\u00e3o de um novo n\u00famero de matr\u00edcula.<\/span><\/p>\n<p style=\"text-align: justify\"><span style=\"font-family: georgia,palatino;font-size: 12pt;color: #000000\">\u00a71\u00ba &#8211; O discente s\u00f3 poder\u00e1 trocar de curso mediante processo seletivo, regulamentado por meio de Resolu\u00e7\u00e3o do COCEPE.<\/span><\/p>\n<p style=\"text-align: justify\"><span style=\"font-family: georgia,palatino;font-size: 12pt;color: #000000\">\u00a72\u00ba O aluno que estiver em condi\u00e7\u00e3o pass\u00edvel de jubilamento n\u00e3o poder\u00e1 solicitar reop\u00e7\u00e3o.<\/span><\/p>\n<p style=\"text-align: justify\"><span style=\"font-family: georgia,palatino;font-size: 12pt;color: #000000\">\u00a73\u00ba S\u00e3o facultadas, no m\u00e1ximo, duas reop\u00e7\u00f5es em \u00e9pocas diversas.<\/span><\/p>\n<p><span style=\"font-size: 12pt;color: #000000\">\u00a0<\/span><\/p>\n<p style=\"text-align: right\"><span style=\"font-family: georgia,palatino;font-size: 12pt;color: #000000\">Fonte: REGULAMENTO DO ENSINO DE GRADUA\u00c7\u00c3O NA UFPEL<\/span><\/p>\n","protected":false},"excerpt":{"rendered":"<p>Art. 78. Toda mudan\u00e7a de curso \u00e9 considerada reop\u00e7\u00e3o do discente e implicar\u00e1 na obten\u00e7\u00e3o de um novo n\u00famero de matr\u00edcula. \u00a71\u00ba &#8211; O discente s\u00f3 poder\u00e1 trocar de curso mediante processo seletivo, regulamentado por meio de Resolu\u00e7\u00e3o do COCEPE. \u00a72\u00ba O aluno que estiver em condi\u00e7\u00e3o pass\u00edvel de jubilamento n\u00e3o poder\u00e1 solicitar reop\u00e7\u00e3o. \u00a73\u00ba [&hellip;]<\/p>\n","protected":false},"author":366,"featured_media":0,"parent":0,"menu_order":0,"comment_status":"closed","ping_status":"closed","template":"","meta":{"jetpack_post_was_ever_published":false,"footnotes":""},"class_list":["post-235","page","type-page","status-publish","hentry"],"jetpack_sharing_enabled":true,"jetpack_shortlink":"https:\/\/wp.me\/P6RZnX-3N","_links":{"self":[{"href":"https:\/\/wp.ufpel.edu.br\/fisica-licenciatura\/wp-json\/wp\/v2\/pages\/235","targetHints":{"allow":["GET"]}}],"collection":[{"href":"https:\/\/wp.ufpel.edu.br\/fisica-licenciatura\/wp-json\/wp\/v2\/pages"}],"about":[{"href":"https:\/\/wp.ufpel.edu.br\/fisica-licenciatura\/wp-json\/wp\/v2\/types\/page"}],"author":[{"embeddable":true,"href":"https:\/\/wp.ufpel.edu.br\/fisica-licenciatura\/wp-json\/wp\/v2\/users\/366"}],"replies":[{"embeddable":true,"href":"https:\/\/wp.ufpel.edu.br\/fisica-licenciatura\/wp-json\/wp\/v2\/comments?post=235"}],"version-history":[{"count":1,"href":"https:\/\/wp.ufpel.edu.br\/fisica-licenciatura\/wp-json\/wp\/v2\/pages\/235\/revisions"}],"predecessor-version":[{"id":236,"href":"https:\/\/wp.ufpel.edu.br\/fisica-licenciatura\/wp-json\/wp\/v2\/pages\/235\/revisions\/236"}],"wp:attachment":[{"href":"https:\/\/wp.ufpel.edu.br\/fisica-licenciatura\/wp-json\/wp\/v2\/media?parent=235"}],"curies":[{"name":"wp","href":"https:\/\/api.w.org\/{rel}","templated":true}]}}