{"id":2320,"date":"2022-02-10T18:15:06","date_gmt":"2022-02-10T21:15:06","guid":{"rendered":"https:\/\/wp.ufpel.edu.br\/fisica-licenciatura\/?page_id=2320"},"modified":"2024-03-06T16:29:07","modified_gmt":"2024-03-06T19:29:07","slug":"transporte-de-apoio-ufpel","status":"publish","type":"page","link":"https:\/\/wp.ufpel.edu.br\/fisica-licenciatura\/transporte-de-apoio-ufpel\/","title":{"rendered":"Transporte de apoio UFPel"},"content":{"rendered":"<p>O <span style=\"color: #0000ff;\"><strong>Transporte de Apoio da Universidade<\/strong><\/span> \u00e9 um <strong>servi\u00e7o gratuito<\/strong>, de segunda a sexta-feira, destinado a facilitar o deslocamento dos alunos entre os campi da UFPel, tornando-o mais r\u00e1pido e seguro.<\/p>\n<ul>\n<li>Possui as Linhas\u00a0<strong>Anglo-Anglo<\/strong>,\u00a0<strong>Anglo-ESEF-FaMed-Madeireira<\/strong>,\u00a0<span style=\"color: #ff0000;\"><strong>Anglo-Cap\u00e3o<\/strong><\/span>\u00a0e\u00a0<strong>Cap\u00e3o-Palma<\/strong>;<\/li>\n<li>O transporte \u00e9 realizado por meio de frota pr\u00f3pria composta por 14 \u00f4nibus rodovi\u00e1rios, 2 Micro-\u00f4nibus e 2 \u00f4nibus Urbano;<\/li>\n<li>Os \u00f4nibus da UFPel est\u00e3o autorizados a realizar paradas para embarque e desembarque em locais da pr\u00f3pria Universidade, previamente divulgados;<\/li>\n<li style=\"text-align: justify;\">A apresenta\u00e7\u00e3o da carteirinha da UFPel ou atestado de matr\u00edcula acompanhado de documento oficial (com foto) ser\u00e1 exigido para o embarque nos \u00f4nibus.<\/li>\n<\/ul>\n<p>O <span style=\"color: #ff0000;\"><strong>Curso de Licenciatura em F\u00edsica<\/strong><\/span> est\u00e1 localizado no Campus Cap\u00e3o do Le\u00e3o da UFPel. Assim, para as aulas neste local os discentes devem utilizar a <span style=\"color: #0000ff;\"><strong>linha Anglo-Cap\u00e3o<\/strong><\/span> do transporte de apoio da Universidade.\u00a0Para maiores informa\u00e7\u00f5es (mapas com rotas e paradas, hor\u00e1rios, etc) sobre o servi\u00e7o, acesse o link do <span style=\"color: #ff0000;\"><strong>N\u00facleo de Transporte da UFPel<\/strong><\/span>, atrav\u00e9s do link <a href=\"https:\/\/wp.ufpel.edu.br\/transporte\/transporte-apoio\/\">https:\/\/wp.ufpel.edu.br\/transporte\/transporte-apoio\/<\/a><\/p>\n<p>O\u00a0 Campus Cap\u00e3o do Le\u00e3o tamb\u00e9m \u00e9 atendido pela <strong>empresa de transportes Santa Silvana<\/strong>, atrav\u00e9s da <strong>linha Universidade<\/strong>, cujos itiner\u00e1rios e hor\u00e1rios podem ser encontrados pelo aplicativo <a href=\"https:\/\/moovitapp.com\/pelotas_e_rio_grande-4042\/poi\/pt-br\">Moovit<\/a> .<\/p>\n","protected":false},"excerpt":{"rendered":"<p>O Transporte de Apoio da Universidade \u00e9 um servi\u00e7o gratuito, de segunda a sexta-feira, destinado a facilitar o deslocamento dos alunos entre os campi da UFPel, tornando-o mais r\u00e1pido e seguro. Possui as Linhas\u00a0Anglo-Anglo,\u00a0Anglo-ESEF-FaMed-Madeireira,\u00a0Anglo-Cap\u00e3o\u00a0e\u00a0Cap\u00e3o-Palma; O transporte \u00e9 realizado por meio de frota pr\u00f3pria composta por 14 \u00f4nibus rodovi\u00e1rios, 2 Micro-\u00f4nibus e 2 \u00f4nibus Urbano; Os [&hellip;]<\/p>\n","protected":false},"author":1147,"featured_media":0,"parent":0,"menu_order":0,"comment_status":"closed","ping_status":"closed","template":"","meta":{"jetpack_post_was_ever_published":false,"footnotes":""},"class_list":["post-2320","page","type-page","status-publish","hentry"],"jetpack_sharing_enabled":true,"jetpack_shortlink":"https:\/\/wp.me\/P6RZnX-Bq","_links":{"self":[{"href":"https:\/\/wp.ufpel.edu.br\/fisica-licenciatura\/wp-json\/wp\/v2\/pages\/2320","targetHints":{"allow":["GET"]}}],"collection":[{"href":"https:\/\/wp.ufpel.edu.br\/fisica-licenciatura\/wp-json\/wp\/v2\/pages"}],"about":[{"href":"https:\/\/wp.ufpel.edu.br\/fisica-licenciatura\/wp-json\/wp\/v2\/types\/page"}],"author":[{"embeddable":true,"href":"https:\/\/wp.ufpel.edu.br\/fisica-licenciatura\/wp-json\/wp\/v2\/users\/1147"}],"replies":[{"embeddable":true,"href":"https:\/\/wp.ufpel.edu.br\/fisica-licenciatura\/wp-json\/wp\/v2\/comments?post=2320"}],"version-history":[{"count":9,"href":"https:\/\/wp.ufpel.edu.br\/fisica-licenciatura\/wp-json\/wp\/v2\/pages\/2320\/revisions"}],"predecessor-version":[{"id":2410,"href":"https:\/\/wp.ufpel.edu.br\/fisica-licenciatura\/wp-json\/wp\/v2\/pages\/2320\/revisions\/2410"}],"wp:attachment":[{"href":"https:\/\/wp.ufpel.edu.br\/fisica-licenciatura\/wp-json\/wp\/v2\/media?parent=2320"}],"curies":[{"name":"wp","href":"https:\/\/api.w.org\/{rel}","templated":true}]}}