{"id":232,"date":"2015-02-09T10:17:32","date_gmt":"2015-02-09T12:17:32","guid":{"rendered":"https:\/\/wp.ufpel.edu.br\/fisica-licenciatura\/?page_id=232"},"modified":"2015-02-09T10:17:32","modified_gmt":"2015-02-09T12:17:32","slug":"vagas-ociosas","status":"publish","type":"page","link":"https:\/\/wp.ufpel.edu.br\/fisica-licenciatura\/vagas-ociosas\/","title":{"rendered":"VAGAS OCIOSAS"},"content":{"rendered":"<p style=\"text-align: justify\"><span style=\"font-family: georgia,palatino;font-size: 12pt;color: #000000\">Art. 75. S\u00e3o consideradas vagas ociosas as resultantes de:<\/span><\/p>\n<p style=\"text-align: justify\"><span style=\"font-family: georgia,palatino;font-size: 12pt;color: #000000\">I &#8211; cancelamento do v\u00ednculo institucional do discente;<\/span><\/p>\n<p style=\"text-align: justify\"><span style=\"font-family: georgia,palatino;font-size: 12pt;color: #000000\">II &#8211; falecimento;<\/span><\/p>\n<p style=\"text-align: justify\"><span style=\"font-family: georgia,palatino;font-size: 12pt;color: #000000\">III &#8211; transfer\u00eancia para outras institui\u00e7\u00f5es;<\/span><\/p>\n<p style=\"text-align: justify\"><span style=\"font-family: georgia,palatino;font-size: 12pt;color: #000000\">IV \u2013 reop\u00e7\u00e3o de curso;<\/span><\/p>\n<p style=\"text-align: justify\"><span style=\"font-family: georgia,palatino;font-size: 12pt;color: #000000\">V &#8211; desist\u00eancia;<\/span><\/p>\n<p style=\"text-align: justify\"><span style=\"font-family: georgia,palatino;font-size: 12pt;color: #000000\">VI &#8211; n\u00e3o preenchimento de vaga em processos seletivos.<\/span><\/p>\n<p style=\"text-align: justify\"><span style=\"font-family: georgia,palatino;font-size: 12pt;color: #000000\">Art. 76. O COCEPE, ouvidos previamente os colegiados de cursos, fixar\u00e1 o n\u00famero de vagas para ingresso na Universidade.<\/span><\/p>\n<p style=\"text-align: justify\"><span style=\"font-family: georgia,palatino;font-size: 12pt;color: #000000\">Par\u00e1grafo \u00fanico &#8211; As vagas ociosas ser\u00e3o contabilizadas pela Diretoria de Registros Acad\u00eamicos.<\/span><\/p>\n<p style=\"text-align: justify\"><span style=\"font-family: georgia,palatino;font-size: 12pt;color: #000000\">Art. 77. O preenchimento de vagas ociosas ser\u00e1 realizado por meio de Processo Seletivo para:<\/span><\/p>\n<p style=\"text-align: justify\"><span style=\"font-family: georgia,palatino;font-size: 12pt;color: #000000\">I \u2013 reop\u00e7\u00e3o;<\/span><\/p>\n<p style=\"text-align: justify\"><span style=\"font-family: georgia,palatino;font-size: 12pt;color: #000000\">II \u2013 transfer\u00eancia;<\/span><\/p>\n<p style=\"text-align: justify\"><span style=\"font-family: georgia,palatino;font-size: 12pt;color: #000000\">III \u2013 reingresso;<\/span><\/p>\n<p style=\"text-align: justify\"><span style=\"font-family: georgia,palatino;font-size: 12pt;color: #000000\">IV &#8211; ingresso como portador de diploma.<\/span><\/p>\n<p style=\"text-align: justify\"><span style=\"font-family: georgia,palatino;font-size: 12pt;color: #000000\">Par\u00e1grafo \u00fanico &#8211; Crit\u00e9rios e procedimentos adicionais ser\u00e3o regulamentados por meio de Resolu\u00e7\u00e3o do COCEPE.<\/span><\/p>\n<p><span style=\"font-size: 12pt;color: #000000\">\u00a0<\/span><\/p>\n<p style=\"text-align: right\"><span style=\"font-family: georgia,palatino;font-size: 12pt;color: #000000\">Fonte: REGULAMENTO DO ENSINO DE GRADUA\u00c7\u00c3O NA UFPEL<\/span><\/p>\n","protected":false},"excerpt":{"rendered":"<p>Art. 75. S\u00e3o consideradas vagas ociosas as resultantes de: I &#8211; cancelamento do v\u00ednculo institucional do discente; II &#8211; falecimento; III &#8211; transfer\u00eancia para outras institui\u00e7\u00f5es; IV \u2013 reop\u00e7\u00e3o de curso; V &#8211; desist\u00eancia; VI &#8211; n\u00e3o preenchimento de vaga em processos seletivos. Art. 76. O COCEPE, ouvidos previamente os colegiados de cursos, fixar\u00e1 o [&hellip;]<\/p>\n","protected":false},"author":366,"featured_media":0,"parent":0,"menu_order":0,"comment_status":"closed","ping_status":"closed","template":"","meta":{"jetpack_post_was_ever_published":false,"footnotes":""},"class_list":["post-232","page","type-page","status-publish","hentry"],"jetpack_sharing_enabled":true,"jetpack_shortlink":"https:\/\/wp.me\/P6RZnX-3K","_links":{"self":[{"href":"https:\/\/wp.ufpel.edu.br\/fisica-licenciatura\/wp-json\/wp\/v2\/pages\/232","targetHints":{"allow":["GET"]}}],"collection":[{"href":"https:\/\/wp.ufpel.edu.br\/fisica-licenciatura\/wp-json\/wp\/v2\/pages"}],"about":[{"href":"https:\/\/wp.ufpel.edu.br\/fisica-licenciatura\/wp-json\/wp\/v2\/types\/page"}],"author":[{"embeddable":true,"href":"https:\/\/wp.ufpel.edu.br\/fisica-licenciatura\/wp-json\/wp\/v2\/users\/366"}],"replies":[{"embeddable":true,"href":"https:\/\/wp.ufpel.edu.br\/fisica-licenciatura\/wp-json\/wp\/v2\/comments?post=232"}],"version-history":[{"count":1,"href":"https:\/\/wp.ufpel.edu.br\/fisica-licenciatura\/wp-json\/wp\/v2\/pages\/232\/revisions"}],"predecessor-version":[{"id":233,"href":"https:\/\/wp.ufpel.edu.br\/fisica-licenciatura\/wp-json\/wp\/v2\/pages\/232\/revisions\/233"}],"wp:attachment":[{"href":"https:\/\/wp.ufpel.edu.br\/fisica-licenciatura\/wp-json\/wp\/v2\/media?parent=232"}],"curies":[{"name":"wp","href":"https:\/\/api.w.org\/{rel}","templated":true}]}}