{"id":2275,"date":"2022-02-03T18:49:01","date_gmt":"2022-02-03T21:49:01","guid":{"rendered":"https:\/\/wp.ufpel.edu.br\/fisica-licenciatura\/?page_id=2275"},"modified":"2022-02-03T18:49:01","modified_gmt":"2022-02-03T21:49:01","slug":"informacoes-sobre-a-covid-19","status":"publish","type":"page","link":"https:\/\/wp.ufpel.edu.br\/fisica-licenciatura\/informacoes-sobre-a-covid-19\/","title":{"rendered":"Informa\u00e7\u00f5es sobre a COVID-19"},"content":{"rendered":"<p style=\"text-align: justify\">Considerando a necessidade da Universidade em regrar o uso dos espa\u00e7os durante a vig\u00eancia do estado de Pandemia da Covid\u00ad19 no pa\u00eds, este documento estabelece as normas para o retorno presencial das atividades acad\u00eamicas nos ambientes da UFPel. O retorno das atividades acad\u00eamicas dever\u00e1 se dar atrav\u00e9s de um processo gradual e escalonado, conforme estabelecido em um cronograma pela Gest\u00e3o Central e pelas gest\u00f5es das Unidades Acad\u00eamicas, respeitando as normas apresentadas neste documento, as quais devem ser rigorosamente seguidas em todos os espa\u00e7os da Universidade tanto em atividades acad\u00eamicas como administrativas.<\/p>\n<p>As normas para o retorno de atividades presenciais na UFPel pode ser encontradas no documento em anexo (<a href=\"https:\/\/wp.ufpel.edu.br\/fisica-licenciatura\/files\/2022\/02\/Informacoes-Sobre-a-Covid-19-Portarias_rev04-07JAN22-1.pdf\">download<\/a>).<\/p>\n","protected":false},"excerpt":{"rendered":"<p>Considerando a necessidade da Universidade em regrar o uso dos espa\u00e7os durante a vig\u00eancia do estado de Pandemia da Covid\u00ad19 no pa\u00eds, este documento estabelece as normas para o retorno presencial das atividades acad\u00eamicas nos ambientes da UFPel. O retorno das atividades acad\u00eamicas dever\u00e1 se dar atrav\u00e9s de um processo gradual e escalonado, conforme estabelecido [&hellip;]<\/p>\n","protected":false},"author":1147,"featured_media":0,"parent":0,"menu_order":0,"comment_status":"closed","ping_status":"closed","template":"","meta":{"jetpack_post_was_ever_published":false,"footnotes":""},"class_list":["post-2275","page","type-page","status-publish","hentry"],"jetpack_sharing_enabled":true,"jetpack_shortlink":"https:\/\/wp.me\/P6RZnX-AH","_links":{"self":[{"href":"https:\/\/wp.ufpel.edu.br\/fisica-licenciatura\/wp-json\/wp\/v2\/pages\/2275","targetHints":{"allow":["GET"]}}],"collection":[{"href":"https:\/\/wp.ufpel.edu.br\/fisica-licenciatura\/wp-json\/wp\/v2\/pages"}],"about":[{"href":"https:\/\/wp.ufpel.edu.br\/fisica-licenciatura\/wp-json\/wp\/v2\/types\/page"}],"author":[{"embeddable":true,"href":"https:\/\/wp.ufpel.edu.br\/fisica-licenciatura\/wp-json\/wp\/v2\/users\/1147"}],"replies":[{"embeddable":true,"href":"https:\/\/wp.ufpel.edu.br\/fisica-licenciatura\/wp-json\/wp\/v2\/comments?post=2275"}],"version-history":[{"count":3,"href":"https:\/\/wp.ufpel.edu.br\/fisica-licenciatura\/wp-json\/wp\/v2\/pages\/2275\/revisions"}],"predecessor-version":[{"id":2280,"href":"https:\/\/wp.ufpel.edu.br\/fisica-licenciatura\/wp-json\/wp\/v2\/pages\/2275\/revisions\/2280"}],"wp:attachment":[{"href":"https:\/\/wp.ufpel.edu.br\/fisica-licenciatura\/wp-json\/wp\/v2\/media?parent=2275"}],"curies":[{"name":"wp","href":"https:\/\/api.w.org\/{rel}","templated":true}]}}