{"id":226,"date":"2015-02-09T10:14:57","date_gmt":"2015-02-09T12:14:57","guid":{"rendered":"https:\/\/wp.ufpel.edu.br\/fisica-licenciatura\/?page_id=226"},"modified":"2015-02-09T11:02:58","modified_gmt":"2015-02-09T13:02:58","slug":"revisao-de-desempenho-academico","status":"publish","type":"page","link":"https:\/\/wp.ufpel.edu.br\/fisica-licenciatura\/revisao-de-desempenho-academico\/","title":{"rendered":"REVIS\u00c3O DE DESEMPENHO ACAD\u00caMICO"},"content":{"rendered":"<p style=\"text-align: justify\"><span style=\"font-family: georgia,palatino;font-size: 12pt;color: #000000\">Art. 69. A revis\u00e3o de desempenho acad\u00eamico dever\u00e1 ser solicitada por meio de requerimento formalizado pelo discente junto Colegiado do respectivo Curso, em um prazo de quarenta e oito (48) horas, ap\u00f3s a publica\u00e7\u00e3o da nota para pedir vistas da prova e novo prazo de quarenta e oito (48) horas para entregar o pedido de revis\u00e3o.<\/span><\/p>\n<p style=\"text-align: justify\"><span style=\"font-family: georgia,palatino;font-size: 12pt;color: #000000\">Art. 70. O processo de revis\u00e3o de desempenho acad\u00eamico dever\u00e1 ser analisado por uma comiss\u00e3o composta por 03 (tr\u00eas) docentes, instaurada pela Unidade Acad\u00eamica, incluindo o docente respons\u00e1vel pela referida atividade curricular, sendo facultada ao acad\u00eamico a sua participa\u00e7\u00e3o.<\/span><\/p>\n<p style=\"text-align: justify\"><span style=\"font-family: georgia,palatino;font-size: 12pt;color: #000000\">Par\u00e1grafo \u00fanico &#8211; A comiss\u00e3o proceder\u00e1 \u00e0 revis\u00e3o da avalia\u00e7\u00e3o e emitir\u00e1 parecer no prazo de at\u00e9 05 (cinco) dias \u00fateis ap\u00f3s o ato de sua instaura\u00e7\u00e3o.<\/span><\/p>\n<p><span style=\"font-size: 12pt;color: #000000\">\u00a0<\/span><\/p>\n<p style=\"text-align: right\"><span style=\"font-family: georgia,palatino;font-size: 12pt;color: #000000\">Fonte: REGULAMENTO DO ENSINO DE GRADUA\u00c7\u00c3O NA UFPEL<\/span><\/p>\n","protected":false},"excerpt":{"rendered":"<p>Art. 69. A revis\u00e3o de desempenho acad\u00eamico dever\u00e1 ser solicitada por meio de requerimento formalizado pelo discente junto Colegiado do respectivo Curso, em um prazo de quarenta e oito (48) horas, ap\u00f3s a publica\u00e7\u00e3o da nota para pedir vistas da prova e novo prazo de quarenta e oito (48) horas para entregar o pedido de [&hellip;]<\/p>\n","protected":false},"author":366,"featured_media":0,"parent":0,"menu_order":0,"comment_status":"closed","ping_status":"closed","template":"","meta":{"jetpack_post_was_ever_published":false,"footnotes":""},"class_list":["post-226","page","type-page","status-publish","hentry"],"jetpack_sharing_enabled":true,"jetpack_shortlink":"https:\/\/wp.me\/P6RZnX-3E","_links":{"self":[{"href":"https:\/\/wp.ufpel.edu.br\/fisica-licenciatura\/wp-json\/wp\/v2\/pages\/226","targetHints":{"allow":["GET"]}}],"collection":[{"href":"https:\/\/wp.ufpel.edu.br\/fisica-licenciatura\/wp-json\/wp\/v2\/pages"}],"about":[{"href":"https:\/\/wp.ufpel.edu.br\/fisica-licenciatura\/wp-json\/wp\/v2\/types\/page"}],"author":[{"embeddable":true,"href":"https:\/\/wp.ufpel.edu.br\/fisica-licenciatura\/wp-json\/wp\/v2\/users\/366"}],"replies":[{"embeddable":true,"href":"https:\/\/wp.ufpel.edu.br\/fisica-licenciatura\/wp-json\/wp\/v2\/comments?post=226"}],"version-history":[{"count":3,"href":"https:\/\/wp.ufpel.edu.br\/fisica-licenciatura\/wp-json\/wp\/v2\/pages\/226\/revisions"}],"predecessor-version":[{"id":251,"href":"https:\/\/wp.ufpel.edu.br\/fisica-licenciatura\/wp-json\/wp\/v2\/pages\/226\/revisions\/251"}],"wp:attachment":[{"href":"https:\/\/wp.ufpel.edu.br\/fisica-licenciatura\/wp-json\/wp\/v2\/media?parent=226"}],"curies":[{"name":"wp","href":"https:\/\/api.w.org\/{rel}","templated":true}]}}