{"id":223,"date":"2015-02-09T10:11:20","date_gmt":"2015-02-09T12:11:20","guid":{"rendered":"https:\/\/wp.ufpel.edu.br\/fisica-licenciatura\/?page_id=223"},"modified":"2023-04-06T16:00:33","modified_gmt":"2023-04-06T19:00:33","slug":"segunda-chamada-de-avaliacao","status":"publish","type":"page","link":"https:\/\/wp.ufpel.edu.br\/fisica-licenciatura\/segunda-chamada-de-avaliacao\/","title":{"rendered":"Segunda Chamada de Avalia\u00e7\u00e3o"},"content":{"rendered":"<div>O procedimento para solicita\u00e7\u00e3o de <a href=\"https:\/\/wp.ufpel.edu.br\/cra\/informacoes-academicas\/avaliacao-segunda-chamada\/\" target=\"_blank\" rel=\"noopener\" data-saferedirecturl=\"https:\/\/www.google.com\/url?q=https:\/\/wp.ufpel.edu.br\/cra\/informacoes-academicas\/avaliacao-segunda-chamada\/&amp;source=gmail&amp;ust=1680880674019000&amp;usg=AOvVaw2wQUAMGbKH9_FgfZFJ01CQ\">2\u00aa\u00a0<span class=\"il\">chamada<\/span> de avalia\u00e7\u00e3o<\/a> a partir do semestre 2022\/2\u00a0 s\u00e3o feitos diretamente pelo sistema Cobalto.<\/div>\n<div><\/div>\n<div style=\"padding-left: 40px;\">COBALTO &#8211; ALUNO &#8211; CADASTROS &#8211; SOLICITA\u00c7\u00c3O DE 2\u00aa\u00a0<span class=\"il\">CHAMADA<\/span>\u00a0(deve ser anexado comprovante que motivou a falta)<\/div>\n<p>Mais informa\u00e7\u00f5es podem ser consultadas no\u00a0site da\u00a0<a href=\"https:\/\/wp.ufpel.edu.br\/cra\/\" target=\"_blank\" rel=\"noopener\" data-saferedirecturl=\"https:\/\/www.google.com\/url?q=https:\/\/wp.ufpel.edu.br\/cra\/&amp;source=gmail&amp;ust=1680880674019000&amp;usg=AOvVaw1oP6K8ZPzpyV1piHOQP3Cw\">Coordena\u00e7\u00e3o de Registros Acad\u00eamicos<\/a> e no link informado acima.<\/p>\n","protected":false},"excerpt":{"rendered":"<p>O procedimento para solicita\u00e7\u00e3o de 2\u00aa\u00a0chamada de avalia\u00e7\u00e3o a partir do semestre 2022\/2\u00a0 s\u00e3o feitos diretamente pelo sistema Cobalto. COBALTO &#8211; ALUNO &#8211; CADASTROS &#8211; SOLICITA\u00c7\u00c3O DE 2\u00aa\u00a0CHAMADA\u00a0(deve ser anexado comprovante que motivou a falta) Mais informa\u00e7\u00f5es podem ser consultadas no\u00a0site da\u00a0Coordena\u00e7\u00e3o de Registros Acad\u00eamicos e no link informado acima.<\/p>\n","protected":false},"author":366,"featured_media":0,"parent":0,"menu_order":0,"comment_status":"closed","ping_status":"closed","template":"","meta":{"jetpack_post_was_ever_published":false,"footnotes":""},"class_list":["post-223","page","type-page","status-publish","hentry"],"jetpack_sharing_enabled":true,"jetpack_shortlink":"https:\/\/wp.me\/P6RZnX-3B","_links":{"self":[{"href":"https:\/\/wp.ufpel.edu.br\/fisica-licenciatura\/wp-json\/wp\/v2\/pages\/223","targetHints":{"allow":["GET"]}}],"collection":[{"href":"https:\/\/wp.ufpel.edu.br\/fisica-licenciatura\/wp-json\/wp\/v2\/pages"}],"about":[{"href":"https:\/\/wp.ufpel.edu.br\/fisica-licenciatura\/wp-json\/wp\/v2\/types\/page"}],"author":[{"embeddable":true,"href":"https:\/\/wp.ufpel.edu.br\/fisica-licenciatura\/wp-json\/wp\/v2\/users\/366"}],"replies":[{"embeddable":true,"href":"https:\/\/wp.ufpel.edu.br\/fisica-licenciatura\/wp-json\/wp\/v2\/comments?post=223"}],"version-history":[{"count":6,"href":"https:\/\/wp.ufpel.edu.br\/fisica-licenciatura\/wp-json\/wp\/v2\/pages\/223\/revisions"}],"predecessor-version":[{"id":2611,"href":"https:\/\/wp.ufpel.edu.br\/fisica-licenciatura\/wp-json\/wp\/v2\/pages\/223\/revisions\/2611"}],"wp:attachment":[{"href":"https:\/\/wp.ufpel.edu.br\/fisica-licenciatura\/wp-json\/wp\/v2\/media?parent=223"}],"curies":[{"name":"wp","href":"https:\/\/api.w.org\/{rel}","templated":true}]}}