{"id":220,"date":"2015-02-09T10:09:39","date_gmt":"2015-02-09T12:09:39","guid":{"rendered":"https:\/\/wp.ufpel.edu.br\/fisica-licenciatura\/?page_id=220"},"modified":"2015-02-09T10:09:39","modified_gmt":"2015-02-09T12:09:39","slug":"turnos-e-horarios-de-aula","status":"publish","type":"page","link":"https:\/\/wp.ufpel.edu.br\/fisica-licenciatura\/turnos-e-horarios-de-aula\/","title":{"rendered":"TURNOS E HOR\u00c1RIOS DE AULA"},"content":{"rendered":"<p style=\"text-align: justify\"><span style=\"font-family: georgia,palatino;font-size: 12pt;color: #000000\">Art. 59. Os cursos de gradua\u00e7\u00e3o da UFPEL ter\u00e3o seus hor\u00e1rios disciplinados em Resolu\u00e7\u00e3o do COCEPE e funcionar\u00e3o nos turnos matutino, vespertino, noturno ou integral, este \u00faltimo com funcionamento em dois daqueles turnos.<\/span><\/p>\n<p style=\"text-align: justify\"><span style=\"font-family: georgia,palatino;font-size: 12pt;color: #000000\">Par\u00e1grafo \u00fanico &#8211; Os turnos de funcionamento dos cursos de gradua\u00e7\u00e3o constar\u00e3o em edital do processo seletivo.<\/span><\/p>\n<p style=\"text-align: justify\"><span style=\"font-family: georgia,palatino;font-size: 12pt;color: #000000\">Art. 60. Os cursos diurnos e noturnos, da mesma natureza, dever\u00e3o possuir cargas hor\u00e1rias totais e id\u00eanticas.<\/span><\/p>\n<p style=\"text-align: justify\"><span style=\"font-family: georgia,palatino;font-size: 12pt;color: #000000\">\u00a7 1\u00ba. Os cursos noturnos poder\u00e3o ter reduzida a dura\u00e7\u00e3o da jornada de atividades di\u00e1rias e ampliado o tempo de dura\u00e7\u00e3o do curso, em rela\u00e7\u00e3o aos seus equivalentes diurnos.<\/span><\/p>\n<p style=\"text-align: justify\"><span style=\"font-family: georgia,palatino;font-size: 12pt;color: #000000\">\u00a7 2\u00ba. Os cursos noturnos poder\u00e3o se utilizar, em at\u00e9 20% da carga hor\u00e1ria integralizada do curso, da modalidade da educa\u00e7\u00e3o a dist\u00e2ncia para contemplar a redu\u00e7\u00e3o da jornada de atividades di\u00e1rias presenciais.<\/span><\/p>\n<p style=\"text-align: justify\"><span style=\"font-family: georgia,palatino;font-size: 12pt;color: #000000\">Art. 61. Para efeito de contabilidade acad\u00eamica, cada hora de aula corresponde a 60 (sessenta) minutos efetivos de atividades.<\/span><\/p>\n<p><span style=\"font-size: 12pt;color: #000000\">\u00a0<\/span><\/p>\n<p style=\"text-align: right\"><span style=\"font-family: georgia,palatino;font-size: 12pt;color: #000000\">Fonte: REGULAMENTO DO ENSINO DE GRADUA\u00c7\u00c3O NA UFPEL<\/span><\/p>\n","protected":false},"excerpt":{"rendered":"<p>Art. 59. Os cursos de gradua\u00e7\u00e3o da UFPEL ter\u00e3o seus hor\u00e1rios disciplinados em Resolu\u00e7\u00e3o do COCEPE e funcionar\u00e3o nos turnos matutino, vespertino, noturno ou integral, este \u00faltimo com funcionamento em dois daqueles turnos. Par\u00e1grafo \u00fanico &#8211; Os turnos de funcionamento dos cursos de gradua\u00e7\u00e3o constar\u00e3o em edital do processo seletivo. Art. 60. Os cursos diurnos [&hellip;]<\/p>\n","protected":false},"author":366,"featured_media":0,"parent":0,"menu_order":0,"comment_status":"closed","ping_status":"closed","template":"","meta":{"jetpack_post_was_ever_published":false,"footnotes":""},"class_list":["post-220","page","type-page","status-publish","hentry"],"jetpack_sharing_enabled":true,"jetpack_shortlink":"https:\/\/wp.me\/P6RZnX-3y","_links":{"self":[{"href":"https:\/\/wp.ufpel.edu.br\/fisica-licenciatura\/wp-json\/wp\/v2\/pages\/220","targetHints":{"allow":["GET"]}}],"collection":[{"href":"https:\/\/wp.ufpel.edu.br\/fisica-licenciatura\/wp-json\/wp\/v2\/pages"}],"about":[{"href":"https:\/\/wp.ufpel.edu.br\/fisica-licenciatura\/wp-json\/wp\/v2\/types\/page"}],"author":[{"embeddable":true,"href":"https:\/\/wp.ufpel.edu.br\/fisica-licenciatura\/wp-json\/wp\/v2\/users\/366"}],"replies":[{"embeddable":true,"href":"https:\/\/wp.ufpel.edu.br\/fisica-licenciatura\/wp-json\/wp\/v2\/comments?post=220"}],"version-history":[{"count":1,"href":"https:\/\/wp.ufpel.edu.br\/fisica-licenciatura\/wp-json\/wp\/v2\/pages\/220\/revisions"}],"predecessor-version":[{"id":221,"href":"https:\/\/wp.ufpel.edu.br\/fisica-licenciatura\/wp-json\/wp\/v2\/pages\/220\/revisions\/221"}],"wp:attachment":[{"href":"https:\/\/wp.ufpel.edu.br\/fisica-licenciatura\/wp-json\/wp\/v2\/media?parent=220"}],"curies":[{"name":"wp","href":"https:\/\/api.w.org\/{rel}","templated":true}]}}