{"id":2152,"date":"2021-08-02T22:27:53","date_gmt":"2021-08-03T01:27:53","guid":{"rendered":"https:\/\/wp.ufpel.edu.br\/fisica-licenciatura\/?page_id=2152"},"modified":"2021-08-02T22:29:50","modified_gmt":"2021-08-03T01:29:50","slug":"discentes-inscritos","status":"publish","type":"page","link":"https:\/\/wp.ufpel.edu.br\/fisica-licenciatura\/discentes-inscritos\/","title":{"rendered":"Discentes inscritos"},"content":{"rendered":"<h4>Discentes ingressantes<\/h4>\n<p style=\"text-align: justify\">Para esta edi\u00e7\u00e3o do Enade 2021, todos os ingressantes no semestre 2021\/1 foram inscritos no sistema Enade, ainda que n\u00e3o participem em qualquer etapa do Edital.<\/p>\n<h4>Discentes concluintes<\/h4>\n<p style=\"text-align: justify\">Para esta edi\u00e7\u00e3o do Enade 2021, \u00e9 considerado como concluinte habilitado todo discente que tenha integralizado 80% ou mais da carga hor\u00e1ria m\u00ednima do curr\u00edculo do curso e n\u00e3o tenham colocado grau at\u00e9 o \u00faltimo dia do per\u00edodo de retifica\u00e7\u00e3o de inscri\u00e7\u00f5es do Enade 2021 (29\/08\/2021), ou aqueles com previs\u00e3o de integraliza\u00e7\u00e3o de 100% da carga hor\u00e1ria do curso at\u00e9 julho 2022.<\/p>\n<p style=\"text-align: justify\">At\u00e9 o momento o curso j\u00e1 fez a inscri\u00e7\u00e3o como concluintes habilitados, como definido acima, para os seguintes discentes:<\/p>\n<ul>\n<li>Gabriel Martins dos Santos<\/li>\n<li>Jo\u00e3o Paulo Cerqueira dos Santos F\u00e9lix<\/li>\n<li>Ramon Goulart da Silva<\/li>\n<li>Sarah Esther da Silva Saab<\/li>\n<li>Thiago Kurz Pedra<\/li>\n<li>Victor Braz Iturriet<\/li>\n<\/ul>\n<p style=\"text-align: justify\"><strong>ATEN\u00c7\u00c3O:<\/strong> At\u00e9 o limite do per\u00edodo de retifica\u00e7\u00e3o de inscri\u00e7\u00f5es (29\/08\/2021) a rela\u00e7\u00e3o de ingressantes e concluintes habilitados poder\u00e1 ser alterada.<\/p>\n","protected":false},"excerpt":{"rendered":"<p>Discentes ingressantes Para esta edi\u00e7\u00e3o do Enade 2021, todos os ingressantes no semestre 2021\/1 foram inscritos no sistema Enade, ainda que n\u00e3o participem em qualquer etapa do Edital. Discentes concluintes Para esta edi\u00e7\u00e3o do Enade 2021, \u00e9 considerado como concluinte habilitado todo discente que tenha integralizado 80% ou mais da carga hor\u00e1ria m\u00ednima do curr\u00edculo [&hellip;]<\/p>\n","protected":false},"author":1147,"featured_media":0,"parent":0,"menu_order":0,"comment_status":"closed","ping_status":"closed","template":"","meta":{"jetpack_post_was_ever_published":false,"footnotes":""},"class_list":["post-2152","page","type-page","status-publish","hentry"],"jetpack_sharing_enabled":true,"jetpack_shortlink":"https:\/\/wp.me\/P6RZnX-yI","_links":{"self":[{"href":"https:\/\/wp.ufpel.edu.br\/fisica-licenciatura\/wp-json\/wp\/v2\/pages\/2152","targetHints":{"allow":["GET"]}}],"collection":[{"href":"https:\/\/wp.ufpel.edu.br\/fisica-licenciatura\/wp-json\/wp\/v2\/pages"}],"about":[{"href":"https:\/\/wp.ufpel.edu.br\/fisica-licenciatura\/wp-json\/wp\/v2\/types\/page"}],"author":[{"embeddable":true,"href":"https:\/\/wp.ufpel.edu.br\/fisica-licenciatura\/wp-json\/wp\/v2\/users\/1147"}],"replies":[{"embeddable":true,"href":"https:\/\/wp.ufpel.edu.br\/fisica-licenciatura\/wp-json\/wp\/v2\/comments?post=2152"}],"version-history":[{"count":2,"href":"https:\/\/wp.ufpel.edu.br\/fisica-licenciatura\/wp-json\/wp\/v2\/pages\/2152\/revisions"}],"predecessor-version":[{"id":2156,"href":"https:\/\/wp.ufpel.edu.br\/fisica-licenciatura\/wp-json\/wp\/v2\/pages\/2152\/revisions\/2156"}],"wp:attachment":[{"href":"https:\/\/wp.ufpel.edu.br\/fisica-licenciatura\/wp-json\/wp\/v2\/media?parent=2152"}],"curies":[{"name":"wp","href":"https:\/\/api.w.org\/{rel}","templated":true}]}}