{"id":213,"date":"2015-02-06T13:42:52","date_gmt":"2015-02-06T15:42:52","guid":{"rendered":"https:\/\/wp.ufpel.edu.br\/fisica-licenciatura\/?page_id=213"},"modified":"2015-02-06T13:42:52","modified_gmt":"2015-02-06T15:42:52","slug":"trancamento-geral-de-matricula","status":"publish","type":"page","link":"https:\/\/wp.ufpel.edu.br\/fisica-licenciatura\/trancamento-geral-de-matricula\/","title":{"rendered":"TRANCAMENTO GERAL DE MATR\u00cdCULA"},"content":{"rendered":"<p style=\"text-align: justify\"><span style=\"font-family: georgia,palatino;font-size: 12pt;color: #000000\">Art. 23. Cabe ao Colegiado de Curso apreciar e deferir pedidos de trancamento de matr\u00edcula, a cada per\u00edodo letivo, de acordo com os prazos definidos no calend\u00e1rio acad\u00eamico.<\/span><\/p>\n<p style=\"text-align: justify\"><span style=\"font-family: georgia,palatino;font-size: 12pt;color: #000000\">\u00a7 1\u00ba. O trancamento geral de matr\u00edcula poder\u00e1 ser concedido por dois (02) per\u00edodos letivos, no caso de cursos anuais ou quatro (04) per\u00edodos letivos, no caso de cursos semestrais, intercalados ou n\u00e3o.<\/span><\/p>\n<p style=\"text-align: justify\"><span style=\"font-family: georgia,palatino;font-size: 12pt;color: #000000\">\u00a7 2\u00ba. Ser\u00e3o computados no prazo de integraliza\u00e7\u00e3o do curso os per\u00edodos correspondentes ao trancamento de matr\u00edcula.<\/span><\/p>\n<p style=\"text-align: justify\"><span style=\"font-family: georgia,palatino;font-size: 12pt;color: #000000\">\u00a7 3\u00ba. O trancamento geral de matr\u00edcula poder\u00e1 ser concedido ao acad\u00eamico que solicit\u00e1-lo, independente de justificativa, pelo prazo de dois (02) per\u00edodos letivos, no caso de cursos semestrais e um (01) per\u00edodo letivo no caso de cursos anuais.<\/span><\/p>\n<p style=\"text-align: justify\"><span style=\"font-family: georgia,palatino;font-size: 12pt;color: #000000\">\u00a7 4\u00ba. O trancamento geral de matr\u00edcula poder\u00e1 ser concedido por prazo superior ao previsto no par\u00e1grafo anterior nos seguintes casos:<\/span><\/p>\n<p style=\"text-align: justify\"><span style=\"font-family: georgia,palatino;font-size: 12pt;color: #000000\">I- por motivo de doen\u00e7a do pr\u00f3prio aluno, mediante avalia\u00e7\u00e3o de junta m\u00e9dica oficial;<\/span><\/p>\n<p style=\"text-align: justify\"><span style=\"font-family: georgia,palatino;font-size: 12pt;color: #000000\">II- por motivo de doen\u00e7a do c\u00f4njuge, companheiro, ou de parente em linha reta at\u00e9 o 1\u00ba grau, no caso de a assist\u00eancia direta do aluno ser indispens\u00e1vel, mediante avalia\u00e7\u00e3o de junta m\u00e9dica oficial;<\/span><\/p>\n<p style=\"text-align: justify\"><span style=\"font-family: georgia,palatino;font-size: 12pt;color: #000000\">III- por motivo de trabalho remunerado, iniciado no per\u00edodo letivo da solicita\u00e7\u00e3o, comprovada a incompatibilidade de hor\u00e1rios;<\/span><\/p>\n<p style=\"text-align: justify\"><span style=\"font-family: georgia,palatino;font-size: 12pt;color: #000000\">IV- para o servi\u00e7o militar.<\/span><\/p>\n<p style=\"text-align: justify\"><span style=\"font-family: georgia,palatino;font-size: 12pt;color: #000000\">Art. 24. O trancamento geral de matr\u00edcula n\u00e3o ser\u00e1 permitido no per\u00edodo em que o aluno houver ingressado no curso, independente da modalidade de ingresso, salvo nas hip\u00f3teses previstas nos incisos I e IV do par\u00e1grafo anterior.<\/span><\/p>\n<p style=\"text-align: justify\"><span style=\"font-family: georgia,palatino;font-size: 12pt;color: #000000\">Art. 25. O aluno poder\u00e1 realizar o trancamento de disciplinas antes do decurso de 25% do per\u00edodo letivo, em per\u00edodo determinado pelo calend\u00e1rio acad\u00eamico, obedecido o limite m\u00ednimo de cr\u00e9ditos estabelecidos para o curso, por semestre\/ano.<\/span><\/p>\n<p><span style=\"font-size: 12pt;color: #000000\">\u00a0<\/span><\/p>\n<p style=\"text-align: right\"><span style=\"font-family: georgia,palatino;font-size: 12pt;color: #000000\">Fonte: REGULAMENTO DO ENSINO DE GRADUA\u00c7\u00c3O NA UFPEL<\/span><\/p>\n","protected":false},"excerpt":{"rendered":"<p>Art. 23. Cabe ao Colegiado de Curso apreciar e deferir pedidos de trancamento de matr\u00edcula, a cada per\u00edodo letivo, de acordo com os prazos definidos no calend\u00e1rio acad\u00eamico. \u00a7 1\u00ba. O trancamento geral de matr\u00edcula poder\u00e1 ser concedido por dois (02) per\u00edodos letivos, no caso de cursos anuais ou quatro (04) per\u00edodos letivos, no caso [&hellip;]<\/p>\n","protected":false},"author":366,"featured_media":0,"parent":0,"menu_order":0,"comment_status":"closed","ping_status":"closed","template":"","meta":{"jetpack_post_was_ever_published":false,"footnotes":""},"class_list":["post-213","page","type-page","status-publish","hentry"],"jetpack_sharing_enabled":true,"jetpack_shortlink":"https:\/\/wp.me\/P6RZnX-3r","_links":{"self":[{"href":"https:\/\/wp.ufpel.edu.br\/fisica-licenciatura\/wp-json\/wp\/v2\/pages\/213","targetHints":{"allow":["GET"]}}],"collection":[{"href":"https:\/\/wp.ufpel.edu.br\/fisica-licenciatura\/wp-json\/wp\/v2\/pages"}],"about":[{"href":"https:\/\/wp.ufpel.edu.br\/fisica-licenciatura\/wp-json\/wp\/v2\/types\/page"}],"author":[{"embeddable":true,"href":"https:\/\/wp.ufpel.edu.br\/fisica-licenciatura\/wp-json\/wp\/v2\/users\/366"}],"replies":[{"embeddable":true,"href":"https:\/\/wp.ufpel.edu.br\/fisica-licenciatura\/wp-json\/wp\/v2\/comments?post=213"}],"version-history":[{"count":1,"href":"https:\/\/wp.ufpel.edu.br\/fisica-licenciatura\/wp-json\/wp\/v2\/pages\/213\/revisions"}],"predecessor-version":[{"id":214,"href":"https:\/\/wp.ufpel.edu.br\/fisica-licenciatura\/wp-json\/wp\/v2\/pages\/213\/revisions\/214"}],"wp:attachment":[{"href":"https:\/\/wp.ufpel.edu.br\/fisica-licenciatura\/wp-json\/wp\/v2\/media?parent=213"}],"curies":[{"name":"wp","href":"https:\/\/api.w.org\/{rel}","templated":true}]}}