{"id":2124,"date":"2021-07-26T21:48:39","date_gmt":"2021-07-27T00:48:39","guid":{"rendered":"https:\/\/wp.ufpel.edu.br\/fisica-licenciatura\/?page_id=2124"},"modified":"2021-08-03T20:40:37","modified_gmt":"2021-08-03T23:40:37","slug":"quebra-de-pre-requisito","status":"publish","type":"page","link":"https:\/\/wp.ufpel.edu.br\/fisica-licenciatura\/quebra-de-pre-requisito\/","title":{"rendered":"Quebra de pr\u00e9-requisito"},"content":{"rendered":"<h3><strong>Defini\u00e7\u00e3o<\/strong><\/h3>\n<p style=\"text-align: justify\">A quebra de pr\u00e9-requisito pode ser requerida pelos discentes que t\u00eam a necessidade de cursar componente curricular sem ainda ter conclu\u00eddo todos os pr\u00e9-requisitos estabelecidos no Projeto Pedag\u00f3gico do Curso.<\/p>\n<h4><strong>Como solicitar<\/strong><\/h4>\n<p style=\"text-align: justify\">O discente que deseja solicitar quebra de pr\u00e9-requisito deve fazer o pedido diretamente no Colegiado de Curso, que analisar\u00e1 com base em crit\u00e9rios estabelecidos na Nota t\u00e9cnica n\u00b0 03\/2017 do COCEPE. O requerimento de quebra de pr\u00e9-requisito abaixo deve ser encaminhado ao Colegiado para cada disciplina pretendida:<\/p>\n<ul>\n<li><a href=\"https:\/\/wp.ufpel.edu.br\/fisica-licenciatura\/files\/2021\/07\/Requerimento-de-quebra-pre-requisito.pdf\">Requerimento de quebra de pr\u00e9-requisito<\/a><\/li>\n<\/ul>\n<p style=\"text-align: justify\">Em caso de deferimento, o Colegiado informar\u00e1 ao discente interessado, para que o mesmo possa fazer a inclus\u00e3o da disciplina pretendida durante o per\u00edodo de corre\u00e7\u00e3o de matr\u00edcula, definido no calend\u00e1rio acad\u00eamico. No per\u00edodo de homologa\u00e7\u00e3o da corre\u00e7\u00e3o de matr\u00edcula o Colegiado conceder\u00e1 a matr\u00edcula na disciplina desejada pelo discente, e arquivar\u00e1 o processo. Se o pedido for indeferido, o discente pode requerer que sua solicita\u00e7\u00e3o seja encaminhada ao COCEPE, que atuar\u00e1 como inst\u00e2ncia recursal.<\/p>\n<p>&nbsp;<\/p>\n","protected":false},"excerpt":{"rendered":"<p>Defini\u00e7\u00e3o A quebra de pr\u00e9-requisito pode ser requerida pelos discentes que t\u00eam a necessidade de cursar componente curricular sem ainda ter conclu\u00eddo todos os pr\u00e9-requisitos estabelecidos no Projeto Pedag\u00f3gico do Curso. Como solicitar O discente que deseja solicitar quebra de pr\u00e9-requisito deve fazer o pedido diretamente no Colegiado de Curso, que analisar\u00e1 com base em [&hellip;]<\/p>\n","protected":false},"author":1147,"featured_media":0,"parent":0,"menu_order":0,"comment_status":"closed","ping_status":"closed","template":"","meta":{"jetpack_post_was_ever_published":false,"footnotes":""},"class_list":["post-2124","page","type-page","status-publish","hentry"],"jetpack_sharing_enabled":true,"jetpack_shortlink":"https:\/\/wp.me\/P6RZnX-yg","_links":{"self":[{"href":"https:\/\/wp.ufpel.edu.br\/fisica-licenciatura\/wp-json\/wp\/v2\/pages\/2124","targetHints":{"allow":["GET"]}}],"collection":[{"href":"https:\/\/wp.ufpel.edu.br\/fisica-licenciatura\/wp-json\/wp\/v2\/pages"}],"about":[{"href":"https:\/\/wp.ufpel.edu.br\/fisica-licenciatura\/wp-json\/wp\/v2\/types\/page"}],"author":[{"embeddable":true,"href":"https:\/\/wp.ufpel.edu.br\/fisica-licenciatura\/wp-json\/wp\/v2\/users\/1147"}],"replies":[{"embeddable":true,"href":"https:\/\/wp.ufpel.edu.br\/fisica-licenciatura\/wp-json\/wp\/v2\/comments?post=2124"}],"version-history":[{"count":6,"href":"https:\/\/wp.ufpel.edu.br\/fisica-licenciatura\/wp-json\/wp\/v2\/pages\/2124\/revisions"}],"predecessor-version":[{"id":2157,"href":"https:\/\/wp.ufpel.edu.br\/fisica-licenciatura\/wp-json\/wp\/v2\/pages\/2124\/revisions\/2157"}],"wp:attachment":[{"href":"https:\/\/wp.ufpel.edu.br\/fisica-licenciatura\/wp-json\/wp\/v2\/media?parent=2124"}],"curies":[{"name":"wp","href":"https:\/\/api.w.org\/{rel}","templated":true}]}}