{"id":210,"date":"2015-02-06T13:36:26","date_gmt":"2015-02-06T15:36:26","guid":{"rendered":"https:\/\/wp.ufpel.edu.br\/fisica-licenciatura\/?page_id=210"},"modified":"2015-02-06T13:36:26","modified_gmt":"2015-02-06T15:36:26","slug":"atividades-isoladas","status":"publish","type":"page","link":"https:\/\/wp.ufpel.edu.br\/fisica-licenciatura\/atividades-isoladas\/","title":{"rendered":"ATIVIDADES ISOLADAS"},"content":{"rendered":"<p style=\"text-align: justify\"><span style=\"font-family: georgia,palatino;font-size: 12pt;color: #000000\">Art. 20. Em caso de ocorr\u00eancia de vagas em turmas j\u00e1 existentes, a Universidade Federal de Pelotas poder\u00e1 disponibiliz\u00e1-las \u00e0 sociedade para que pessoas interessadas, mediante processo seletivo pr\u00e9vio, realizado pelos Colegiados de Cursos, possam cursar as respectivas atividades.<\/span><\/p>\n<p style=\"text-align: justify\"><span style=\"font-family: georgia,palatino;font-size: 12pt;color: #000000\">Par\u00e1grafo \u00fanico &#8211; O candidato classificado no processo seletivo do caput deste artigo adquirir\u00e1 a condi\u00e7\u00e3o de discente de matr\u00edcula isolada.<\/span><\/p>\n<p style=\"text-align: justify\"><span style=\"font-family: georgia,palatino;font-size: 12pt;color: #000000\">Art. 21. A Universidade Federal de Pelotas processar\u00e1 matr\u00edculas em atividades curriculares nas vagas remanescentes, em cada per\u00edodo letivo, conforme previsto no calend\u00e1rio acad\u00eamico e acordado com os Colegiados de Cursos respons\u00e1veis pelas referidas atividades curriculares.<\/span><\/p>\n<p style=\"text-align: justify\"><span style=\"font-family: georgia,palatino;font-size: 12pt;color: #000000\">\u00a7 1\u00ba. O procedimento da matr\u00edcula na hip\u00f3tese prevista no caput deste artigo ser\u00e1 regulamentado por meio de edital espec\u00edfico da Pr\u00f3-Reitoria de Gradua\u00e7\u00e3o.<\/span><\/p>\n<p style=\"text-align: justify\"><span style=\"font-family: georgia,palatino;font-size: 12pt;color: #000000\">\u00a7 2\u00ba. A matr\u00edcula em atividades isoladas n\u00e3o confere v\u00ednculo do discente com a Universidade Federal de Pelotas.<\/span><\/p>\n<p style=\"text-align: justify\"><span style=\"font-family: georgia,palatino;font-size: 12pt;color: #000000\">\u00a7 3\u00ba. Ser\u00e1 admitida a matr\u00edcula em at\u00e9 duas atividades curriculares isoladas em um mesmo per\u00edodo letivo, e at\u00e9 seis atividades por candidato.<\/span><\/p>\n<p style=\"text-align: justify\"><span style=\"font-family: georgia,palatino;font-size: 12pt;color: #000000\">\u00a7 4\u00ba. \u00c9 vedada a efetiva\u00e7\u00e3o de matr\u00edcula, durante o interregno de 1 (um) per\u00edodo letivo, aos candidatos que, nessa condi\u00e7\u00e3o, tenham cursado atividades curriculares isoladas sem atingir a freq\u00fc\u00eancia m\u00ednima exigida.<\/span><\/p>\n<p style=\"text-align: justify\"><span style=\"font-family: georgia,palatino;font-size: 12pt;color: #000000\">Art. 22. Ao final do per\u00edodo, os discentes que cursarem atividades isoladas receber\u00e3o da Diretoria de Registros Acad\u00eamicos um atestado de realiza\u00e7\u00e3o da respectiva atividade.<\/span><\/p>\n<p style=\"text-align: right\"><span style=\"font-family: georgia,palatino;font-size: 12pt;color: #000000\">Fonte: REGULAMENTO DO ENSINO DE GRADUA\u00c7\u00c3O NA UFPEL<\/span><\/p>\n","protected":false},"excerpt":{"rendered":"<p>Art. 20. Em caso de ocorr\u00eancia de vagas em turmas j\u00e1 existentes, a Universidade Federal de Pelotas poder\u00e1 disponibiliz\u00e1-las \u00e0 sociedade para que pessoas interessadas, mediante processo seletivo pr\u00e9vio, realizado pelos Colegiados de Cursos, possam cursar as respectivas atividades. Par\u00e1grafo \u00fanico &#8211; O candidato classificado no processo seletivo do caput deste artigo adquirir\u00e1 a condi\u00e7\u00e3o [&hellip;]<\/p>\n","protected":false},"author":366,"featured_media":0,"parent":0,"menu_order":0,"comment_status":"closed","ping_status":"closed","template":"","meta":{"jetpack_post_was_ever_published":false,"footnotes":""},"class_list":["post-210","page","type-page","status-publish","hentry"],"jetpack_sharing_enabled":true,"jetpack_shortlink":"https:\/\/wp.me\/P6RZnX-3o","_links":{"self":[{"href":"https:\/\/wp.ufpel.edu.br\/fisica-licenciatura\/wp-json\/wp\/v2\/pages\/210","targetHints":{"allow":["GET"]}}],"collection":[{"href":"https:\/\/wp.ufpel.edu.br\/fisica-licenciatura\/wp-json\/wp\/v2\/pages"}],"about":[{"href":"https:\/\/wp.ufpel.edu.br\/fisica-licenciatura\/wp-json\/wp\/v2\/types\/page"}],"author":[{"embeddable":true,"href":"https:\/\/wp.ufpel.edu.br\/fisica-licenciatura\/wp-json\/wp\/v2\/users\/366"}],"replies":[{"embeddable":true,"href":"https:\/\/wp.ufpel.edu.br\/fisica-licenciatura\/wp-json\/wp\/v2\/comments?post=210"}],"version-history":[{"count":1,"href":"https:\/\/wp.ufpel.edu.br\/fisica-licenciatura\/wp-json\/wp\/v2\/pages\/210\/revisions"}],"predecessor-version":[{"id":211,"href":"https:\/\/wp.ufpel.edu.br\/fisica-licenciatura\/wp-json\/wp\/v2\/pages\/210\/revisions\/211"}],"wp:attachment":[{"href":"https:\/\/wp.ufpel.edu.br\/fisica-licenciatura\/wp-json\/wp\/v2\/media?parent=210"}],"curies":[{"name":"wp","href":"https:\/\/api.w.org\/{rel}","templated":true}]}}