{"id":21,"date":"2015-02-04T11:32:18","date_gmt":"2015-02-04T13:32:18","guid":{"rendered":"https:\/\/wp.ufpel.edu.br\/fisica-licenciatura\/?page_id=21"},"modified":"2024-03-07T10:54:42","modified_gmt":"2024-03-07T13:54:42","slug":"o-curso","status":"publish","type":"page","link":"https:\/\/wp.ufpel.edu.br\/fisica-licenciatura\/o-curso\/","title":{"rendered":"APRESENTA\u00c7\u00c3O"},"content":{"rendered":"<p><span style=\"font-family: arial, helvetica, sans-serif; font-size: 10pt; color: #000000;\"><strong>Nome do Curso:<\/strong> Licenciatura em F\u00edsica<\/span><\/p>\n<p><span style=\"font-family: arial, helvetica, sans-serif; font-size: 10pt; color: #000000;\"><strong>Modalidade:<\/strong> Presencial<\/span><\/p>\n<p><span style=\"font-family: arial, helvetica, sans-serif; font-size: 10pt; color: #000000;\"><strong>Titula\u00e7\u00e3o:<\/strong> Licenciado em F\u00edsica<\/span><\/p>\n<p><span style=\"font-family: arial, helvetica, sans-serif; font-size: 10pt; color: #000000;\"><strong>Dura\u00e7\u00e3o:<\/strong> Oito semestres (m\u00ednima) a 14 semestres (m\u00e1xima)<\/span><\/p>\n<p><span style=\"font-family: arial, helvetica, sans-serif; font-size: 10pt; color: #000000;\"><strong>Carga Hor\u00e1ria Total:<\/strong> m\u00ednima de 3345 horas<\/span><\/p>\n<p><span style=\"font-family: arial, helvetica, sans-serif; font-size: 10pt; color: #000000;\"><strong>Turno:<\/strong> Integral<\/span><\/p>\n<p><span style=\"font-family: arial, helvetica, sans-serif; font-size: 10pt; color: #000000;\"><strong>Ingresso:<\/strong> Anual, por meio do Sistema de Sele\u00e7\u00e3o Unificada (SiSU) e do Programa de Avalia\u00e7\u00e3o da Vida Escolar (PAVE)<\/span><\/p>\n<p><span style=\"font-family: arial, helvetica, sans-serif; font-size: 10pt; color: #000000;\"><strong>N\u00famero de vagas por ingresso:<\/strong> 40 vagas pelo SiSU e 04 vagas pelo PAVE<\/span><\/p>\n<p><span style=\"font-family: arial, helvetica, sans-serif; font-size: 10pt; color: #000000;\"><strong>Regime Acad\u00eamico:<\/strong> Semestral<\/span><\/p>\n<p><span style=\"font-family: arial, helvetica, sans-serif; font-size: 10pt; color: #000000;\"><strong>Unidade Acad\u00eamica:<\/strong> Instituto de F\u00edsica e Matem\u00e1tica (IFM)<\/span><\/p>\n<p><span style=\"font-family: arial, helvetica, sans-serif; font-size: 10pt; color: #000000;\"><strong>Ato de Autoriza\u00e7\u00e3o do Curso:<\/strong> Portaria n\u00ba. 07, de 20 de julho de 1990<\/span><\/p>\n","protected":false},"excerpt":{"rendered":"<p>Nome do Curso: Licenciatura em F\u00edsica Modalidade: Presencial Titula\u00e7\u00e3o: Licenciado em F\u00edsica Dura\u00e7\u00e3o: Oito semestres (m\u00ednima) a 14 semestres (m\u00e1xima) Carga Hor\u00e1ria Total: m\u00ednima de 3345 horas Turno: Integral Ingresso: Anual, por meio do Sistema de Sele\u00e7\u00e3o Unificada (SiSU) e do Programa de Avalia\u00e7\u00e3o da Vida Escolar (PAVE) N\u00famero de vagas por ingresso: 40 vagas [&hellip;]<\/p>\n","protected":false},"author":366,"featured_media":0,"parent":0,"menu_order":0,"comment_status":"closed","ping_status":"closed","template":"","meta":{"jetpack_post_was_ever_published":false,"footnotes":""},"class_list":["post-21","page","type-page","status-publish","hentry"],"jetpack_sharing_enabled":true,"jetpack_shortlink":"https:\/\/wp.me\/P6RZnX-l","_links":{"self":[{"href":"https:\/\/wp.ufpel.edu.br\/fisica-licenciatura\/wp-json\/wp\/v2\/pages\/21","targetHints":{"allow":["GET"]}}],"collection":[{"href":"https:\/\/wp.ufpel.edu.br\/fisica-licenciatura\/wp-json\/wp\/v2\/pages"}],"about":[{"href":"https:\/\/wp.ufpel.edu.br\/fisica-licenciatura\/wp-json\/wp\/v2\/types\/page"}],"author":[{"embeddable":true,"href":"https:\/\/wp.ufpel.edu.br\/fisica-licenciatura\/wp-json\/wp\/v2\/users\/366"}],"replies":[{"embeddable":true,"href":"https:\/\/wp.ufpel.edu.br\/fisica-licenciatura\/wp-json\/wp\/v2\/comments?post=21"}],"version-history":[{"count":15,"href":"https:\/\/wp.ufpel.edu.br\/fisica-licenciatura\/wp-json\/wp\/v2\/pages\/21\/revisions"}],"predecessor-version":[{"id":2777,"href":"https:\/\/wp.ufpel.edu.br\/fisica-licenciatura\/wp-json\/wp\/v2\/pages\/21\/revisions\/2777"}],"wp:attachment":[{"href":"https:\/\/wp.ufpel.edu.br\/fisica-licenciatura\/wp-json\/wp\/v2\/media?parent=21"}],"curies":[{"name":"wp","href":"https:\/\/api.w.org\/{rel}","templated":true}]}}