{"id":2089,"date":"2021-07-23T22:28:50","date_gmt":"2021-07-24T01:28:50","guid":{"rendered":"https:\/\/wp.ufpel.edu.br\/fisica-licenciatura\/?page_id=2089"},"modified":"2021-07-23T23:01:25","modified_gmt":"2021-07-24T02:01:25","slug":"discentes-que-serao-transitados-para-a-versao-8-co-curriculo","status":"publish","type":"page","link":"https:\/\/wp.ufpel.edu.br\/fisica-licenciatura\/discentes-que-serao-transitados-para-a-versao-8-co-curriculo\/","title":{"rendered":"Discentes por vers\u00e3o curricular"},"content":{"rendered":"<p style=\"text-align: justify\">Em fun\u00e7\u00e3o da Regra de Transi\u00e7\u00e3o Curricular definida na aprova\u00e7\u00e3o do novo PPC, <strong>os discentes com ingresso anterior \u00e0 2020\/1<\/strong> podem ser transitados para a nova vers\u00e3o do curr\u00edculo, chamada de vers\u00e3o 8. A rela\u00e7\u00e3o abaixo foi constru\u00edda com base na realidade de cada discente, ao final do semestre 2019\/2, produzindo como resultado dois grupos de discentes: os que ficar\u00e3o na vers\u00e3o 7 e os que ser\u00e3o transitados:<\/p>\n<h4>Discentes que ser\u00e3o mantidos na vers\u00e3o 7<\/h4>\n<table style=\"height: 20px\" width=\"688\">\n<tbody>\n<tr style=\"height: 10px\">\n<td style=\"height: 10px;text-align: center\" width=\"30\"><span style=\"font-family: Times New Roman, serif\"><span style=\"font-size: small\"><strong>15101178<\/strong><\/span><\/span><\/td>\n<td style=\"height: 10px;text-align: center\" width=\"30\"><span style=\"font-family: Times New Roman, serif\"><span style=\"font-size: small\"><strong>16100243<\/strong><\/span><\/span><\/td>\n<td style=\"height: 10px;text-align: center\" width=\"30\"><span style=\"font-family: Times New Roman, serif\"><span style=\"font-size: small\"><strong>16100809<\/strong><\/span><\/span><\/td>\n<td style=\"height: 10px;text-align: center\" width=\"30\"><span style=\"font-family: Times New Roman, serif\"><span style=\"font-size: small\"><strong>16100810<\/strong><\/span><\/span><\/td>\n<td style=\"height: 10px;text-align: center\" width=\"30\"><span style=\"font-family: Times New Roman, serif\"><span style=\"font-size: small\"><strong>17100680<\/strong><\/span><\/span><\/td>\n<td style=\"height: 10px;text-align: center\" width=\"30\"><span style=\"font-family: Times New Roman, serif\"><span style=\"font-size: small\"><strong>17100475<\/strong><\/span><\/span><\/td>\n<\/tr>\n<tr style=\"height: 10px\" valign=\"top\">\n<td style=\"height: 10px;text-align: center\" width=\"30\"><span style=\"font-family: Times New Roman, serif\"><span style=\"font-size: small\"><strong>17100537<\/strong><\/span><\/span><\/td>\n<td style=\"height: 10px;text-align: center\" width=\"30\"><span style=\"font-family: Times New Roman, serif\"><span style=\"font-size: small\"><strong>17102732<\/strong><\/span><\/span><\/td>\n<td style=\"height: 10px;text-align: center\" width=\"30\"><span style=\"font-family: Times New Roman, serif\"><span style=\"font-size: small\"><strong>17100410<\/strong><\/span><\/span><\/td>\n<td style=\"height: 10px;text-align: center\" width=\"30&quot;\"><span style=\"font-family: Times New Roman, serif\"><span style=\"font-size: small\"><strong>18101180<\/strong><\/span><\/span><\/td>\n<td style=\"height: 10px;text-align: center\" width=\"30\"><span style=\"font-family: Times New Roman, serif\"><span style=\"font-size: small\"><strong>19101515<\/strong><\/span><\/span><\/td>\n<td style=\"height: 10px;text-align: center\" width=\"30\"><\/td>\n<\/tr>\n<\/tbody>\n<\/table>\n<p style=\"text-align: justify\" align=\"justify\"><span style=\"font-family: Times New Roman, serif\">Os discentes que permanecerem no curr\u00edculo 7 ter\u00e3o at\u00e9 o encerramento do semestre letivo 2022\/1 para o integralizarem totalmente. Caso n\u00e3o consigam, sua situa\u00e7\u00e3o acad\u00eamica quanto \u00e0 transi\u00e7\u00e3o curricular ser\u00e1 analisada pelo Colegiado do Curso.<\/span><\/p>\n<h4>Discentes que ser\u00e3o transitados para o curr\u00edculo 8<\/h4>\n<table style=\"height: 40px\" width=\"688\">\n<tbody>\n<tr style=\"height: 10px\" valign=\"top\">\n<td style=\"height: 10px;text-align: center\" width=\"30\"><span style=\"font-family: Times New Roman, serif\"><span style=\"font-size: small\"><strong>14100323<\/strong><\/span><\/span><\/td>\n<td style=\"height: 10px;text-align: center\" width=\"30\"><span style=\"font-family: Times New Roman, serif\"><span style=\"font-size: small\"><strong>15102758<\/strong><\/span><\/span><\/td>\n<td style=\"height: 10px;text-align: center\" width=\"30\"><span style=\"font-family: Times New Roman, serif\"><span style=\"font-size: small\"><strong>17101298<\/strong><\/span><\/span><\/td>\n<td style=\"height: 10px;text-align: center\" width=\"30\"><span style=\"font-family: Times New Roman, serif\"><span style=\"font-size: small\"><strong>17101209<\/strong><\/span><\/span><\/td>\n<td style=\"height: 10px;text-align: center\" width=\"30\"><span style=\"font-family: Times New Roman, serif\"><span style=\"font-size: small\"><strong>17100435<\/strong><\/span><\/span><\/td>\n<td style=\"height: 10px;text-align: center\" width=\"30\"><span style=\"font-family: Times New Roman, serif\"><span style=\"font-size: small\"><strong>17100412<\/strong><\/span><\/span><\/td>\n<\/tr>\n<tr style=\"height: 10px\" valign=\"top\">\n<td style=\"height: 10px;text-align: center\" width=\"30\"><span style=\"font-family: Times New Roman, serif\"><span style=\"font-size: small\"><strong>18100477<\/strong><\/span><\/span><\/td>\n<td style=\"height: 10px;text-align: center\" width=\"30\"><span style=\"font-family: Times New Roman, serif\"><span style=\"font-size: small\"><strong>18102236<\/strong><\/span><\/span><\/td>\n<td style=\"height: 10px;text-align: center\" width=\"30\"><span style=\"font-family: Times New Roman, serif\"><span style=\"font-size: small\"><strong>18100475<\/strong><\/span><\/span><\/td>\n<td style=\"height: 10px;text-align: center\" width=\"30\"><span style=\"font-family: Times New Roman, serif\"><span style=\"font-size: small\"><strong>19102716<\/strong><\/span><\/span><\/td>\n<td style=\"height: 10px;text-align: center\" width=\"30\"><span style=\"font-family: Times New Roman, serif\"><span style=\"font-size: small\"><strong>19101269<\/strong><\/span><\/span><\/td>\n<td style=\"height: 10px;text-align: center\" width=\"30\"><span style=\"font-family: Times New Roman, serif\"><span style=\"font-size: small\"><strong>19102887<\/strong><\/span><\/span><\/td>\n<\/tr>\n<tr style=\"height: 10px\" valign=\"top\">\n<td style=\"height: 10px;text-align: center\" width=\"30\"><span style=\"font-family: Times New Roman, serif\"><span style=\"font-size: small\"><strong>19101270<\/strong><\/span><\/span><\/td>\n<td style=\"height: 10px;text-align: center\" width=\"30\"><span style=\"font-family: Times New Roman, serif\"><span style=\"font-size: small\"><strong>19101262<\/strong><\/span><\/span><\/td>\n<td style=\"height: 10px;text-align: center\" width=\"30\"><span style=\"font-family: Times New Roman, serif\"><span style=\"font-size: small\"><strong>19100897<\/strong><\/span><\/span><\/td>\n<td style=\"height: 10px;text-align: center\" width=\"30\"><span style=\"font-family: Times New Roman, serif\"><span style=\"font-size: small\"><strong>19100325<\/strong><\/span><\/span><\/td>\n<td style=\"height: 10px;text-align: center\" width=\"30\"><span style=\"font-family: Times New Roman, serif\"><span style=\"font-size: small\"><strong>19101087<\/strong><\/span><\/span><\/td>\n<td style=\"height: 10px;text-align: center\" width=\"30\"><span style=\"font-family: Times New Roman, serif\"><span style=\"font-size: small\"><strong>19101342<\/strong><\/span><\/span><\/td>\n<\/tr>\n<tr style=\"height: 10px\" valign=\"top\">\n<td style=\"height: 10px;text-align: center\" width=\"30\"><span style=\"font-family: Times New Roman, serif\"><span style=\"font-size: small\"><strong>19102951<\/strong><\/span><\/span><\/td>\n<td style=\"height: 10px;text-align: center\" width=\"30\"><span style=\"font-family: Times New Roman, serif\"><span style=\"font-size: small\"><strong>19102812<\/strong><\/span><\/span><\/td>\n<td style=\"height: 10px;text-align: center\" width=\"30\"><span style=\"font-family: Times New Roman, serif\"><span style=\"font-size: small\"><strong>19100259<\/strong><\/span><\/span><\/td>\n<td style=\"height: 10px;text-align: center\" width=\"30\"><\/td>\n<td style=\"height: 10px;text-align: center\" width=\"30\"><\/td>\n<td style=\"height: 10px;text-align: center\" width=\"30\"><\/td>\n<\/tr>\n<\/tbody>\n<\/table>\n<p>&nbsp;<\/p>\n","protected":false},"excerpt":{"rendered":"<p>Em fun\u00e7\u00e3o da Regra de Transi\u00e7\u00e3o Curricular definida na aprova\u00e7\u00e3o do novo PPC, os discentes com ingresso anterior \u00e0 2020\/1 podem ser transitados para a nova vers\u00e3o do curr\u00edculo, chamada de vers\u00e3o 8. A rela\u00e7\u00e3o abaixo foi constru\u00edda com base na realidade de cada discente, ao final do semestre 2019\/2, produzindo como resultado dois grupos [&hellip;]<\/p>\n","protected":false},"author":1147,"featured_media":0,"parent":0,"menu_order":0,"comment_status":"closed","ping_status":"closed","template":"","meta":{"jetpack_post_was_ever_published":false,"footnotes":""},"class_list":["post-2089","page","type-page","status-publish","hentry"],"jetpack_sharing_enabled":true,"jetpack_shortlink":"https:\/\/wp.me\/P6RZnX-xH","_links":{"self":[{"href":"https:\/\/wp.ufpel.edu.br\/fisica-licenciatura\/wp-json\/wp\/v2\/pages\/2089","targetHints":{"allow":["GET"]}}],"collection":[{"href":"https:\/\/wp.ufpel.edu.br\/fisica-licenciatura\/wp-json\/wp\/v2\/pages"}],"about":[{"href":"https:\/\/wp.ufpel.edu.br\/fisica-licenciatura\/wp-json\/wp\/v2\/types\/page"}],"author":[{"embeddable":true,"href":"https:\/\/wp.ufpel.edu.br\/fisica-licenciatura\/wp-json\/wp\/v2\/users\/1147"}],"replies":[{"embeddable":true,"href":"https:\/\/wp.ufpel.edu.br\/fisica-licenciatura\/wp-json\/wp\/v2\/comments?post=2089"}],"version-history":[{"count":12,"href":"https:\/\/wp.ufpel.edu.br\/fisica-licenciatura\/wp-json\/wp\/v2\/pages\/2089\/revisions"}],"predecessor-version":[{"id":2103,"href":"https:\/\/wp.ufpel.edu.br\/fisica-licenciatura\/wp-json\/wp\/v2\/pages\/2089\/revisions\/2103"}],"wp:attachment":[{"href":"https:\/\/wp.ufpel.edu.br\/fisica-licenciatura\/wp-json\/wp\/v2\/media?parent=2089"}],"curies":[{"name":"wp","href":"https:\/\/api.w.org\/{rel}","templated":true}]}}