{"id":207,"date":"2015-02-06T13:35:17","date_gmt":"2015-02-06T15:35:17","guid":{"rendered":"https:\/\/wp.ufpel.edu.br\/fisica-licenciatura\/?page_id=207"},"modified":"2015-02-06T13:35:28","modified_gmt":"2015-02-06T15:35:28","slug":"regime-academico-por-atividades-curriculares","status":"publish","type":"page","link":"https:\/\/wp.ufpel.edu.br\/fisica-licenciatura\/regime-academico-por-atividades-curriculares\/","title":{"rendered":"REGIME ACAD\u00caMICO POR ATIVIDADES CURRICULARES"},"content":{"rendered":"<p style=\"text-align: justify\"><span style=\"font-family: georgia,palatino;font-size: 12pt;color: #000000\">Art. 18. Para a matr\u00edcula nas atividades curriculares considerar-se-\u00e1 como ordem de prioridade:<\/span><\/p>\n<p style=\"text-align: justify\"><span style=\"font-family: georgia,palatino;font-size: 12pt;color: #000000\">I &#8211; discentes ingressantes;<\/span><\/p>\n<p style=\"text-align: justify\"><span style=\"font-family: georgia,palatino;font-size: 12pt;color: #000000\">II &#8211; discentes concluintes;<\/span><\/p>\n<p style=\"text-align: justify\"><span style=\"font-family: georgia,palatino;font-size: 12pt;color: #000000\">III &#8211; discentes que tenham obtido desempenho acad\u00eamico satisfat\u00f3rio;<\/span><\/p>\n<p style=\"text-align: justify\"><span style=\"font-family: georgia,palatino;font-size: 12pt;color: #000000\">IV &#8211; discentes que n\u00e3o tenham obtido desempenho acad\u00eamico satisfat\u00f3rio.<\/span><\/p>\n<p style=\"text-align: justify\"><span style=\"font-family: georgia,palatino;font-size: 12pt;color: #000000\">Art. 19. O discente dever\u00e1 efetivar a sua matr\u00edcula em per\u00edodo fixado no calend\u00e1rio acad\u00eamico da Institui\u00e7\u00e3o.<\/span><\/p>\n<p style=\"text-align: justify\"><span style=\"font-family: georgia,palatino;font-size: 12pt;color: #000000\">Par\u00e1grafo \u00fanico &#8211; Para efetivar a matr\u00edcula em cada per\u00edodo letivo, o discente dever\u00e1 atualizar seus dados cadastrais conforme orienta\u00e7\u00f5es da Coordenadoria de Cadastro e Matr\u00edculas.<\/span><\/p>\n<p style=\"text-align: right\"><span style=\"font-family: georgia,palatino;font-size: 12pt;color: #000000\">Fonte: REGULAMENTO DO ENSINO DE GRADUA\u00c7\u00c3O NA UFPEL<\/span><\/p>\n","protected":false},"excerpt":{"rendered":"<p>Art. 18. Para a matr\u00edcula nas atividades curriculares considerar-se-\u00e1 como ordem de prioridade: I &#8211; discentes ingressantes; II &#8211; discentes concluintes; III &#8211; discentes que tenham obtido desempenho acad\u00eamico satisfat\u00f3rio; IV &#8211; discentes que n\u00e3o tenham obtido desempenho acad\u00eamico satisfat\u00f3rio. Art. 19. O discente dever\u00e1 efetivar a sua matr\u00edcula em per\u00edodo fixado no calend\u00e1rio acad\u00eamico [&hellip;]<\/p>\n","protected":false},"author":366,"featured_media":0,"parent":0,"menu_order":0,"comment_status":"closed","ping_status":"closed","template":"","meta":{"jetpack_post_was_ever_published":false,"footnotes":""},"class_list":["post-207","page","type-page","status-publish","hentry"],"jetpack_sharing_enabled":true,"jetpack_shortlink":"https:\/\/wp.me\/P6RZnX-3l","_links":{"self":[{"href":"https:\/\/wp.ufpel.edu.br\/fisica-licenciatura\/wp-json\/wp\/v2\/pages\/207","targetHints":{"allow":["GET"]}}],"collection":[{"href":"https:\/\/wp.ufpel.edu.br\/fisica-licenciatura\/wp-json\/wp\/v2\/pages"}],"about":[{"href":"https:\/\/wp.ufpel.edu.br\/fisica-licenciatura\/wp-json\/wp\/v2\/types\/page"}],"author":[{"embeddable":true,"href":"https:\/\/wp.ufpel.edu.br\/fisica-licenciatura\/wp-json\/wp\/v2\/users\/366"}],"replies":[{"embeddable":true,"href":"https:\/\/wp.ufpel.edu.br\/fisica-licenciatura\/wp-json\/wp\/v2\/comments?post=207"}],"version-history":[{"count":1,"href":"https:\/\/wp.ufpel.edu.br\/fisica-licenciatura\/wp-json\/wp\/v2\/pages\/207\/revisions"}],"predecessor-version":[{"id":208,"href":"https:\/\/wp.ufpel.edu.br\/fisica-licenciatura\/wp-json\/wp\/v2\/pages\/207\/revisions\/208"}],"wp:attachment":[{"href":"https:\/\/wp.ufpel.edu.br\/fisica-licenciatura\/wp-json\/wp\/v2\/media?parent=207"}],"curies":[{"name":"wp","href":"https:\/\/api.w.org\/{rel}","templated":true}]}}