{"id":2056,"date":"2021-07-23T16:02:57","date_gmt":"2021-07-23T19:02:57","guid":{"rendered":"https:\/\/wp.ufpel.edu.br\/fisica-licenciatura\/?page_id=2056"},"modified":"2024-03-06T16:48:07","modified_gmt":"2024-03-06T19:48:07","slug":"informacoes-aos-ingressantes-2020-1","status":"publish","type":"page","link":"https:\/\/wp.ufpel.edu.br\/fisica-licenciatura\/informacoes-aos-ingressantes-2020-1\/","title":{"rendered":"COBALTO e e-AULA"},"content":{"rendered":"<p style=\"text-align: justify;\">Nesta p\u00e1gina voc\u00ea pode encontrar algumas informa\u00e7\u00f5es sobre o <span style=\"color: #0000ff;\"><strong>COBALTO<\/strong><\/span> e sobre o <span style=\"color: #0000ff;\"><strong>e-AULA<\/strong><\/span>, a plataforma Moodle de ensino virtual da UFPel. A integra\u00e7\u00e3o entre o COBALTO e o e-AULA ocorre quando todas as informa\u00e7\u00f5es sobre suas disciplinas e matr\u00edculas forem transmitidas automaticamente do COBALTO para o e-AULA.<\/p>\n<h3><span style=\"color: #0000ff;\">COBALTO<\/span><\/h3>\n<p>O COBALTO \u00e9 o sistema administrativo da UFPel no qual voc\u00ea realiza a matr\u00edcula, imprime comprovantes, verifica sua nota, etc.<\/p>\n<h4>Como fazer o primeiro acesso?<\/h4>\n<p style=\"text-align: justify;\">Para o primeiro acesso, acesse o site: <a href=\"https:\/\/cobalto.ufpel.edu.br\/\">https:\/\/cobalto.ufpel.edu.br\/<\/a>, insira o seu CPF na aba <strong>\u201cEsqueceu sua senha\u201d<\/strong> e ser\u00e1 encaminhado um e-mail para voc\u00ea definir uma nova senha. Uma vez tendo feito o primeiro acesso, nas pr\u00f3ximas vezes que voc\u00ea precisar acessar o COBALTO basta usar a aba &#8220;Acessar conta&#8221;, com seus dados cadastrados.<\/p>\n<h3><span style=\"color: #0000ff;\">e-AULA<\/span><\/h3>\n<p>O <strong>e-AULA<\/strong> \u00e9 a plataforma na qual voc\u00ea ter\u00e1 aula. Voc\u00ea pode acessar de duas maneiras.<\/p>\n<ol>\n<li style=\"text-align: justify;\">Ao entrar no COBALTO, voc\u00ea vai em Consultas e procure por Matr\u00edcula. Ao clicar em matr\u00edcula, aparecer\u00e1 as disciplinas nas quais voc\u00ea est\u00e1 matriculado e o link para o E-Aula, basta clicar;<\/li>\n<li style=\"text-align: justify;\">Voc\u00ea pode acessar diretamente o site do e-AULA: <a href=\"https:\/\/e-aula.ufpel.edu.br\/\">https:\/\/e-aula.ufpel.edu.br\/<\/a>. Os dados de acesso s\u00e3o os mesmos usado para acessar o Cobalto.<\/li>\n<\/ol>\n<p style=\"text-align: justify;\">\u00c9 importante ressaltar que voc\u00ea s\u00f3 ter\u00e1 acesso \u00e0s disciplinas dentro do e-AULA quando os docentes respons\u00e1veis procederem com a integra\u00e7\u00e3o entre o COBALTO e o e-AULA. Isto deve acontecer no in\u00edcio do semestre letivo.<\/p>\n<h3>MATERIAIS DE APOIO PARA O e-AULA<\/h3>\n<p style=\"text-align: justify;\">Na UFPel o setor respons\u00e1vel pelo apoio aos discentes e docentes dentro do ensino remoto \u00e9 o <a href=\"https:\/\/wp.ufpel.edu.br\/nate\/\">N\u00facleo de Apoio a Tecnologias Educacionais<\/a> (NATE). No NATE voc\u00ea pode encontrar informa\u00e7\u00f5es sobre o como usar o e-AULA, como fazer o acesso aos encontros s\u00edncronos das disciplinas pela plataforma Webconfer\u00eancia da UFPel, tudo na forma de tutoriais, v\u00eddeos explicativos, guia do estudante, etc. Abaixo selecionamos dois destes materiais, que podem servir de ponto de partida para a explora\u00e7\u00e3o do ERE:<\/p>\n<ol>\n<li style=\"text-align: justify;\"><a href=\"https:\/\/wp.ufpel.edu.br\/ufpeldigital\/materias-de-apoio\/\">Materiais de apoio<\/a>: documentos orientadores produzidos pelo Comit\u00ea UFPel Digital, Pr\u00f3-Reitorias e o NATE<\/li>\n<li><a href=\"https:\/\/wp.ufpel.edu.br\/nate\/files\/2020\/09\/GUIA_ESTUDANTIL.pdf\">Guia do estudantil para o uso da plataforma e-AULA<\/a><\/li>\n<li><a href=\"https:\/\/www.youtube.com\/playlist?list=PLxdMudD6RObYgn3JbvMiImS9VqcE6llvR\">Orienta\u00e7\u00f5es em v\u00eddeo sobre a plataforma e-AULA<\/a><\/li>\n<\/ol>\n","protected":false},"excerpt":{"rendered":"<p>Nesta p\u00e1gina voc\u00ea pode encontrar algumas informa\u00e7\u00f5es sobre o COBALTO e sobre o e-AULA, a plataforma Moodle de ensino virtual da UFPel. A integra\u00e7\u00e3o entre o COBALTO e o e-AULA ocorre quando todas as informa\u00e7\u00f5es sobre suas disciplinas e matr\u00edculas forem transmitidas automaticamente do COBALTO para o e-AULA. COBALTO O COBALTO \u00e9 o sistema administrativo [&hellip;]<\/p>\n","protected":false},"author":1147,"featured_media":0,"parent":0,"menu_order":0,"comment_status":"closed","ping_status":"closed","template":"","meta":{"jetpack_post_was_ever_published":false,"footnotes":""},"class_list":["post-2056","page","type-page","status-publish","hentry"],"jetpack_sharing_enabled":true,"jetpack_shortlink":"https:\/\/wp.me\/P6RZnX-xa","_links":{"self":[{"href":"https:\/\/wp.ufpel.edu.br\/fisica-licenciatura\/wp-json\/wp\/v2\/pages\/2056","targetHints":{"allow":["GET"]}}],"collection":[{"href":"https:\/\/wp.ufpel.edu.br\/fisica-licenciatura\/wp-json\/wp\/v2\/pages"}],"about":[{"href":"https:\/\/wp.ufpel.edu.br\/fisica-licenciatura\/wp-json\/wp\/v2\/types\/page"}],"author":[{"embeddable":true,"href":"https:\/\/wp.ufpel.edu.br\/fisica-licenciatura\/wp-json\/wp\/v2\/users\/1147"}],"replies":[{"embeddable":true,"href":"https:\/\/wp.ufpel.edu.br\/fisica-licenciatura\/wp-json\/wp\/v2\/comments?post=2056"}],"version-history":[{"count":13,"href":"https:\/\/wp.ufpel.edu.br\/fisica-licenciatura\/wp-json\/wp\/v2\/pages\/2056\/revisions"}],"predecessor-version":[{"id":2769,"href":"https:\/\/wp.ufpel.edu.br\/fisica-licenciatura\/wp-json\/wp\/v2\/pages\/2056\/revisions\/2769"}],"wp:attachment":[{"href":"https:\/\/wp.ufpel.edu.br\/fisica-licenciatura\/wp-json\/wp\/v2\/media?parent=2056"}],"curies":[{"name":"wp","href":"https:\/\/api.w.org\/{rel}","templated":true}]}}