{"id":2040,"date":"2021-07-22T20:55:19","date_gmt":"2021-07-22T23:55:19","guid":{"rendered":"https:\/\/wp.ufpel.edu.br\/fisica-licenciatura\/?page_id=2040"},"modified":"2024-04-04T11:19:08","modified_gmt":"2024-04-04T14:19:08","slug":"horarios2024-1","status":"publish","type":"page","link":"https:\/\/wp.ufpel.edu.br\/fisica-licenciatura\/horarios2024-1\/","title":{"rendered":"Hor\u00e1rios 2024\/1"},"content":{"rendered":"<p style=\"text-align: justify;\">Para facilitar a organiza\u00e7\u00e3o dos hor\u00e1rios dos discentes, disponibilizamos abaixo um arquivo com a grade de disciplinas que ser\u00e3o ofertadas no semestre 2024\/1<\/p>\n<ul>\n<li><a href=\"https:\/\/wp.ufpel.edu.br\/fisica-licenciatura\/files\/2024\/04\/Horarios-2024-1.pdf\">Hor\u00e1rios 2024\/1<\/a><\/li>\n<\/ul>\n<p>Esperamos que todos tenham um bom semestre.<\/p>\n","protected":false},"excerpt":{"rendered":"<p>Para facilitar a organiza\u00e7\u00e3o dos hor\u00e1rios dos discentes, disponibilizamos abaixo um arquivo com a grade de disciplinas que ser\u00e3o ofertadas no semestre 2024\/1 Hor\u00e1rios 2024\/1 Esperamos que todos tenham um bom semestre.<\/p>\n","protected":false},"author":1147,"featured_media":0,"parent":0,"menu_order":0,"comment_status":"closed","ping_status":"closed","template":"","meta":{"jetpack_post_was_ever_published":false,"footnotes":""},"class_list":["post-2040","page","type-page","status-publish","hentry"],"jetpack_sharing_enabled":true,"jetpack_shortlink":"https:\/\/wp.me\/P6RZnX-wU","_links":{"self":[{"href":"https:\/\/wp.ufpel.edu.br\/fisica-licenciatura\/wp-json\/wp\/v2\/pages\/2040","targetHints":{"allow":["GET"]}}],"collection":[{"href":"https:\/\/wp.ufpel.edu.br\/fisica-licenciatura\/wp-json\/wp\/v2\/pages"}],"about":[{"href":"https:\/\/wp.ufpel.edu.br\/fisica-licenciatura\/wp-json\/wp\/v2\/types\/page"}],"author":[{"embeddable":true,"href":"https:\/\/wp.ufpel.edu.br\/fisica-licenciatura\/wp-json\/wp\/v2\/users\/1147"}],"replies":[{"embeddable":true,"href":"https:\/\/wp.ufpel.edu.br\/fisica-licenciatura\/wp-json\/wp\/v2\/comments?post=2040"}],"version-history":[{"count":40,"href":"https:\/\/wp.ufpel.edu.br\/fisica-licenciatura\/wp-json\/wp\/v2\/pages\/2040\/revisions"}],"predecessor-version":[{"id":2893,"href":"https:\/\/wp.ufpel.edu.br\/fisica-licenciatura\/wp-json\/wp\/v2\/pages\/2040\/revisions\/2893"}],"wp:attachment":[{"href":"https:\/\/wp.ufpel.edu.br\/fisica-licenciatura\/wp-json\/wp\/v2\/media?parent=2040"}],"curies":[{"name":"wp","href":"https:\/\/api.w.org\/{rel}","templated":true}]}}