{"id":2018,"date":"2021-07-21T23:39:33","date_gmt":"2021-07-22T02:39:33","guid":{"rendered":"https:\/\/wp.ufpel.edu.br\/fisica-licenciatura\/?page_id=2018"},"modified":"2022-12-06T14:05:16","modified_gmt":"2022-12-06T17:05:16","slug":"trancamento-de-matricula","status":"publish","type":"page","link":"https:\/\/wp.ufpel.edu.br\/fisica-licenciatura\/trancamento-de-matricula\/","title":{"rendered":"Trancamento de matr\u00edcula"},"content":{"rendered":"<h3>Defini\u00e7\u00e3o<\/h3>\n<p style=\"text-align: justify;\">O trancamento de matr\u00edcula \u00e9 o ato em que o discente ou a Institui\u00e7\u00e3o interrompe a matr\u00edcula em componentes curriculares. Isto \u00e9 feito pelo COBALTO ou atrav\u00e9s da <a href=\"https:\/\/wp.ufpel.edu.br\/cra\/trancamentos\/\">Coordena\u00e7\u00e3o de Registros Acad\u00eamicos (CRA)<\/a>.<\/p>\n<p>O Regulamento de Ensino de Gradua\u00e7\u00e3o prev\u00ea tr\u00eas modalidades de trancamento de matr\u00edcula:<\/p>\n<h3><strong>Trancamento de matr\u00edcula em componentes curriculares<\/strong><\/h3>\n<div id=\"target-id60f8d7a525b50\" class=\"collapseomatic_content \">\n<p style=\"text-align: justify;\">O discente poder\u00e1 realizar o trancamento de matr\u00edcula em componentes curriculares pelo COBALTO, no prazo estabelecido no calend\u00e1rio acad\u00eamico, obedecendo ao limite m\u00ednimo de cr\u00e9ditos obrigat\u00f3rios para matr\u00edcula.<\/p>\n<h4><strong>Como Solicitar<\/strong><\/h4>\n<p>O discente dever\u00e1 fazer <i>login<\/i> no sistema acad\u00eamico, acessar o menu \u201cAluno\/Cadastro\/Trancamento de disciplina\u201d, marcar as disciplinas que deseja trancar e clicar em \u201c+Trancar disciplina(s)\u201d.<\/p>\n<h3><strong>Trancamento geral de matr\u00edcula (TGM)<\/strong><\/h3>\n<p style=\"text-align: justify;\">O discente poder\u00e1 solicitar o TGM na Coordena\u00e7\u00e3o de Registros Acad\u00eamicos, ser\u00e1 concedido de acordo com as normas estabelecidas no Regulamento do Ensino de Gradua\u00e7\u00e3o.<\/p>\n<p style=\"text-align: justify;\">O TGM \u00e9 o instrumento acad\u00eamico que permite ao discente manter o v\u00ednculo com o curso, diante da impossibilidade de cursar componentes curriculares em determinado per\u00edodo letivo. \u00c9 permitido trancamento em at\u00e9 quatro semestres letivos para os cursos semestrais e dois anos letivos para os cursos anuais. Tem validade somente por um per\u00edodo letivo, portanto o discente deve solicitar o trancamento a cada per\u00edodo pretendido dentro dos prazos estabelecidos no calend\u00e1rio acad\u00eamico.<br \/>\nO discente poder\u00e1 pedir readmiss\u00e3o, cancelando a situa\u00e7\u00e3o de TGM, at\u00e9 o \u00faltimo dia previsto para a corre\u00e7\u00e3o de matr\u00edcula.<\/p>\n<p style=\"text-align: justify;\">N\u00e3o ser\u00e1 concedido TGM ao discente ingressante e ao discente que estiver em situa\u00e7\u00e3o pass\u00edvel de jubilamento, salvo nas seguintes hip\u00f3teses:<\/p>\n<ol>\n<li style=\"text-align: justify;\">por motivo de doen\u00e7a do pr\u00f3prio aluno ou de familiar at\u00e9 1\u00ba grau, mediante avalia\u00e7\u00e3o de per\u00edcia m\u00e9dica oficial da Universidade;<\/li>\n<li style=\"text-align: justify;\">para cumprir servi\u00e7o militar obrigat\u00f3rio, mediante comprova\u00e7\u00e3o.<\/li>\n<\/ol>\n<p>N\u00e3o ser\u00e1 concedido TGM ao discente matriculado na modalidade de Regime Especial.<\/p>\n<p style=\"text-align: justify;\">O discente poder\u00e1 pedir readmiss\u00e3o, cancelando a situa\u00e7\u00e3o de trancamento geral de matr\u00edcula, at\u00e9 o \u00faltimo dia previsto para a corre\u00e7\u00e3o de matr\u00edcula. O <a href=\"https:\/\/wp.ufpel.edu.br\/cra\/trancamentos\/\">requerimento de readmiss\u00e3o<\/a> pode ser obtido junto ao CRA.<\/p>\n<h4><strong>Como solicitar<\/strong><\/h4>\n<p style=\"text-align: justify;\">O trancamento geral de matr\u00edcula deve ser solicitado \u00e0 CRA pelo discente ou seu representante legal, nos prazos previstos no calend\u00e1rio acad\u00eamico. A solicita\u00e7\u00e3o pode ser pela p\u00e1gina: <a href=\"https:\/\/atendimento.ufpel.edu.br\/\">https:\/\/atendimento.ufpel.edu.br\/<\/a>.<\/p>\n<p style=\"text-align: justify;\">Prazos:<\/p>\n<ol>\n<li style=\"text-align: justify;\">Para discentes que n\u00e3o solicitaram matr\u00edcula: somente no per\u00edodo estabelecido no calend\u00e1rio acad\u00eamico (per\u00edodo de corre\u00e7\u00e3o de matr\u00edcula).<\/li>\n<li style=\"text-align: justify;\">Para discentes matriculados: do primeiro ao \u00faltimo dia letivo do semestre.<\/li>\n<\/ol>\n<\/div>\n<h3><strong>Trancamento geral de matr\u00edcula administrativo<\/strong><\/h3>\n<p style=\"text-align: justify;\">Ato realizado pela Institui\u00e7\u00e3o diante da impossibilidade do discente cursar determinado semestre, independente de sua vontade, ser\u00e1 concedido nos casos a seguir:<\/p>\n<ol>\n<li style=\"text-align: justify;\">ingresso por transfer\u00eancia compuls\u00f3ria ap\u00f3s o limite de dias letivos estabelecidos para ingresso na Institui\u00e7\u00e3o;<\/li>\n<li style=\"text-align: justify;\">ingresso por decis\u00e3o judicial ap\u00f3s o limite de dias letivos estabelecidos para ingresso na Institui\u00e7\u00e3o;<\/li>\n<li style=\"text-align: justify;\">quando o discente n\u00e3o \u00e9 contemplado com a oferta de componentes curriculares no per\u00edodo letivo.<\/li>\n<\/ol>\n","protected":false},"excerpt":{"rendered":"<p>Defini\u00e7\u00e3o O trancamento de matr\u00edcula \u00e9 o ato em que o discente ou a Institui\u00e7\u00e3o interrompe a matr\u00edcula em componentes curriculares. Isto \u00e9 feito pelo COBALTO ou atrav\u00e9s da Coordena\u00e7\u00e3o de Registros Acad\u00eamicos (CRA). O Regulamento de Ensino de Gradua\u00e7\u00e3o prev\u00ea tr\u00eas modalidades de trancamento de matr\u00edcula: Trancamento de matr\u00edcula em componentes curriculares O discente [&hellip;]<\/p>\n","protected":false},"author":1147,"featured_media":0,"parent":0,"menu_order":0,"comment_status":"closed","ping_status":"closed","template":"","meta":{"jetpack_post_was_ever_published":false,"footnotes":""},"class_list":["post-2018","page","type-page","status-publish","hentry"],"jetpack_sharing_enabled":true,"jetpack_shortlink":"https:\/\/wp.me\/P6RZnX-wy","_links":{"self":[{"href":"https:\/\/wp.ufpel.edu.br\/fisica-licenciatura\/wp-json\/wp\/v2\/pages\/2018","targetHints":{"allow":["GET"]}}],"collection":[{"href":"https:\/\/wp.ufpel.edu.br\/fisica-licenciatura\/wp-json\/wp\/v2\/pages"}],"about":[{"href":"https:\/\/wp.ufpel.edu.br\/fisica-licenciatura\/wp-json\/wp\/v2\/types\/page"}],"author":[{"embeddable":true,"href":"https:\/\/wp.ufpel.edu.br\/fisica-licenciatura\/wp-json\/wp\/v2\/users\/1147"}],"replies":[{"embeddable":true,"href":"https:\/\/wp.ufpel.edu.br\/fisica-licenciatura\/wp-json\/wp\/v2\/comments?post=2018"}],"version-history":[{"count":6,"href":"https:\/\/wp.ufpel.edu.br\/fisica-licenciatura\/wp-json\/wp\/v2\/pages\/2018\/revisions"}],"predecessor-version":[{"id":2549,"href":"https:\/\/wp.ufpel.edu.br\/fisica-licenciatura\/wp-json\/wp\/v2\/pages\/2018\/revisions\/2549"}],"wp:attachment":[{"href":"https:\/\/wp.ufpel.edu.br\/fisica-licenciatura\/wp-json\/wp\/v2\/media?parent=2018"}],"curies":[{"name":"wp","href":"https:\/\/api.w.org\/{rel}","templated":true}]}}