{"id":2001,"date":"2021-07-21T23:05:02","date_gmt":"2021-07-22T02:05:02","guid":{"rendered":"https:\/\/wp.ufpel.edu.br\/fisica-licenciatura\/?page_id=2001"},"modified":"2021-08-02T20:07:13","modified_gmt":"2021-08-02T23:07:13","slug":"matricula-especial","status":"publish","type":"page","link":"https:\/\/wp.ufpel.edu.br\/fisica-licenciatura\/matricula-especial\/","title":{"rendered":"Matr\u00edcula especial (solicita\u00e7\u00e3o pelo COBALTO)"},"content":{"rendered":"<p><strong>Defini\u00e7\u00e3o<\/strong><\/p>\n<p style=\"text-align: justify\">A matr\u00edcula especial permite ao discente realizar matr\u00edcula em componente curriculares de outros cursos da UFPel. Esta modalidade de matr\u00edcula est\u00e1 condicionada \u00e0 disponibilidade de vagas na disciplina e no per\u00edodo letivo desejado. A matr\u00edcula especial n\u00e3o poder\u00e1 ultrapassar o total de dois componentes curriculares por per\u00edodo letivo e 20% da carga hor\u00e1ria do curso de origem. N\u00e3o ser\u00e1 permitida a matr\u00edcula em componentes curriculares em que houver colis\u00e3o total ou parcial de hor\u00e1rios. A matr\u00edcula especial \u00e9 destinada apenas para acrescentar componentes curriculares, \u00e9 vedada a altera\u00e7\u00e3o da matr\u00edcula original.<\/p>\n<h3><strong>Como solicitar<\/strong><\/h3>\n<p style=\"text-align: justify\">A Matr\u00edcula Especial possui per\u00edodo estipulado no calend\u00e1rio acad\u00eamico. Para solicitar a matr\u00edcula especial o discente deve:<\/p>\n<ol>\n<li style=\"text-align: justify\">estar matriculado em, no m\u00ednimo, oito cr\u00e9ditos no curso de origem;<\/li>\n<li style=\"text-align: justify\">obter autoriza\u00e7\u00e3o da coordena\u00e7\u00e3o do seu curso;<\/li>\n<li style=\"text-align: justify\">solicitar ao Colegiado do Curso que oferta o componente curricular pretendido, no per\u00edodo previsto no Calend\u00e1rio Acad\u00eamico.<\/li>\n<\/ol>\n<p style=\"text-align: justify\">No caso da matr\u00edcula especial envolver pr\u00e9-requisitos, tanto no curso de origem, como no de destino, dever\u00e1 haver concord\u00e2ncia formal entre os cursos envolvidos. O discente deve verificar com o colegiado do curso os procedimentos adotados para solicita\u00e7\u00e3o de matr\u00edcula nesta modalidade.<\/p>\n<p style=\"text-align: justify\"><strong>ATEN\u00c7\u00c3O: A partir do semestre 2021\/1, a solicita\u00e7\u00e3o de matr\u00edcula especial ser\u00e1 realizada via sistema COBALTO, dentro do per\u00edodo definido pelo calend\u00e1rio acad\u00eamico, atrav\u00e9s do menu: \u201cAluno \u2013 Cadastro \u2013 Solicita\u00e7\u00e3o de matr\u00edcula especial\u201d.<\/strong><\/p>\n","protected":false},"excerpt":{"rendered":"<p>Defini\u00e7\u00e3o A matr\u00edcula especial permite ao discente realizar matr\u00edcula em componente curriculares de outros cursos da UFPel. Esta modalidade de matr\u00edcula est\u00e1 condicionada \u00e0 disponibilidade de vagas na disciplina e no per\u00edodo letivo desejado. A matr\u00edcula especial n\u00e3o poder\u00e1 ultrapassar o total de dois componentes curriculares por per\u00edodo letivo e 20% da carga hor\u00e1ria do [&hellip;]<\/p>\n","protected":false},"author":1147,"featured_media":0,"parent":0,"menu_order":0,"comment_status":"closed","ping_status":"closed","template":"","meta":{"jetpack_post_was_ever_published":false,"footnotes":""},"class_list":["post-2001","page","type-page","status-publish","hentry"],"jetpack_sharing_enabled":true,"jetpack_shortlink":"https:\/\/wp.me\/P6RZnX-wh","_links":{"self":[{"href":"https:\/\/wp.ufpel.edu.br\/fisica-licenciatura\/wp-json\/wp\/v2\/pages\/2001","targetHints":{"allow":["GET"]}}],"collection":[{"href":"https:\/\/wp.ufpel.edu.br\/fisica-licenciatura\/wp-json\/wp\/v2\/pages"}],"about":[{"href":"https:\/\/wp.ufpel.edu.br\/fisica-licenciatura\/wp-json\/wp\/v2\/types\/page"}],"author":[{"embeddable":true,"href":"https:\/\/wp.ufpel.edu.br\/fisica-licenciatura\/wp-json\/wp\/v2\/users\/1147"}],"replies":[{"embeddable":true,"href":"https:\/\/wp.ufpel.edu.br\/fisica-licenciatura\/wp-json\/wp\/v2\/comments?post=2001"}],"version-history":[{"count":5,"href":"https:\/\/wp.ufpel.edu.br\/fisica-licenciatura\/wp-json\/wp\/v2\/pages\/2001\/revisions"}],"predecessor-version":[{"id":2146,"href":"https:\/\/wp.ufpel.edu.br\/fisica-licenciatura\/wp-json\/wp\/v2\/pages\/2001\/revisions\/2146"}],"wp:attachment":[{"href":"https:\/\/wp.ufpel.edu.br\/fisica-licenciatura\/wp-json\/wp\/v2\/media?parent=2001"}],"curies":[{"name":"wp","href":"https:\/\/api.w.org\/{rel}","templated":true}]}}